  {"id":10,"date":"2014-04-01T06:12:33","date_gmt":"2014-04-01T06:12:33","guid":{"rendered":"http:\/\/old.cni.md\/?page_id=10"},"modified":"2014-05-06T11:25:50","modified_gmt":"2014-05-06T11:25:50","slug":"despre-noi","status":"publish","type":"page","link":"https:\/\/old.cni.md\/?page_id=10","title":{"rendered":"Despre noi"},"content":{"rendered":"<p>Comisia Na\u0163ional\u0103 de Integritate, prin importan\u0163a obiectului de activitate consacrat, potrivit Legii nr.180 din 19.12.2011, reprezint\u0103 o institu\u0163ie antrenat\u0103  activ \u00een aplicarea standardelor de integritate, a bunelor practici la nivelul administra\u0163iei publice, precum \u015fi la descurajarea comportamentelor care genereaz\u0103 corup\u0163ie \u00een plan administrativ.<br \/>\nPrevederile acelea\u0219i legi, definesc Comisia Na\u0163ional\u0103 de Integritate drept o autoritate public\u0103 autonom\u0103 \u015fi independent\u0103 fa\u0163\u0103 de alte autorit\u0103\u0163i publice, fa\u0163\u0103 de persoane fizice \u015fi juridice, care \u00ee\u015fi exercit\u0103 atribu\u0163iile ce \u00eei s\u00eent date \u00een competen\u0163\u0103 prin Legea nr.1264-XV din 19 iulie 2002 privind declararea \u015fi controlul veniturilor \u015fi al propriet\u0103\u0163ii persoanelor care de\u0163in o func\u0163ie de demnitate public\u0103, judec\u0103torilor,procurorilor, func\u0163ionarilor publici \u015fi a unor persoane cu func\u0163ie de conducere \u015fi prin Legea nr.16-XVI din 15 februarie 2008 cu privire la conflictul de interese.<br \/>\nReie\u0219din din acestea, Comisia are drept obiectiv implementarea mecanismului de verificare \u015fi de control al declara\u0163iilor cu privire la venituri \u015fi proprietate ale persoanelor care de\u0163in o func\u0163ie de demnitate public\u0103, ale judec\u0103torilor, procurorilor, func\u0163ionarilor publici \u015fi ale unor persoane cu func\u0163ie de conducere \u015fi al declara\u0163iilor de interese personale, precum \u015fi a mecanismului de solu\u0163ionare a conflictelor de interese, ac\u0163ion\u00eend conform principiilor legalit\u0103\u0163ii, impar\u0163ialit\u0103\u0163ii, independen\u0163ei, celerit\u0103\u0163ii, ale dreptului la ap\u0103rare \u015fi ale bunei administr\u0103ri.<\/p>","protected":false},"excerpt":{"rendered":"<p>Comisia Na\u0163ional\u0103 de Integritate, prin importan\u0163a obiectului de activitate consacrat, potrivit Legii nr.180 din 19.12.2011, reprezint\u0103 o institu\u0163ie antrenat\u0103 activ \u00een aplicarea standardelor de integritate, a bunelor practici la nivelul [&hellip;]<\/p>\n","protected":false},"author":1,"featured_media":0,"parent":0,"menu_order":0,"comment_status":"open","ping_status":"open","template":"","meta":{"footnotes":"","_links_to":"","_links_to_target":""},"class_list":["post-10","page","type-page","status-publish","hentry"],"_links":{"self":[{"href":"https:\/\/old.cni.md\/index.php?rest_route=\/wp\/v2\/pages\/10","targetHints":{"allow":["GET"]}}],"collection":[{"href":"https:\/\/old.cni.md\/index.php?rest_route=\/wp\/v2\/pages"}],"about":[{"href":"https:\/\/old.cni.md\/index.php?rest_route=\/wp\/v2\/types\/page"}],"author":[{"embeddable":true,"href":"https:\/\/old.cni.md\/index.php?rest_route=\/wp\/v2\/users\/1"}],"replies":[{"embeddable":true,"href":"https:\/\/old.cni.md\/index.php?rest_route=%2Fwp%2Fv2%2Fcomments&post=10"}],"version-history":[{"count":4,"href":"https:\/\/old.cni.md\/index.php?rest_route=\/wp\/v2\/pages\/10\/revisions"}],"predecessor-version":[{"id":345,"href":"https:\/\/old.cni.md\/index.php?rest_route=\/wp\/v2\/pages\/10\/revisions\/345"}],"wp:attachment":[{"href":"https:\/\/old.cni.md\/index.php?rest_route=%2Fwp%2Fv2%2Fmedia&parent=10"}],"curies":[{"name":"wp","href":"https:\/\/api.w.org\/{rel}","templated":true}]}}