  {"id":12,"date":"2014-04-01T06:12:42","date_gmt":"2014-04-01T06:12:42","guid":{"rendered":"http:\/\/old.cni.md\/?page_id=12"},"modified":"2014-04-03T17:19:57","modified_gmt":"2014-04-03T17:19:57","slug":"istoria-cni","status":"publish","type":"page","link":"https:\/\/old.cni.md\/?page_id=12","title":{"rendered":"Misiune"},"content":{"rendered":"<p>Comisia Na\u021bional\u0103 de Integritate, constituit\u0103 prin Legea nr.180 din 19.12.2011 care a intrat \u00een vigoare la 1 martie 2012, reprezint\u0103 o autoritate public\u0103 autonom\u0103 \u015fi independent\u0103, una din misiunile de baz\u0103 ale c\u0103reia rezid\u0103 \u00een promovarea \u015fi implementarea politicilor strategice ale statului \u00een vederea reprim\u0103rii fenomenului corup\u021biei, fiind utilizate mecanisme concrete de diminuare a acestui flagel.<\/p>\n<p>\u00cen baza acestei legi, Parlamentul Republicii Moldova, prin Hot\u0103r\u00e2rea nr.145 din 22.06.2012 a desemnat membrii Comisiei, iar prin Hot\u0103r\u00e2rea nr.226 din 25.10.2012 a numit \u00een func\u0163ie \u015fi pre\u015fedintele acesteia.<\/p>\n<p>Cu regularitatea stabilit\u0103 de Legea nr.180 din 19.12.12 Comisia organizeaz\u0103 \u00een fiecare joi \u0219edin\u021be, potrivit rigorilor Legii \u0219edin\u021bele Comisiei sunt publice.<\/p>\n<p>La 12.11.2012 Comisiei i-a fost alocat sediu \u00een blocul nr.1 din str. Alecu Russo din mun. Chi\u015fin\u0103u.<\/p>\n<p>\u00cen vederea realiz\u0103rii atribu\u021biilor consacrate \u015fi sarcinilor \u00eenaintate prin legea, au fost negociate unele contracte de achizi\u021bionare a bunurilor \u015fi echipamentelor de prim\u0103 necesitate.<\/p>\n","protected":false},"excerpt":{"rendered":"<p>Comisia Na\u021bional\u0103 de Integritate, constituit\u0103 prin Legea nr.180 din 19.12.2011 care a intrat \u00een vigoare la 1 martie 2012, reprezint\u0103 o autoritate public\u0103 autonom\u0103 \u015fi independent\u0103, una din misiunile de [&hellip;]<\/p>\n","protected":false},"author":1,"featured_media":0,"parent":10,"menu_order":0,"comment_status":"open","ping_status":"open","template":"","meta":{"footnotes":"","_links_to":"","_links_to_target":""},"class_list":["post-12","page","type-page","status-publish","hentry"],"_links":{"self":[{"href":"https:\/\/old.cni.md\/index.php?rest_route=\/wp\/v2\/pages\/12","targetHints":{"allow":["GET"]}}],"collection":[{"href":"https:\/\/old.cni.md\/index.php?rest_route=\/wp\/v2\/pages"}],"about":[{"href":"https:\/\/old.cni.md\/index.php?rest_route=\/wp\/v2\/types\/page"}],"author":[{"embeddable":true,"href":"https:\/\/old.cni.md\/index.php?rest_route=\/wp\/v2\/users\/1"}],"replies":[{"embeddable":true,"href":"https:\/\/old.cni.md\/index.php?rest_route=%2Fwp%2Fv2%2Fcomments&post=12"}],"version-history":[{"count":3,"href":"https:\/\/old.cni.md\/index.php?rest_route=\/wp\/v2\/pages\/12\/revisions"}],"predecessor-version":[{"id":125,"href":"https:\/\/old.cni.md\/index.php?rest_route=\/wp\/v2\/pages\/12\/revisions\/125"}],"up":[{"embeddable":true,"href":"https:\/\/old.cni.md\/index.php?rest_route=\/wp\/v2\/pages\/10"}],"wp:attachment":[{"href":"https:\/\/old.cni.md\/index.php?rest_route=%2Fwp%2Fv2%2Fmedia&parent=12"}],"curies":[{"name":"wp","href":"https:\/\/api.w.org\/{rel}","templated":true}]}}