  {"id":1380,"date":"2014-12-05T09:10:15","date_gmt":"2014-12-05T09:10:15","guid":{"rendered":"http:\/\/old.cni.md\/?page_id=1380"},"modified":"2015-05-11T07:46:32","modified_gmt":"2015-05-11T07:46:32","slug":"acte-de-constatare-contestate-in-judecata","status":"publish","type":"page","link":"https:\/\/old.cni.md\/?page_id=1380","title":{"rendered":"Acte  de constatare contestate \u00een judecat\u0103"},"content":{"rendered":"<p><\/p>\n<table width=\"552\">\n<tbody>\n<tr>\n<td width=\"178\"><strong><em>Reclamant<\/em><\/strong><\/td>\n<td width=\"159\"><strong><em>Actul contestat privind:<\/em><\/strong><\/td>\n<td width=\"89\"><strong><em>Stadiul de examinare<\/em><\/strong><\/td>\n<td width=\"115\"><strong><em>Instan\u0163a<\/em><\/strong><\/td>\n<\/tr>\n<tr>\n<td width=\"178\">Constantinov Dmitrii, pre\u015fedintele Adun\u0103rii Populare a G\u0103g\u0103uziei<\/td>\n<td width=\"159\">Conflict de interese<\/td>\n<td width=\"89\">\u00cen ordine de apel<\/td>\n<td width=\"115\">Curtea de Apel Chi\u0219in\u0103u<\/td>\n<\/tr>\n<tr>\n<td width=\"178\">Saharneanu Vladimir, Deputat \u00een Parlamentul RM<\/td>\n<td width=\"159\">Incompatibilitatea<\/td>\n<td width=\"89\">\u00cen fond<\/td>\n<td width=\"115\">Judec\u0103toria sect. R\u00ee\u0219cani<\/td>\n<\/tr>\n<tr>\n<td width=\"178\">N\u0103stase Oleg, primar al comunei Regina Maria<\/td>\n<td width=\"159\">Conflict de interese<\/td>\n<td width=\"89\">\u00cen fond<\/td>\n<td width=\"115\">Judec\u0103toria sect. R\u00ee\u0219cani<\/td>\n<\/tr>\n<tr>\n<td width=\"178\">\u0218leahti\u021bchi Mihail, consilier preziden\u021bial<\/td>\n<td width=\"159\">Incompatibilitatea<\/td>\n<td width=\"89\">\u00cen ordine de apel<\/td>\n<td width=\"115\">Curtea de Apel Chi\u0219in\u0103u<\/td>\n<\/tr>\n<tr>\n<td width=\"178\">Begle\u021b Ion, viceprimar al satului Ghidighici<\/td>\n<td width=\"159\">Conflict de interese<\/td>\n<td width=\"89\">\u00cen fond<\/td>\n<td width=\"115\">Judec\u0103toria sect. R\u00ee\u0219cani<\/td>\n<\/tr>\n<tr>\n<td width=\"178\">Novac Ion, primar al satului Co\u015ferni\u0163a<\/td>\n<td width=\"159\">Conflict de interese<\/td>\n<td width=\"89\">\u00cen fond<\/td>\n<td width=\"115\">Judec\u0103toria sect. R\u00ee\u0219cani<\/td>\n<\/tr>\n<tr>\n<td width=\"178\">Catan\u0103 Vasile, \u0219ef adjunct al Direc\u0163iei Ecologice Cahul<\/td>\n<td width=\"159\">Incompatibilitatea<\/td>\n<td width=\"89\">\u00cen fond<\/td>\n<td width=\"115\">Judec\u0103toria sect. R\u00ee\u0219cani<\/td>\n<\/tr>\n<tr>\n<td width=\"178\">Grama Octavian, viceministru al Ministerului S\u0103n\u0103t\u0103\u0163ii<\/td>\n<td width=\"159\">Conflict de interese<\/td>\n<td width=\"89\">\u00cen fond<\/td>\n<td width=\"115\">Judec\u0103toria sect. R\u00ee\u0219cani<\/td>\n<\/tr>\n<tr>\n<td width=\"178\">Bahcivanji Gheorghi, primar al satului Pervomaisc<\/td>\n<td width=\"159\">Conflict de interese<\/td>\n<td width=\"89\">\u00cen fond<\/td>\n<td width=\"115\">Judec\u0103toria sect. R\u00ee\u0219cani<\/td>\n<\/tr>\n<tr>\n<td width=\"178\">Caracuian Gheorghe, primar al ora\u0219ului Ialoveni<\/td>\n<td width=\"159\">Conflict de interese<\/td>\n<td width=\"89\">\u00cen fond<\/td>\n<td width=\"115\">Judec\u0103toria sect. R\u00ee\u0219cani<\/td>\n<\/tr>\n<tr>\n<td width=\"178\">Ghicav\u00eei Victor, pre\u015fedinte al Comitetului Na\u0163ional de Etic\u0103 pe l\u00eeng\u0103 Ministerul S\u0103n\u0103t\u0103\u0163ii<\/td>\n<td width=\"159\">Conflict de interese<\/td>\n<td width=\"89\">\u00cen fond<\/td>\n<td width=\"115\">Judec\u0103toria sect. R\u00ee\u0219cani<\/td>\n<\/tr>\n<tr>\n<td width=\"178\">Gluh Ludmila, specialist resurse umane \u00een cadrul Aparatului pre\u015fedintelui raionului C\u0103u\u015feni<\/td>\n<td width=\"159\">Incompatibilitatea<\/td>\n<td width=\"89\">\u00cen fond<\/td>\n<td width=\"115\">Judec\u0103toria sect. R\u00ee\u0219cani<\/td>\n<\/tr>\n<tr>\n<td width=\"178\">Ivanova Svetlana, secretar al Consiliului comunei Gr\u0103dini\u0163a<\/td>\n<td width=\"159\">Incompatibilitatea<\/td>\n<td width=\"89\">\u00cen fond<\/td>\n<td width=\"115\">Judec\u0103toria sect. R\u00ee\u0219cani<\/td>\n<\/tr>\n<tr>\n<td width=\"178\">Stratan Mihail, direcor al Agen\u021biei pentru Eficien\u0163\u0103 Energetic\u0103<\/td>\n<td width=\"159\">Conflict de interese<\/td>\n<td width=\"89\">\u00een fond<\/td>\n<td width=\"115\">Judec\u0103toria sect. R\u00ee\u0219cani<\/td>\n<\/tr>\n<tr>\n<td width=\"178\">Arapu Anatolie, ministru al Finan\u0163elor<\/td>\n<td width=\"159\">Conflict de interese<\/td>\n<td width=\"89\">\u00een fond<\/td>\n<td width=\"115\">Judec\u0103toria sect. R\u00ee\u0219cani<\/td>\n<\/tr>\n<tr>\n<td width=\"178\">B\u0103n\u0103ruc Eduard, secretar general adjunct al Guvernului<\/td>\n<td width=\"159\">Conflict de interese<\/td>\n<td width=\"89\">\u00cen fond<\/td>\n<td width=\"115\">Judec\u0103toria sect. R\u00ee\u0219cani<\/td>\n<\/tr>\n<tr>\n<td width=\"178\">Tipa Tudor, primarul satului Co\u0219erni\u021ba<\/td>\n<td width=\"159\">Incompatibilitatea<\/td>\n<td width=\"89\">\u00cen fond<\/td>\n<td width=\"115\">Judec\u0103toria Criuleni<\/td>\n<\/tr>\n<tr>\n<td width=\"178\">Maiduc Vladimir, \u0219ef \u00a0al SIS<\/td>\n<td width=\"159\">Incompatibilitatea<\/td>\n<td width=\"89\">\u00cen ordine de apel<\/td>\n<td width=\"115\">Judec\u0103toria\u00a0sect. R\u00ee\u015fcani<\/td>\n<\/tr>\n<tr>\n<td width=\"178\">Toma Iurie, pre\u015fedintele raionului Ungheni<\/td>\n<td width=\"159\">Conflict de interese<\/td>\n<td width=\"89\">\u00cen fond<\/td>\n<td width=\"115\">Judec\u0103toria sect. R\u00ee\u0219cani<\/td>\n<\/tr>\n<tr>\n<td width=\"178\">Ciobanu Constantin, primar al satului Chi\u015felni\u0163a<\/td>\n<td width=\"159\">Conflict de interese<\/td>\n<td width=\"89\">\u00cen fond<\/td>\n<td width=\"115\">Judec\u0103toria sect. R\u00ee\u0219cani<\/td>\n<\/tr>\n<tr>\n<td width=\"178\">S\u0103u Victor, pre\u015fedinte al raionului Soroca<\/td>\n<td width=\"159\">Conflict de interese<\/td>\n<td width=\"89\">\u00cen fond<\/td>\n<td width=\"115\">Judec\u0103toria sect. R\u00ee\u015fcani<\/td>\n<\/tr>\n<tr>\n<td width=\"178\">Pairele Leonid, viceprimar al ora\u0219ului \u015eold\u0103ne\u015fti<\/td>\n<td width=\"159\">Incompatibilitatea<\/td>\n<td width=\"89\">\u00cen fond<\/td>\n<td width=\"115\">Judec\u0103toria\u00a0sect. R\u00ee\u0219cani<\/td>\n<\/tr>\n<tr>\n<td width=\"178\">Gheorghe Netedu, viceprimar al raionului Cimi\u015flia<\/td>\n<td width=\"159\">Incompatibilitatea<\/td>\n<td width=\"89\">\u00cen fond<\/td>\n<td width=\"115\">Judec\u0103toria sect. R\u00ee\u0219cani<\/td>\n<\/tr>\n<tr>\n<td width=\"178\">Duca Gheorghe, pre\u015fedinte al Academiei de Stiin\u0163\u0103 a Moldovei<\/td>\n<td width=\"159\">Conflict de interese<\/td>\n<td width=\"89\">\u00cen fond<\/td>\n<td width=\"115\">Judec\u0103toria sect. R\u00ee\u0219cani<\/td>\n<\/tr>\n<tr>\n<td width=\"178\">Vrabie Ivan, viceprimarul satului H\u00eerbov\u0103\u021b<\/td>\n<td width=\"159\">Incompatibilitatea<\/td>\n<td width=\"89\">\u00cen fond<\/td>\n<td width=\"115\">Judec\u0103toria sect. R\u00ee\u0219cani<\/td>\n<\/tr>\n<tr>\n<td width=\"178\">Mitrofan Mihail, primarul satul Racov\u0103\u021b, raionul Soroca<\/td>\n<td width=\"159\">Conflict de interese<\/td>\n<td width=\"89\">\u00cen fond<\/td>\n<td width=\"115\">Judec\u0103toria sect. R\u00ee\u0219cani<\/td>\n<\/tr>\n<tr>\n<td width=\"178\">Oleg Efrim, ministru al Justi\u021biei<\/td>\n<td width=\"159\">Conflict de interese<\/td>\n<td width=\"89\">\u00cen fond<\/td>\n<td width=\"115\">Judec\u0103toria sect. R\u00ee\u0219cani<\/td>\n<\/tr>\n<tr>\n<td width=\"178\">Svetlana Ivanova, secretar \u00a0al Consiliului comunei Gr\u0103dini\u0163a, raionul C\u0103u\u0219eni<\/td>\n<td width=\"159\">Incompatibilitatea<\/td>\n<td width=\"89\">\u00cen fond<\/td>\n<td width=\"115\">Judec\u0103toria sect. R\u00ee\u0219cani<\/td>\n<\/tr>\n<tr>\n<td width=\"178\">Petru Perju, maior de poli\u021bie<\/td>\n<td width=\"159\">Incompatibilitatea<\/td>\n<td width=\"89\">\u00cen fond<\/td>\n<td width=\"115\">Judec\u0103toria sect. R\u00ee\u0219cani<\/td>\n<\/tr>\n<tr>\n<td width=\"178\">Alexandru Ambros, primar al ora\u0219ului Ungheni<\/td>\n<td width=\"159\">Conflict de interese<\/td>\n<td width=\"89\">\u00cen fond<\/td>\n<td width=\"115\">Judec\u0103toria sect. R\u00ee\u0219cani<\/td>\n<\/tr>\n<tr>\n<td width=\"178\">Iurie Onofriiciuc, primar al ora\u0219ului Vadul lui Vod\u0103<\/td>\n<td width=\"159\">Conflict de interese<\/td>\n<td width=\"89\">\u00cen fond<\/td>\n<td width=\"115\">Judec\u0103toria sect. R\u00ee\u0219cani<\/td>\n<\/tr>\n<tr>\n<td width=\"178\">Ion Lapicus, primar al satului Gura B\u00eecului<\/td>\n<td width=\"159\">Conflict de interese<\/td>\n<td width=\"89\">\u00cen fond<\/td>\n<td width=\"115\">Judec\u0103toria sect. R\u00ee\u0219cani<\/td>\n<\/tr>\n<tr>\n<td width=\"178\">Vladimir Hristescu, ex-vicepre\u0219edinte al raionului Edine\u021b<\/td>\n<td width=\"159\">Incompatibilitatea<\/td>\n<td width=\"89\">\u00cen fond<\/td>\n<td width=\"115\">Judec\u0103toria sect. R\u00ee\u0219cani<\/td>\n<\/tr>\n<tr>\n<td width=\"178\">Popovici Mihail, primar al satului Catran\u00eec, raionul F\u0103le\u0219ti<\/td>\n<td width=\"159\">Conflict de interese<\/td>\n<td width=\"89\">\u00cen fond<\/td>\n<td width=\"115\">Judec\u0103toria sect. R\u00ee\u0219cani<\/td>\n<\/tr>\n<tr>\n<td width=\"178\">Leonid Paierele, viceprimar al ora\u0219ului \u0218old\u0103ne\u0219ti<\/td>\n<td width=\"159\">Incompatibilitatea<\/td>\n<td width=\"89\">\u00cen fond<\/td>\n<td width=\"115\">Judec\u0103toria sect. R\u00ee\u0219cani<\/td>\n<\/tr>\n<tr>\n<td width=\"178\">Dumitru Marchitan, primar al satului Pereni, raionul Rezina<\/td>\n<td width=\"159\">Conflict de interese<\/td>\n<td width=\"89\">\u00cen fond<\/td>\n<td width=\"115\">Judec\u0103toria sect. R\u00ee\u0219cani<\/td>\n<\/tr>\n<\/tbody>\n<\/table>\n<p style=\"text-align: right;\"><strong><em>Actualizat la 11.05.2015<\/em><\/strong><\/p>\n<p><\/p>","protected":false},"excerpt":{"rendered":"<p>Reclamant Actul contestat privind: Stadiul de examinare Instan\u0163a Constantinov Dmitrii, pre\u015fedintele Adun\u0103rii Populare a G\u0103g\u0103uziei Conflict de interese \u00cen ordine de apel Curtea de Apel Chi\u0219in\u0103u Saharneanu Vladimir, Deputat \u00een [&hellip;]<\/p>\n","protected":false},"author":1,"featured_media":0,"parent":119,"menu_order":0,"comment_status":"open","ping_status":"open","template":"","meta":{"footnotes":"","_links_to":"","_links_to_target":""},"class_list":["post-1380","page","type-page","status-publish","hentry"],"_links":{"self":[{"href":"https:\/\/old.cni.md\/index.php?rest_route=\/wp\/v2\/pages\/1380","targetHints":{"allow":["GET"]}}],"collection":[{"href":"https:\/\/old.cni.md\/index.php?rest_route=\/wp\/v2\/pages"}],"about":[{"href":"https:\/\/old.cni.md\/index.php?rest_route=\/wp\/v2\/types\/page"}],"author":[{"embeddable":true,"href":"https:\/\/old.cni.md\/index.php?rest_route=\/wp\/v2\/users\/1"}],"replies":[{"embeddable":true,"href":"https:\/\/old.cni.md\/index.php?rest_route=%2Fwp%2Fv2%2Fcomments&post=1380"}],"version-history":[{"count":13,"href":"https:\/\/old.cni.md\/index.php?rest_route=\/wp\/v2\/pages\/1380\/revisions"}],"predecessor-version":[{"id":2097,"href":"https:\/\/old.cni.md\/index.php?rest_route=\/wp\/v2\/pages\/1380\/revisions\/2097"}],"up":[{"embeddable":true,"href":"https:\/\/old.cni.md\/index.php?rest_route=\/wp\/v2\/pages\/119"}],"wp:attachment":[{"href":"https:\/\/old.cni.md\/index.php?rest_route=%2Fwp%2Fv2%2Fmedia&parent=1380"}],"curies":[{"name":"wp","href":"https:\/\/api.w.org\/{rel}","templated":true}]}}