  {"id":1650,"date":"2015-03-09T06:27:19","date_gmt":"2015-03-09T06:27:19","guid":{"rendered":"http:\/\/old.cni.md\/?page_id=1650"},"modified":"2015-07-24T06:56:07","modified_gmt":"2015-07-24T06:56:07","slug":"intrebari-frecvente","status":"publish","type":"page","link":"https:\/\/old.cni.md\/?page_id=1650","title":{"rendered":"\u00centreb\u0103ri frecvente"},"content":{"rendered":"<p><strong><em>R\u0103spunsurile de mai jos exprim\u0103 doar punctul de vedere al Comisiei Na\u021bionale de Integritate.\u00a0<\/em><\/strong><strong><em>Ele nu angajeaz\u0103 responsabilitatea juridic\u0103 a Comisiei\u00a0<strong>\u0219i nu reprezint\u0103 o interpretare oficial\u0103 \u0219i obligatorie a normelor legale.\u00a0<\/strong>Prin aceast\u0103 rubric\u0103 Comisia urm\u0103re\u0219te scopul de a ajuta subiec\u021bii declar\u0103rii \u00een respectarea\u00a0<strong>cadrului juridic al conflictului de interese, incompatibilit\u0103\u021bii, declar\u0103rii veniturilor \u0219i propriet\u0103\u021bilor.<\/strong><\/em><\/strong><\/p>\n<p><strong>\u00centrebare:<\/strong><strong><br \/>\n<\/strong><em>M\u0103 consider lezat \u00een drepturi ca urmare a unui conflict de interese \u015fi nu sunt de acord cu decizia \u0219efului. Unde m\u0103 pot adresa?<\/em><\/p>\n<p><strong>R\u0103spuns:<\/strong><strong><br \/>\n<\/strong>Func\u0163ionarul este \u00een drept de a se adresa \u00een instan\u0163a de judecat\u0103 pentru a contesta decizia prin care consider\u0103 c\u0103 i-au fost lezate careva drepturi. Dac\u0103 actele juridice \u015fi administrative au fost emise\/adoptate cu \u00eenc\u0103lcarea dispozi\u0163iilor art.9 alin(1) al Legii nr.16-XVI din 15.02.2008 cu privire la conflictul de interese \u2013 acestea sunt lovite de nulitate.<\/p>\n<p>\u00cen cazul, \u00een care func\u021bionarul cunoa\u0219te despre un conflict de interese, acesta va sesiza Comisia Na\u021bional\u0103 de Integritate, abilitat\u0103 cu atribu\u021bia de a constata nerespectarea dispozi\u021biilor legale privind conflictul de interese.<\/p>\n<p><strong>&#8211;&#8211;&#8211;&#8211;&#8211;&#8211;&#8211;&#8211;&#8211;&#8211;&#8211;&#8211;&#8211;&#8211;&#8211;&#8211;&#8211;&#8211;&#8211;&#8211;&#8211;&#8211;&#8211;&#8211;&#8211;&#8211;&#8211;&#8211;&#8211;&#8211;&#8211;&#8211;&#8211;&#8211;&#8211;&#8211;&#8211;&#8211;&#8211;&#8211;&#8211;&#8211;<\/strong><\/p>\n<p><strong>\u00centrebare:<\/strong><strong><br \/>\n<\/strong><em>Sunt angajat al prim\u0103riei din 1998 \u00een func\u0163ia de inginer-cadastral. Fratele meu a\u00a0 fost ales recent Primar al acestei prim\u0103rii. Prevede legea \u00een aceast\u0103 situa\u021bie \u00a0interdic\u021bii?<\/em><\/p>\n<p><strong>R\u0103spuns:<\/strong><strong><br \/>\n<\/strong>Art.26 din Legea nr.158-XVI din 04.07.2008 cu privire la func\u0163ia public\u0103 \u015fi statutul func\u0163ionarului public, prevede un \u0219ir de restric\u021bii \u00een ierarhia func\u021biei publice. Astfel, func\u0163ionarul public nu poate exercita o func\u0163ie public\u0103 \u00een subordinea nemijlocit\u0103 a unei rude directe (p\u0103rinte, frate, sor\u0103, fiu, fiic\u0103) sau a unei rude prin afinitate (so\u0163\/so\u0163ie, p\u0103rinte, frate \u015fi sor\u0103 a so\u0163ului\/so\u0163iei) \u00een cadrul aceleia\u015fi autorit\u0103\u0163i publice, inclusiv \u00een situa\u0163ia \u00een care conduc\u0103torul superior nemijlocit al func\u0163ionarului public are calitatea de persoan\u0103 ce exercit\u0103 func\u0163ie de demnitate public\u0103.<\/p>\n<p>Potrivit alin.(3) \u015fi (4) ale articolului men\u021bionat func\u021bionarul, \u00een termen de 2 luni, va \u00eentreprinde ac\u0163iuni \u00een vederea \u00eencet\u0103rii raporturilor ierarhice nemijlocite. \u00cen caz contrar, acesta se transfer\u0103 \u00eentr-o func\u0163ie care exclude o astfel de subordonare sau este eliberat din func\u0163ia public\u0103 de\u0163inut\u0103 conform articolului 63 alineatul (1) litera h) din Legea vizat\u0103.<\/p>\n<p><strong>&#8211;&#8211;&#8211;&#8211;&#8211;&#8211;&#8211;&#8211;&#8211;&#8211;&#8211;&#8211;&#8211;&#8211;&#8211;&#8211;&#8211;&#8211;&#8211;&#8211;&#8211;&#8211;&#8211;&#8211;&#8211;&#8211;&#8211;&#8211;&#8211;&#8211;&#8211;&#8211;&#8211;&#8211;&#8211;&#8211;&#8211;&#8211;&#8211;&#8211;&#8211;&#8211;<\/strong><\/p>\n<p><strong>\u00centrebare:<\/strong><strong><br \/>\n<\/strong>Sunt angajat al sistemului penitenciar \u00een calitate de specialist, profesor al Centrului Instructiv din cadrul Departmanetului Institu\u021biilor Penitenciare al Ministerului Justi\u021biei. \u00cen leg\u0103tur\u0103 cu faptul ob\u021binerii unui mandat de conslier local \u00een prim\u0103rie, solicit s\u0103-mi comunica\u021bi faptul dac\u0103 \u00eemi pot exercita mandatul de consilier local concomitent fiind angajat al sistemului mai sus men\u021bionat. Totodat\u0103, m-ar interesa care sunt ac\u021biunile legale pe care trebuie s\u0103 le urmez pentru a-mi exercita mandatul de consilier local, rei\u0219ind din situa\u021bia descris\u0103 mai sus?<\/p>\n<p><strong>R\u0103spuns:<\/strong><\/p>\n<p>Baz\u00e2ndu-se pe prevederile art. 19 al Legii nr. 16 din\u00a0 15.02.2008<em>cu privire la conflictul de interese <\/em>\u0219i prevederile alin. (2) art. 4 din Legea nr. 158 din\u00a004.07.2008\u00a0<em>cu privire la func\u0163ia public\u0103 \u015fi statutul func\u0163ionarului public<\/em>, \u021bin\u00e2nd cont de faptul c\u0103 Legea nr. 1036 din\u00a017.12.1996<em>cu privire la sistemul penitenciar<\/em> nu prevede situa\u021bii de incompatibilitate, restric\u021bii sau interdic\u021bii pentru colaboratorii sistemului penitenciar, Comisia deduce c\u0103, \u00een cazul dat, aplicabile sunt prevederile art. 25 al Legii nr. 158 din\u00a004.07.2008<em>cu privire la func\u0163ia public\u0103 \u015fi statutul func\u0163ionarului public<\/em>.<\/p>\n<p>Potrivit alin. alin. (1), (2) ale art. 25 din Legea nr. 158\/2008, nominalizat\u0103, \u201c<em>Calitatea de func\u0163ionar public este incompatibil\u0103 cu orice alt\u0103 func\u0163ie public\u0103 dec\u00eet cea \u00een care a fost numit. Func\u0163ionarul public nu este \u00een drept s\u0103 desf\u0103\u015foare alte activit\u0103\u0163i remunerate: a) \u00een cadrul autorit\u0103\u0163ilor publice\u2026.\u201d.<\/em><\/p>\n<p>Reie\u0219ind din prevederile art. 1 al Codului electoral al RM nr. 1381 din 21.11.1997, calitatea de consilier local constituie func\u021bie public\u0103 eligibil\u0103 \u0219i, respectiv, nimere\u0219te sub inciden\u021ba prevederilor de incompatibilitate vizate de art. 25 al Legii nr. 158\/2008.<\/p>\n<p>A\u0219adar, \u00een vederea respect\u0103rii prevederilor alin. (6) al art. 25 al Legii nr. 158\/2008, Dumneavoastr\u0103 urmeaz\u0103 s\u0103 elimina\u021bi situa\u021bia de incompatibilitate pe parcursul unei luni din momentul apari\u021biei acesteia, \u00een caz contrar risca\u021bi s\u0103 fi\u021bi destituit din func\u021bia public\u0103 cu statut special de\u021binut\u0103 \u00een cadrul sistemului penitenciar.<\/p>","protected":false},"excerpt":{"rendered":"<p>R\u0103spunsurile de mai jos exprim\u0103 doar punctul de vedere al Comisiei Na\u021bionale de Integritate.\u00a0Ele nu angajeaz\u0103 responsabilitatea juridic\u0103 a Comisiei\u00a0\u0219i nu reprezint\u0103 o interpretare oficial\u0103 \u0219i obligatorie a normelor legale.\u00a0Prin [&hellip;]<\/p>\n","protected":false},"author":1,"featured_media":0,"parent":179,"menu_order":0,"comment_status":"open","ping_status":"open","template":"","meta":{"footnotes":"","_links_to":"","_links_to_target":""},"class_list":["post-1650","page","type-page","status-publish","hentry"],"_links":{"self":[{"href":"https:\/\/old.cni.md\/index.php?rest_route=\/wp\/v2\/pages\/1650","targetHints":{"allow":["GET"]}}],"collection":[{"href":"https:\/\/old.cni.md\/index.php?rest_route=\/wp\/v2\/pages"}],"about":[{"href":"https:\/\/old.cni.md\/index.php?rest_route=\/wp\/v2\/types\/page"}],"author":[{"embeddable":true,"href":"https:\/\/old.cni.md\/index.php?rest_route=\/wp\/v2\/users\/1"}],"replies":[{"embeddable":true,"href":"https:\/\/old.cni.md\/index.php?rest_route=%2Fwp%2Fv2%2Fcomments&post=1650"}],"version-history":[{"count":3,"href":"https:\/\/old.cni.md\/index.php?rest_route=\/wp\/v2\/pages\/1650\/revisions"}],"predecessor-version":[{"id":2449,"href":"https:\/\/old.cni.md\/index.php?rest_route=\/wp\/v2\/pages\/1650\/revisions\/2449"}],"up":[{"embeddable":true,"href":"https:\/\/old.cni.md\/index.php?rest_route=\/wp\/v2\/pages\/179"}],"wp:attachment":[{"href":"https:\/\/old.cni.md\/index.php?rest_route=%2Fwp%2Fv2%2Fmedia&parent=1650"}],"curies":[{"name":"wp","href":"https:\/\/api.w.org\/{rel}","templated":true}]}}