  {"id":1847,"date":"2015-04-29T12:33:37","date_gmt":"2015-04-29T12:33:37","guid":{"rendered":"http:\/\/old.cni.md\/?page_id=1847"},"modified":"2024-11-22T09:40:56","modified_gmt":"2024-11-22T09:40:56","slug":"constatarile-comisiei-nationale-de-integritate-2015-2","status":"publish","type":"page","link":"https:\/\/old.cni.md\/?page_id=1847","title":{"rendered":"Constat\u0103rile Comisiei Na\u021bionale de Integritate &#8211; 2015"},"content":{"rendered":"<p><\/p>\n<h2 style=\"font-weight: 500;\"><a style=\"color: #428bca;\" href=\"https:\/\/old.cni.md\/wp-content\/uploads\/2014\/08\/document-icon.png\"><img loading=\"lazy\" decoding=\"async\" class=\"alignleft wp-image-1358\" src=\"https:\/\/old.cni.md\/wp-content\/uploads\/2014\/08\/document-icon-300x300.png\" alt=\"document icon\" width=\"50\" height=\"50\" srcset=\"https:\/\/old.cni.md\/wp-content\/uploads\/2014\/08\/document-icon-300x300.png 300w, https:\/\/old.cni.md\/wp-content\/uploads\/2014\/08\/document-icon-150x150.png 150w, https:\/\/old.cni.md\/wp-content\/uploads\/2014\/08\/document-icon.png 420w\" sizes=\"auto, (max-width: 50px) 100vw, 50px\" \/><\/a><\/h2>\n<p><span style=\"font-weight: bold;\">Aceast\u0103 sec\u021biune face obiect al public\u0103rii constat\u0103rile Comisiei Na\u021bionale de Integritate privind \u00eenc\u0103lcarea regimului juridic al conflictului de interese \u00een anul 2015<\/span><\/p>\n<p>\u00cen conformitate cu prevederile pct.55\u00a0 al Regulamentului Comisiei Na\u021bionale de Integritate, aprobat prin Legea nr. 180 din 19.12.2011, Actul de constatare a conflictului de interese sau a incompatibilit\u0103\u0163ii r\u0103m\u00eene definitiv dup\u0103 expirarea termenului specificat la pct. 54 (<em>15 zile lucr\u0103toare de la data c\u00eend i s-a adus la cuno\u015ftin\u0163\u0103<\/em>\u00a0), \u00een cazul \u00een care nu a fost contestat, sau la data r\u0103m\u00eenerii irevocabile a hot\u0103r\u00eerii judec\u0103tore\u015fti emise ca urmare a examin\u0103rii contesta\u0163iei.<\/p>\n<p>&nbsp;<\/p>\n<p><strong>Iap\u0103r\u0103 Vasile<\/strong>, directorul \u0219colii profesionale or. Criuleni &#8211; <a href=\"https:\/\/old.cni.md\/wp-content\/uploads\/2016\/10\/A-C-IAPARA-CONFLICT-INTERESE-HASURAT-2.docx\">Act de constatare (24 decembrie 2015)<\/a><\/p>\n<p><strong>Tudor Bali\u021bchi<\/strong>, director general al Serviciului Vamal al Republicii Moldova &#8211; <a href=\"https:\/\/old.cni.md\/wp-content\/uploads\/2015\/12\/Act-conflict-de-interese-Balitchi.doc\">Act de constatare (24 decembrie 2015)<\/a><\/p>\n<p><strong>Mihail C\u0103r\u0103ru\u0219<\/strong>, directoru al \u00centreprinderii Municipale pentru Gestionarea Fondului Locativ nr. 3 a Prim\u0103riei mun. Chi\u0219in\u0103u &#8211; <a href=\"https:\/\/old.cni.md\/wp-content\/uploads\/2015\/12\/ACT-conflict-C\u0103r\u0103ru\u0219.doc\">Act de constatare (24 decembrie 2015)<\/a><\/p>\n<p><strong>Valentina Negru\u021ba<\/strong>, specialist \u00een cadrul Direc\u021biei pentru Statistic\u0103 a raionului Orhei &#8211; <a href=\"https:\/\/old.cni.md\/wp-content\/uploads\/2015\/12\/Act-conflict-interese-Negruta.doc\">Act de constatare (24 decembrie 2015)<\/a><\/p>\n<p><strong>Gu\u021ban Valentin<\/strong>, primar al or. Cricova, mun. Chi\u0219in\u0103u &#8211;\u00a0 <a href=\"https:\/\/old.cni.md\/wp-content\/uploads\/2015\/12\/Act_de_constatare_GU\u021aAN_-_CI_-_-_\u043a\u043e\u043f\u0438\u044f.pdf\">Act de constatare (10 decembrie 2015)<\/a><\/p>\n<p><strong>Sergiu Dumbrav\u0103<\/strong>, primar al com. One\u0219ti, raionul H\u00eence\u0219ti &#8211; <a href=\"https:\/\/old.cni.md\/wp-content\/uploads\/2015\/12\/Act-dumbrav\u0103-conflict.doc\">Act de constatare (10 decembrie 2015)<\/a><\/p>\n<p><strong>Andrei Eftodii<\/strong>, \u00a0consultant principal \u00een cadrul Ministerului Transporturilor \u0219i Infrastructurii Drumurilor &#8211; <a href=\"https:\/\/old.cni.md\/wp-content\/uploads\/2015\/09\/Act-de-constatare-EFTODII-CI.pdf\">Act de \u00a0constatare (24 septembrie 2015)<\/a><\/p>\n<p><strong>Andrei Grigori\u021ba<\/strong>, consultant \u00een cadrul Direc\u021biei Juridice a Ministerului Transporturilor \u0219i Infrastructurii Drumurilor &#8211; <a href=\"https:\/\/old.cni.md\/wp-content\/uploads\/2015\/09\/Act-de-constatare-GRIGORITA-CI.pdf\">Act de constatare (24 septembrie 2015)<\/a><\/p>\n<p><strong>Elena Ciobanu<\/strong>, director SA \u201dAeroport Catering\u201d- <a href=\"https:\/\/old.cni.md\/wp-content\/uploads\/2016\/05\/xxA-C-Elena-Ciobanu-CONFLICT-INTERESE.docx\">Act de constatare (10 decembrie 2015)<\/a><\/p>\n<p><strong>Ala S\u00eerbu<\/strong>, ex-director SA \u201dTutun CTC\u201d- <a href=\"https:\/\/old.cni.md\/wp-content\/uploads\/2016\/05\/xAct-conflict-de-interese-Sirbu-Ala.doc\">Act de constatare (29 octombrie 2015)<\/a><\/p>\n<p><strong>Vitalie Iurcu<\/strong>, ex-director SA \u201dMoldtelecom\u201d- <a href=\"https:\/\/old.cni.md\/wp-content\/uploads\/2016\/05\/xAct-conflict-de-interese-Iurcu-Vitalie.doc\">Act de constatare (29 octombrie 2015)<\/a><\/p>\n<p><strong>Iap\u0103r\u0103 Vasile, <\/strong>directorul \u0219colii profesionale or. Criuleni<strong>\u00a0<\/strong>&#8211; <a href=\"https:\/\/old.cni.md\/wp-content\/uploads\/2016\/10\/A-C-IAPARA-CONFLICT-INTERESE-HASURAT-1.docx\">Act de constatare (13 august 2015)<\/a><\/p>\n<p><strong>Daria Arabadji, <\/strong>contabil-\u0219ef \u00een cadrul Prim\u0103riei satului Ro\u0219u, raionul Cahul &#8211; <a href=\"https:\/\/old.cni.md\/wp-content\/uploads\/2015\/08\/AC_Arabadji_Daria_CI_.pdf\">Act de constatare (6 august 2015)<\/a><\/p>\n<p><strong>Dorin Chirtoac\u0103<\/strong>, primar general al Municipiului Chi\u0219in\u0103u &#8211; <a href=\"https:\/\/old.cni.md\/wp-content\/uploads\/2015\/08\/Act-de-constatare-conflict-Chirtoaca-Hasurat.pdf\">Act de constatare (6 august 2015)<\/a><\/p>\n<p><strong>Oleg Miron<\/strong>, director al \u0218colii Profesionale nr.1 din or. Cahul &#8211; <a href=\"https:\/\/old.cni.md\/wp-content\/uploads\/2015\/07\/AC_Miron_Oleg_CI_.pdf\">Act de constatare (30 iulie 2015)<\/a><\/p>\n<p><strong>Iancu \u021aurcanu<\/strong>, \u0219ef al Oficiului Teritorial Chi\u0219in\u0103u al Cancelariei de Stat &#8211; <a href=\"https:\/\/old.cni.md\/wp-content\/uploads\/2015\/08\/Act-conflict-de-interese-Turcanu.pdf\">Act de constatare (30 iulie 2015)<\/a><\/p>\n<p><strong>Dorin Chirtoac\u0103<\/strong>, primar general al municipiului Chi\u0219in\u0103u &#8211; <a href=\"https:\/\/old.cni.md\/wp-content\/uploads\/2015\/08\/Act-interese-personale-Chirtoaca.pdf\">Act de constare (30 iulie 2015)<\/a><\/p>\n<p><strong>Deviza Victor, <\/strong>\u0219eful Penitenciarului nr. 7 ,,Rusca\u201d\u00a0&#8211; <a href=\"https:\/\/old.cni.md\/wp-content\/uploads\/2016\/10\/A-C-DEVIZA-CONFLICT-INTERESE-HASURAT-1.docx\">Act de constatare (16 iulie 2015)<\/a><\/p>\n<p><strong>Bride Stephane Christophe<\/strong>, viceprim-ministru, ministrul Economiei &#8211; <a href=\"https:\/\/old.cni.md\/wp-content\/uploads\/2015\/08\/Act-conflict-de-interese-Bride-Stephane.pdf\">Act de constatare (16 iulie 2015)<\/a><\/p>\n<p><strong>Lidia Foalea<\/strong>, \u0219ef al Direc\u021biei reglementarea contabilit\u0103\u021bii \u0219i audit \u00een sectorul corporativ a Ministerului Finan\u021belor &#8211; <a href=\"https:\/\/old.cni.md\/wp-content\/uploads\/2015\/08\/Act-conflict-de-interese-Foalea-Lidia.pdf\">Act de constatare (16 iulie 2015)<\/a><\/p>\n<p><strong>Oleg\u00a0\u0218oldan<\/strong>, \u0219eful Inspectoratului de poli\u021bie F\u0103le\u0219ti &#8211; <a href=\"https:\/\/old.cni.md\/wp-content\/uploads\/2015\/07\/AC_Soldan_Oleg_CI_.pdf\">Act de constatare (16 iulie 2015)<\/a><\/p>\n<p><strong>Arcadie Andronic<\/strong>, director general al Centrului Expozi\u021bional ,,Moldexpo\u201d &#8211; <a href=\"https:\/\/old.cni.md\/wp-content\/uploads\/2015\/07\/Andronic-CI.pdf\">Act de constatare (16 iulie 2015)<\/a><\/p>\n<p><strong>Eduard \u0218i\u0219ianu,<\/strong> \u0219eful adjunct al Penitenciarului nr.1 &#8211; Taraclia &#8211; <a href=\"https:\/\/old.cni.md\/wp-content\/uploads\/2015\/07\/AC_Sisianu_Eduard_CI_.pdf\">Act de constatare (9 iulie 2015)\u00a0<\/a><\/p>\n<p><strong>Veaceslav Frunze<\/strong>, administrator al \u00ce.S. ,,MoldATSA\u201d- <a href=\"https:\/\/old.cni.md\/wp-content\/uploads\/2015\/08\/Frunze-CI.pdf\">Act de constatare (9 iulie 2015)<\/a><\/p>\n<p><strong>Lilia Moraru<\/strong>, specialist superior al Sec\u021biei inspectare \u0219i evaluare a Direc\u021biei \u00cenv\u0103\u021b\u0103m\u00eent Cahul &#8211; <a href=\"https:\/\/old.cni.md\/wp-content\/uploads\/2015\/09\/Act-de-constatare-MORARU-IP.pdf\">Act de constatare (9 iulie 2015)<\/a><\/p>\n<p><strong>Naduli\u0219neac Valentina, <\/strong>primarul sat. R\u0103c\u0103ria, r-l R\u00ee\u0219cani &#8211; <a href=\"https:\/\/old.cni.md\/wp-content\/uploads\/2016\/10\/AC-NADULISNEAC-CONFLICT-INTERESE-HASURAT.docx\">Act de constatare (30 iunie 2015)<\/a><\/p>\n<p><strong>Serafim Urechean<\/strong>, pre\u0219edinte al Cur\u021bii de Conturi &#8211; <a href=\"https:\/\/old.cni.md\/wp-content\/uploads\/2015\/09\/Act-de-constatare-Urechean-Hasurat.pdf\">Act de constatare (18 iunie 2015)<\/a><\/p>\n<p><strong>Vasile Bumacov<\/strong>, ex-ministru al Agriculturii \u0219i Industriei Alimentare &#8211; <a href=\"https:\/\/old.cni.md\/wp-content\/uploads\/2015\/06\/Act-de-constatare-conflict-Bumacov-Hasurat.pdf\">Act de constatare (4 iunie 2015)<\/a><\/p>\n<p><strong>Victor Osta\u0219ov<\/strong>, directorul \u0218colii profesionale nr.4 din mun. Chi\u0219in\u0103u &#8211; <a href=\"https:\/\/old.cni.md\/wp-content\/uploads\/2015\/07\/AC_Ostasov_Victor_CI.pdf\">Act de constatare (4 iunie 2015)<\/a><\/p>\n<p><strong>Alexandru Bujor<\/strong>, directorul \u00centreprinderii de stat silvice \u201eSoroca\u201d &#8211;<a href=\"https:\/\/old.cni.md\/wp-content\/uploads\/2015\/07\/AC_Bujor_Alexandru_CI_administrator.pdf\"> Act de constatare (4 iunie 2015)<\/a><\/p>\n<p><strong>Boris Curo\u0219<\/strong>, directorul \u00centreprinderii de stat Rezerva\u021bia natural\u0103 \u201ePlaiul Fagului\u201d\u00a0&#8211; <a href=\"https:\/\/old.cni.md\/wp-content\/uploads\/2015\/07\/AC_Curos_Boris_CI.pdf\">Act de constatare (4 iunie 2015)<\/a><\/p>\n<p><strong>Valentina Guma<\/strong>, \u00a0director al gr\u0103dini\u021bei cre\u0219\u0103 \u201dR\u00eendunica\u201d din \u00a0satul G\u0103uzeni, raionul \u0218old\u0103ne\u0219ti &#8211; <a href=\"https:\/\/old.cni.md\/wp-content\/uploads\/2015\/07\/AC_Guma_Valentina_CI.pdf\">Act de constatare (28 mai 2015)<\/a><\/p>\n<p><strong>Elena Placint\u0103<\/strong>, director-interimar al IMSP (Institu\u021bie Medico-Sanitar\u0103 Public\u0103) \u201dCentrul de S\u0103n\u0103tate Sofia\u201d &#8211; <a href=\"https:\/\/old.cni.md\/wp-content\/uploads\/2015\/06\/Act-de-constatare-PLACINTA-CI.pdf\">Act de constatare (21 mai 2015)<\/a><\/p>\n<p><strong>Nelea Berezovscaia<\/strong>, directorul institu\u021biei publice liceului teoretic \u201dMihai Viteazul\u201d &#8211; <a href=\"https:\/\/old.cni.md\/wp-content\/uploads\/2015\/07\/AC_Berezovscaia_Nelea_CI_director.pdf\">Actul de constatare (21 mai 2015)<\/a><\/p>\n<p><strong>Valentin Berezovschi<\/strong>, \u00a0director al liceului teoretic \u201dMihail Berezovschi\u201d &#8211; <a href=\"https:\/\/old.cni.md\/wp-content\/uploads\/2015\/07\/AC_Berzovschi_Valentin_CI.pdf\">Act de constatare (21 mai 2015)<\/a><\/p>\n<p><strong><strong>Eugeniu Cernogal<\/strong>, <\/strong>specialist principal al Agen\u021biei de Interven\u021bie \u0219i Pl\u0103\u021bi \u00een Agricultur\u0103 &#8211; <a href=\"https:\/\/old.cni.md\/wp-content\/uploads\/2015\/06\/Act-de-constatare-conflict-Cernogal-hasurat.pdf\">Act de constatare (14 mai 2015)<\/a><\/p>\n<p><strong>Adrian Popa<\/strong>, \u0219ef al Direc\u021biei autorizare pl\u0103\u021bi din cadrul Agen\u021biei de Interven\u021bie \u0219i Pl\u0103\u021bi pentru Agricultur\u0103 &#8211; <a href=\"https:\/\/old.cni.md\/wp-content\/uploads\/2015\/07\/Act-conflict-de-interese-Popa.pdf\">Act de constatare (14 mai 2015)<\/a><\/p>\n<p><strong>Maria Cule\u015fov<\/strong>, directorul Agen\u021biei de Dezvoltare Regional\u0103 Sud &#8211; <a href=\"https:\/\/old.cni.md\/wp-content\/uploads\/2015\/07\/AC_Culesov_Maria_CI.pdf\">Act de constatare (14 mai 2015)\u00a0<\/a><\/p>\n<p><strong>Marin Ciobanu<\/strong>, primarul satului Tochile-R\u0103ducani, raionul Leova &#8211; <a href=\"https:\/\/old.cni.md\/wp-content\/uploads\/2015\/08\/A-C-CIOBANU-CONFLICT-INTERESE-HASURAT.pdf\">Act de constatare (14 mai 2015)<\/a><\/p>\n<p><strong>Anatolie F\u0103tu, <\/strong>director al \u00centreprinderii de stat pentru silvicultur\u0103 \u201dB\u0103l\u021bi\u201d &#8211; <a href=\"https:\/\/old.cni.md\/wp-content\/uploads\/2015\/05\/19_AC_Fatu_CI_.pdf\">Act de constatare (7 mai 2015)<\/a><\/p>\n<p><strong>Dumitru Berov,<\/strong> primar al satului Alexanderfeld, raionul Cahul &#8211; <a href=\"https:\/\/old.cni.md\/wp-content\/uploads\/2015\/06\/Act-de-constatare-Berov-conflict.pdf\">Act de constatare (7 mai 2015)<\/a><\/p>\n<p><strong>Gheorghe R\u0103ileanu, <\/strong>primarul ora\u0219ului Cimi\u0219lia &#8211;<a href=\"https:\/\/old.cni.md\/wp-content\/uploads\/2015\/05\/A-C-RAILEANU-CONFLICT-INTERESE-HASURAT.pdf\">Act de constatare (30 aprilie 2015)<\/a><\/p>\n<p><strong>Petru Comendant<\/strong>, \u00a0primarul comunei Cotiujenii Mari, raionul \u0218old\u0103ne\u0219ti &#8211;<a href=\"https:\/\/old.cni.md\/wp-content\/uploads\/2015\/05\/A-C-COMENDANT-CONFLICT-INTERESE-HASURAT.pdf\"> Act de constatare (30 aprilie 2015)<\/a><\/p>\n<p><strong>Ivan\u00a0Burgudji<\/strong>, pre\u0219edintele comisiei permanente \u0219i deputat \u00een Adunarea Popular\u0103 a unit\u0103\u021bii teritoriale autonome G\u0103g\u0103uzia &#8211; <a href=\"https:\/\/old.cni.md\/wp-content\/uploads\/2015\/08\/A-C-BURGUDJI-CONFLICT-INTERESE-HASURAT.pdf\">Act de constatare (30 aprilie 2015)<\/a><\/p>\n<p><strong>Constantin Pelivan<\/strong>, directorul \u00centreprinderii silvo-cinegetc\u0103 Sil-R\u0103zeni &#8211; <a href=\"https:\/\/old.cni.md\/wp-content\/uploads\/2015\/04\/12_AC_Pelivan_CI_.pdf\">Act de constatare (16 aprilie 2015)<\/a><\/p>\n<p><strong>Ion Be\u021bi\u0219or<\/strong>, primarul comunei Cuhne\u0219ti, r-l Glodeni <a href=\"https:\/\/old.cni.md\/wp-content\/uploads\/2015\/05\/A-C-BETISOR-CONFLICT-INTERESE.pdf\">&#8211; Act de constatare (16 aprilie 2015)<\/a><\/p>\n<p><strong>Iliescu Vasile<\/strong>, director al \u00centreprinderii pentru silvicultur\u0103 \u201dTelene\u0219ti\u201d &#8211; <a href=\"https:\/\/old.cni.md\/wp-content\/uploads\/2015\/07\/AC_Iliescu_Vasile_CI.pdf\">Act de constatare (16 aprilie 2015)<\/a><\/p>\n<p><strong>Elena \u021aaulean<\/strong>, directorul liceului teoretic \u201dToader Bubuiog\u201d-\u00a0<a href=\"https:\/\/old.cni.md\/wp-content\/uploads\/2015\/04\/4_AC_Taulean_CI_.pdf\">Act de constatare ( 2 aprilie 2015)<\/a><\/p>\n<p><strong>Ion Terentii<\/strong>, primarul com. Jora de Mijloc, r-l Orhei &#8211; <a href=\"https:\/\/old.cni.md\/wp-content\/uploads\/2015\/05\/A-C-TERENTII-ION-CONFLICT-INTERESE-HASURAT.pdf\">Act de constatare (2 aprilie 2015)<\/a><\/p>\n<p><strong>Petru Rotaru<\/strong>, \u0219eful Direc\u021biei Fond Forestier, Arii Protejate, Paz\u0103 \u0219i Protec\u021bie al Agen\u021biei ,,Moldsilva\u201d\u00a0&#8211;<a href=\"https:\/\/old.cni.md\/wp-content\/uploads\/2015\/08\/A-C-ROTARU-CONFLICT-INTERESE-HASURAT.pdf\"> Act de constatare ( 2 aprilie 2015)<\/a><\/p>\n<p><strong>Victoria Covali<\/strong>, consultantul Serviciului regener\u0103ri, paz\u0103, protec\u021bia, protec\u021bia p\u0103durii \u0219i gospod\u0103ria cinegetic\u0103, din cadrul Agen\u021biei \u201dMoldsilva\u201d &#8211; <a href=\"https:\/\/old.cni.md\/wp-content\/uploads\/2015\/04\/11_AC_Covali_CI.pdf\">Act de constatare (26 martie 2015)<\/a><\/p>\n<p><strong>Ion Platon<\/strong>, vicedirectorul general al Agen\u021biei \u201dMoldsilva\u201d- <a href=\"https:\/\/old.cni.md\/wp-content\/uploads\/2015\/07\/14_AC_Platon_CI.pdf\">Act de constatare (19 martie 2015)<\/a><\/p>\n<p><strong>Alexei Rogov, <\/strong>administratorul \u00centreprinderii de Stat ,,Moldaeroservice\u201d &#8211; <a href=\"https:\/\/old.cni.md\/wp-content\/uploads\/2015\/05\/A-C-ROGOV-CONFLICT-INTERESE-2-HASURAT.pdf\">Act de constatare (12 martie 2015)<\/a><\/p>\n<p><strong>Emilia\u00a0Ciobanu<\/strong>, \u0219eful Direc\u021biei Asisten\u021b\u0103 Social\u0103, Protec\u021bia Familiei \u0219i Copilului din raionul F\u0103le\u0219ti &#8211; <a href=\"https:\/\/old.cni.md\/wp-content\/uploads\/2015\/07\/AC_Ciobanu-Emilia_CI_.pdf\">Act de constatare (12 martie 2015)<\/a><\/p>\n<p><strong>Anatolie Zavali\u0219ca<\/strong>, primarul sat. Slobozia, r-l \u0218tefan Vod\u0103\u00a0\u00a0&#8211; <a href=\"https:\/\/old.cni.md\/wp-content\/uploads\/2015\/05\/A-C-ZAVALISCA-CONFLICT-INTERESE-2-HASURAT.pdf\">Act de constatare ( 10 martie 2015)<\/a><\/p>\n<p><strong>Dumitru Marchitan<\/strong>, primar al s. Pereni, r-nul Rezina &#8211; <a href=\"https:\/\/old.cni.md\/wp-content\/uploads\/2015\/05\/Act-de-constatare-Marchiatn-CI.pdf\">Act de constatare (10 martie 2015)<\/a><\/p>\n<p><strong>Chiril Co\u015feru<\/strong>, directorul \u00centreprinderii de stat pentru silvicultur\u0103 C\u0103l\u0103ra\u0219i &#8211; <a href=\"https:\/\/old.cni.md\/wp-content\/uploads\/2015\/04\/10_AC_Coseru_CI.pdf\">Act de constatare (19 februarie 2015)<\/a><\/p>\n<p><strong>Nicolae Ciubuc<\/strong>, director adjunct al Agen\u021biei de Interven\u021bii \u0219i Pl\u0103\u021bi pentru Agricultur\u0103 &#8211;<a href=\"https:\/\/old.cni.md\/wp-content\/uploads\/2015\/05\/Act-de-constatare-Ciubuc-Nicolae-conflict-de-interese.pdf\">\u00a0Act de constatare (19 februarie 2015)<\/a><\/p>\n<p><strong>Igor Gamre\u0163ki<\/strong>, \u015fef interimar al Direc\u0163iei generale transport public \u015fi c\u0103i de comunica\u0163ii a Prim\u0103riei mun. Chi\u015fn\u0103u &#8211; <a href=\"https:\/\/old.cni.md\/wp-content\/uploads\/2015\/04\/Act-conflict-Gamretki.pdf\">Act de constatare (12 februarie 2015)<\/a><\/p>\n<p><strong>Dorel Iurcu<\/strong>, \u00a0primarul com. Horodi\u0219te, r-nul Rezina &#8211; <a href=\"https:\/\/old.cni.md\/wp-content\/uploads\/2015\/05\/AC-Iurcu-CI1.pdf\">Act de constatare (5 februarie 2015)<\/a><\/p>\n<p><strong>Danu Dumitru<\/strong>, Director al Colegiului de Ecologie &#8211; <a href=\"https:\/\/old.cni.md\/wp-content\/uploads\/2015\/05\/Act-de-constatare-conflict-Danu-Hasurat.pdf\">Act de constatare (5 februarie 2015)<\/a><\/p>\n<p><strong>Oleg Efrim<\/strong>, ministru al Justi\u021biei &#8211; <a href=\"https:\/\/old.cni.md\/wp-content\/uploads\/2015\/05\/Act-de-constatare-conflict-Efrim-Hasurat.pdf\">Act de constatare (5 februarie 2015)<\/a><\/p>\n<p><strong>Sergiu Nesteriuc<\/strong>, administrator al \u00centreprinderii Municipale (\u00ce.M.) \u201dServicom-Petre\u0219ti\u201d &#8211; <a href=\"https:\/\/old.cni.md\/wp-content\/uploads\/2015\/05\/Act-de-constatare-NESTERIUC-CI.pdf\">Act de constatare (5 februarie 2015)<\/a><\/p>\n<p><strong>Ecaterina Cabac<\/strong>, directorul gr\u0103dini\u021bei pentru copii din satul H\u0103n\u0103seni, raionul Cantemir &#8211; <a href=\"https:\/\/old.cni.md\/wp-content\/uploads\/2015\/08\/A-C-CABAC-CONFLICT-INTERESE-HASURAT.pdf\">Act de constatare (29 ianuarie 2015)<\/a><\/p>\n<p><strong>Eleonora Goncear<\/strong>, directorul liceului teoretic ,,Iulia Ha\u0219deu\u201d &#8211; <a href=\"https:\/\/old.cni.md\/wp-content\/uploads\/2015\/05\/A-C-GONCEAR-CONFLICT-INTERESE-HASURAT.pdf\">Act de constatare (22 ianuarie 2015)<\/a><\/p>\n<p><strong>Anatolie Zavali\u0219ca<\/strong>, primarul sat. Slobozia, r-l \u0218tefan Vod\u0103\u00a0\u00a0&#8211;\u00a0<a href=\"https:\/\/old.cni.md\/wp-content\/uploads\/2015\/05\/A-C-ZAVALISCA-CONFLICT-INTERESE-HASURAT.pdf\">Act de constatare ( 22 ianuarie 2015)<\/a><\/p>\n<p><strong>Petru Maleru,<\/strong> director al Agen\u021biei de Interven\u021bii \u0219i Pl\u0103\u021bi pentru Agricultur\u0103 &#8211; <a href=\"https:\/\/old.cni.md\/wp-content\/uploads\/2015\/05\/Act-interese-personale-Maleru.pdf\">Act de constatare (22 ianuarie 2015)<\/a><\/p>\n<p><strong>Adrian Popa<\/strong>, \u0219ef al Direc\u021biei autorizare pl\u0103\u021bi din cadrul Agen\u021biei de Interven\u021bie \u0219i Pl\u0103\u021bi pentru Agricultur\u0103 &#8211; <a href=\"https:\/\/old.cni.md\/wp-content\/uploads\/2015\/05\/Act-interese-personale-Popa.pdf\">Act de constatare (22 ianuarie 2015)<\/a><\/p>\n<p><strong>Oleg Melniciuc<\/strong>, pre\u0219edintele Judec\u0103toriei sectorului R\u00ee\u0219cani &#8211; <a href=\"https:\/\/old.cni.md\/wp-content\/uploads\/2015\/06\/Act-de-constatare-conflict-Melniciuc-Hasurat.pdf\">Act de constatare (22 ianuarie 2015)<\/a><\/p>","protected":false},"excerpt":{"rendered":"<p>Aceast\u0103 sec\u021biune face obiect al public\u0103rii constat\u0103rile Comisiei Na\u021bionale de Integritate privind \u00eenc\u0103lcarea regimului juridic al conflictului de interese \u00een anul 2015 \u00cen conformitate cu prevederile pct.55\u00a0 al Regulamentului Comisiei [&hellip;]<\/p>\n","protected":false},"author":1,"featured_media":0,"parent":233,"menu_order":0,"comment_status":"open","ping_status":"open","template":"","meta":{"footnotes":"","_links_to":"","_links_to_target":""},"class_list":["post-1847","page","type-page","status-publish","hentry"],"_links":{"self":[{"href":"https:\/\/old.cni.md\/index.php?rest_route=\/wp\/v2\/pages\/1847","targetHints":{"allow":["GET"]}}],"collection":[{"href":"https:\/\/old.cni.md\/index.php?rest_route=\/wp\/v2\/pages"}],"about":[{"href":"https:\/\/old.cni.md\/index.php?rest_route=\/wp\/v2\/types\/page"}],"author":[{"embeddable":true,"href":"https:\/\/old.cni.md\/index.php?rest_route=\/wp\/v2\/users\/1"}],"replies":[{"embeddable":true,"href":"https:\/\/old.cni.md\/index.php?rest_route=%2Fwp%2Fv2%2Fcomments&post=1847"}],"version-history":[{"count":62,"href":"https:\/\/old.cni.md\/index.php?rest_route=\/wp\/v2\/pages\/1847\/revisions"}],"predecessor-version":[{"id":4861,"href":"https:\/\/old.cni.md\/index.php?rest_route=\/wp\/v2\/pages\/1847\/revisions\/4861"}],"up":[{"embeddable":true,"href":"https:\/\/old.cni.md\/index.php?rest_route=\/wp\/v2\/pages\/233"}],"wp:attachment":[{"href":"https:\/\/old.cni.md\/index.php?rest_route=%2Fwp%2Fv2%2Fmedia&parent=1847"}],"curies":[{"name":"wp","href":"https:\/\/api.w.org\/{rel}","templated":true}]}}