  {"id":1851,"date":"2015-04-29T12:34:59","date_gmt":"2015-04-29T12:34:59","guid":{"rendered":"http:\/\/old.cni.md\/?page_id=1851"},"modified":"2016-05-27T13:21:26","modified_gmt":"2016-05-27T13:21:26","slug":"constatarile-comisiei-nationale-de-integritate-2015-3","status":"publish","type":"page","link":"https:\/\/old.cni.md\/?page_id=1851","title":{"rendered":"Constat\u0103rile Comisiei Na\u021bionale de Integritate &#8211; 2015"},"content":{"rendered":"<p><\/p>\n<h2 style=\"font-weight: 500;\"><a style=\"color: #428bca;\" href=\"https:\/\/old.cni.md\/wp-content\/uploads\/2014\/08\/document-icon.png\"><img loading=\"lazy\" decoding=\"async\" class=\"alignleft wp-image-1358\" src=\"https:\/\/old.cni.md\/wp-content\/uploads\/2014\/08\/document-icon-300x300.png\" alt=\"document icon\" width=\"50\" height=\"50\" srcset=\"https:\/\/old.cni.md\/wp-content\/uploads\/2014\/08\/document-icon-300x300.png 300w, https:\/\/old.cni.md\/wp-content\/uploads\/2014\/08\/document-icon-150x150.png 150w, https:\/\/old.cni.md\/wp-content\/uploads\/2014\/08\/document-icon.png 420w\" sizes=\"auto, (max-width: 50px) 100vw, 50px\" \/><\/a><\/h2>\n<p><span style=\"font-weight: bold;\">Aceast\u0103 sec\u021biune face obiect al public\u0103rii constat\u0103rile Comisiei Na\u021bionale de Integritate privind \u00eenc\u0103lcarea regimului juridic al\u00a0incompatibilit\u0103\u021bilor \u00een 2015<\/span><\/p>\n<p>\u00cen conformitate cu prevederile pct.55\u00a0 al Regulamentului Comisiei Na\u021bionale de Integritate, aprobat prin Legea nr. 180 din 19.12.2011, Actul de constatare a conflictului de interese sau a incompatibilit\u0103\u0163ii r\u0103m\u00eene definitiv dup\u0103 expirarea termenului specificat la pct. 54 (<em>15 zile lucr\u0103toare de la data c\u00eend i s-a adus la cuno\u015ftin\u0163\u0103<\/em>), \u00een cazul \u00een care nu a fost contestat, sau la data r\u0103m\u00eenerii irevocabile a hot\u0103r\u00eerii judec\u0103tore\u015fti emise ca urmare a examin\u0103rii contesta\u0163iei.<\/p>\n<p><strong>Tudor Bali\u021bchi<\/strong>, director general al Serviciului Vamal al Republicii Moldova &#8211; <a href=\"https:\/\/old.cni.md\/wp-content\/uploads\/2015\/12\/Act-incompatibilitate-Balitchi.doc\">Act de constatare (24 decembrie 2015)<\/a><\/p>\n<p><strong>Violeta Andrie\u0219<\/strong>, controlor de stat principal \u00een cadrul Cur\u021bii de Conturi a Republicii Moldova &#8211; <a href=\"https:\/\/old.cni.md\/wp-content\/uploads\/2015\/12\/Act-de-constatare-ANDRIES-I.doc\">Act de constatare (17 decembrie 2015)<\/a><\/p>\n<p><strong>Valentina Negru\u021ba<\/strong>, specialist \u00een cadrul Direc\u021biei pentru Statistic\u0103 a raionului Orhei &#8211; <a href=\"https:\/\/old.cni.md\/wp-content\/uploads\/2015\/12\/Act-incompatibilitate-Negruta.doc\">Act de constatare (17 decembrie 2015)<\/a><\/p>\n<p><strong>Gabriela Ciumac, <\/strong>\u0219ef al Direc\u021biei rela\u021bii externe, cooperare regional\u0103 \u0219i integrare european\u0103 a Prim\u0103riei mun. Chi\u0219in\u0103u &#8211; <a href=\"https:\/\/old.cni.md\/wp-content\/uploads\/2015\/12\/Act_CIUMAK-incom.doc\">Act de constatare (17 decembrie 2015)<\/a><\/p>\n<p><strong>Victor Jereghi<\/strong>, primar al s. Bulboaca, r-nul Anenii Noi &#8211; <a href=\"https:\/\/old.cni.md\/wp-content\/uploads\/2015\/12\/Act-de-constatare-Jereghi.doc\">Act de constatare (26 noiembrie 2015)<\/a><\/p>\n<p><strong>Elena Belei<\/strong>, \u0219ef al Cabinetului ministrului Justi\u021biei &#8211; <a href=\"https:\/\/old.cni.md\/wp-content\/uploads\/2015\/12\/Act-incompatibilitate-Belei.doc\">Act de constatare (26 noiembrie 2015)<\/a><\/p>\n<p><strong>Constantin Cachi\u021ba<\/strong>, \u0219ef al Direc\u021biei contencios din cadrul Direc\u021biei Generale Agent Guvernamental a Ministerului Justi\u021biei &#8211; <a href=\"https:\/\/old.cni.md\/wp-content\/uploads\/2015\/12\/Act-incompatibilitate-Cachita.doc\">Act de constatare (29 octombrie 2015)<\/a><\/p>\n<p><strong>Victor Reznic<\/strong>, \u0219ef al Inspectoratului Fiscal de Stat Ungheni &#8211; <a href=\"https:\/\/old.cni.md\/wp-content\/uploads\/2015\/09\/Act-de-constatare-REZNIC-I.pdf\">Act de constatare (10 septembrie 2015)<\/a><\/p>\n<p><strong>Lilia Moraru<\/strong>, specialist superior al Sec\u021biei inspectare \u0219i evaluare a Direc\u021biei \u00cenv\u0103\u021b\u0103m\u00eent Cahul &#8211; <a href=\"https:\/\/old.cni.md\/wp-content\/uploads\/2015\/09\/Act-de-constatare-MORARU-I.pdf\">Act de constatare (9 iulie 2015)<\/a><\/p>\n<p><strong>Cristina R\u00eemari<\/strong>, procuror \u00een cadrul Procuraturii municipiului B\u0103l\u021bi &#8211; <a href=\"https:\/\/old.cni.md\/wp-content\/uploads\/2015\/09\/Act-de-constatare-Rimari.pdf\">Act de constatare ( 9 iulie 2015)<\/a><\/p>\n<p><strong>Vladimir Hotineanu<\/strong>, deputat \u00een Parlamentul Republicii Moldova &#8211; <a href=\"https:\/\/old.cni.md\/wp-content\/uploads\/2015\/06\/Act-de-constatare-Hotineanu-INC.pdf\">Act de constatare (28 mai 2015)<\/a><\/p>\n<p><strong>Vitalie C\u0103lug\u0103reanu<\/strong>, \u00a0ofi\u021ber principal de investiga\u021bie \u00een cadrul Inspectoratului Na\u021bional de Investiga\u021bie a IGP &#8211;<a href=\"https:\/\/old.cni.md\/wp-content\/uploads\/2015\/06\/Act-de-constatare-CALUGAREANU-I.pdf\"> Act de constatare (21 mai 2015)<\/a><\/p>\n<p><strong>Boris Ivasi<\/strong>, vicepre\u0219edinte al raionului Soroca &#8211; <a href=\"https:\/\/old.cni.md\/wp-content\/uploads\/2015\/06\/Act-de-constatare-IVASI-incom.pdf\">Act de constatare (21 mai 2015)<\/a><\/p>\n<p><strong>Dumitru Berov<\/strong>, primar al satului Alexanderfeld, raionul Cahul &#8211; <a href=\"https:\/\/old.cni.md\/wp-content\/uploads\/2015\/06\/Act-de-constatare-Berov-incompatibil.pdf\">Act de constatare (7 mai 2015)<\/a><\/p>\n<p><strong>Ghenadie Astrahan<\/strong>, \u0219ef de direc\u021bie \u00een cadrul Departamentului Poli\u021biei de Frontier\u0103 &#8211; <a href=\"https:\/\/old.cni.md\/wp-content\/uploads\/2015\/07\/Act-incompatibilitate-Astrahan.pdf\">Act de constatare (7 mai 2015)<\/a><\/p>\n<p><strong>Eugeniu Chichioi<\/strong>, \u015fef-adjunct al Biroului Vamal Chi\u015fin\u0103u &#8211; <a href=\"https:\/\/old.cni.md\/wp-content\/uploads\/2015\/04\/AC_Chichioi_Incomp.pdf\">Act de constatare ( 23 aprilie 2015)<\/a><\/p>\n<p><strong>Ion Be\u021bi\u0219or<\/strong>, primarul comunei Cuhne\u0219ti, r-l Glodeni &#8211;\u00a0<a href=\"https:\/\/old.cni.md\/wp-content\/uploads\/2015\/05\/A-C-BETISOR-INCOMPATIBILITATE-HASURAT.pdf\">Act de constatare (16 aprilie 2015)<\/a><\/p>\n<p><strong>Valeriu \u021aurcanu<\/strong>, vicepre\u0219edintele raionului Ialoveni &#8211; <a href=\"https:\/\/old.cni.md\/wp-content\/uploads\/2015\/04\/16_AC_Turcanu_Valeriu_I_.pdf\">Act de constatare (9 aprilie 2015)<\/a><\/p>\n<p><strong>Alexei Boldescu<\/strong>, vicedirectorul general al Agen\u021biei Rezerve Materiale &#8211; <a href=\"https:\/\/old.cni.md\/wp-content\/uploads\/2015\/07\/AC_Boldescu_Alexei_I.pdf\">Act de constatare (26 martie 2015)\u00a0<\/a><\/p>\n<p><strong>Marian Pocaznoi<\/strong>, membru al Consiliului Coordonator al Audiovizualului &#8211; <a href=\"https:\/\/old.cni.md\/wp-content\/uploads\/2015\/05\/A-C-POCAZNOI-INCOMPATIBILITATE-HASURAT.pdf\">Act de constatare (19 martie 2015)<\/a><\/p>\n<p><strong>Dorin Recean<\/strong>, ex-ministru al Afacerilor Interne &#8211; <a href=\"https:\/\/old.cni.md\/wp-content\/uploads\/2015\/05\/Act-incompatibilitate-Recean.pdf\">Act de constatare (12 martie 2015)<\/a><\/p>\n<p><strong>Anatolie \u021aurcan<\/strong>, membru al Consiliului Superior al Magistraturii &#8211;<a href=\"https:\/\/old.cni.md\/wp-content\/uploads\/2015\/05\/Act-de-constatare-Turcan-incomp1.pdf\">\u00a0Act de constatare (19 februarie 2015)<\/a><\/p>\n<p><strong>Pavel Suvac<\/strong>, ofi\u021berul de investiga\u021bii al Sec\u021biei nr. 1 al Direc\u021biei nr. 6 a Inspectoratului Na\u021bional de Investiga\u021bii al IGP al MAI &#8211;\u00a0<a href=\"https:\/\/old.cni.md\/wp-content\/uploads\/2015\/05\/Act-de-constatare-Suvac-incomp-aprobat1.pdf\">Act de constatare (12 februarie 2015)<\/a><\/p>\n<p><strong>Dorian Ta\u0219c\u0103<\/strong>, \u0219eful Oficiului Teritorial H\u00eence\u0219ti al Cancelariei de Stat &#8211;<a href=\"https:\/\/old.cni.md\/wp-content\/uploads\/2015\/08\/A-C-TASCA-INCOMPATIBILITATE-HASURAT.pdf\"> Act de constatare ( 29 ianuarie 2015)<\/a><\/p>\n<p><strong>Vadim Ciobanu<\/strong>, primarul sat. Bu\u0219\u0103uca, r-l Rezina &#8211; <a href=\"https:\/\/old.cni.md\/wp-content\/uploads\/2015\/05\/A-C-CIOBANU-INCOMPATIBILITATE-HASURAT.pdf\">Act de constatare (22 ianuarie 2015)<\/a><\/p>\n<p><strong>Ivan \u0218avga<\/strong>, ex-vice director al Agen\u021biei \u201dApele Moldovei\u201d\u00a0&#8211; <a href=\"https:\/\/old.cni.md\/wp-content\/uploads\/2016\/05\/xAct-de-constatare-Savga-INC.doc\">Act de constatare (08 octombrie 2015)<\/a><\/p>","protected":false},"excerpt":{"rendered":"<p>Aceast\u0103 sec\u021biune face obiect al public\u0103rii constat\u0103rile Comisiei Na\u021bionale de Integritate privind \u00eenc\u0103lcarea regimului juridic al\u00a0incompatibilit\u0103\u021bilor \u00een 2015 \u00cen conformitate cu prevederile pct.55\u00a0 al Regulamentului Comisiei Na\u021bionale de Integritate, aprobat [&hellip;]<\/p>\n","protected":false},"author":1,"featured_media":0,"parent":243,"menu_order":0,"comment_status":"open","ping_status":"open","template":"","meta":{"footnotes":"","_links_to":"","_links_to_target":""},"class_list":["post-1851","page","type-page","status-publish","hentry"],"_links":{"self":[{"href":"https:\/\/old.cni.md\/index.php?rest_route=\/wp\/v2\/pages\/1851","targetHints":{"allow":["GET"]}}],"collection":[{"href":"https:\/\/old.cni.md\/index.php?rest_route=\/wp\/v2\/pages"}],"about":[{"href":"https:\/\/old.cni.md\/index.php?rest_route=\/wp\/v2\/types\/page"}],"author":[{"embeddable":true,"href":"https:\/\/old.cni.md\/index.php?rest_route=\/wp\/v2\/users\/1"}],"replies":[{"embeddable":true,"href":"https:\/\/old.cni.md\/index.php?rest_route=%2Fwp%2Fv2%2Fcomments&post=1851"}],"version-history":[{"count":25,"href":"https:\/\/old.cni.md\/index.php?rest_route=\/wp\/v2\/pages\/1851\/revisions"}],"predecessor-version":[{"id":3218,"href":"https:\/\/old.cni.md\/index.php?rest_route=\/wp\/v2\/pages\/1851\/revisions\/3218"}],"up":[{"embeddable":true,"href":"https:\/\/old.cni.md\/index.php?rest_route=\/wp\/v2\/pages\/243"}],"wp:attachment":[{"href":"https:\/\/old.cni.md\/index.php?rest_route=%2Fwp%2Fv2%2Fmedia&parent=1851"}],"curies":[{"name":"wp","href":"https:\/\/api.w.org\/{rel}","templated":true}]}}