  {"id":205,"date":"2014-04-30T10:56:47","date_gmt":"2014-04-30T10:56:47","guid":{"rendered":"http:\/\/old.cni.md\/?page_id=205"},"modified":"2016-09-26T10:59:54","modified_gmt":"2016-09-26T10:59:54","slug":"rapoarte","status":"publish","type":"page","link":"https:\/\/old.cni.md\/?page_id=205","title":{"rendered":"Rapoarte"},"content":{"rendered":"<p><\/p>\n<div style=\"color: #5f5959;\">\n<div>\n<div>\n<div><strong>RAPORT DE PROGRES\u00a0<\/strong><\/div>\n<div><em style=\"font-weight: bold;\">edi\u021bie de retrospectiv\u0103 a CNI 2016.\u00a0<\/em><em>Vizualiza\u021bi<a href=\"https:\/\/old.cni.md\/wp-content\/uploads\/2016\/09\/Raport_de_activitate_CNI_2016.pdf\">\u00a0aici.<\/a><\/em><\/div>\n<\/div>\n<div><strong>RAPORTUL\u00a0STATISTIC\u00a0<\/strong><\/div>\n<div><em style=\"font-weight: bold;\">al Comisiei Na\u021bionale de Integritate pentru anul\u00a02015.\u00a0<\/em><em>Vizualiza\u021bi<a href=\"https:\/\/old.cni.md\/wp-content\/uploads\/2015\/04\/Raport-de-activitate-CNI-2014-final.pdf\">\u00a0aici.<\/a><\/em><\/div>\n<\/div>\n<div><\/div>\n<div><strong>RAPORTUL DE ACTIVITATE<\/strong><\/div>\n<div><em style=\"font-weight: bold;\">al Comisiei Na\u021bionale de Integritate pentru anul\u00a02014.\u00a0<\/em><em>Vizualiza\u021bi<a href=\"https:\/\/old.cni.md\/wp-content\/uploads\/2015\/04\/Raport-de-activitate-CNI-2014-final.pdf\">\u00a0aici.<\/a><\/em><\/div>\n<\/div>\n<div><\/div>\n<div><strong>RAPORTUL DE ACTIVITATE<\/strong><\/div>\n<div><em style=\"font-weight: bold;\">al Comisiei Na\u021bionale de Integritate pentru semestrul I al anului 2014.\u00a0<\/em><em>Vizualiza\u021bi<a href=\"https:\/\/old.cni.md\/wp-content\/uploads\/2014\/08\/Raport-CNI-Sem.I-2014.doc\"> aici.<\/a><\/em><\/div>\n<div><\/div>\n<div><strong>RAPORTUL DE ACTIVITATE<\/strong><\/div>\n<\/div>\n<div style=\"color: #5f5959;\"><em style=\"font-weight: bold;\">al Comisiei Na\u021bionale de Integritate pentru anul 2013.\u00a0<\/em><em>Vizualiza\u021bi <a href=\"https:\/\/old.cni.md\/wp-content\/uploads\/2014\/07\/Raport-final-2013-rom.pdf\">aici<\/a>.<\/em><\/div>\n<div style=\"color: #5f5959;\"><\/div>\n<div style=\"color: #5f5959;\"><strong>RAPORTUL DE ACTIVITATE<\/strong><\/div>\n<div style=\"color: #5f5959;\"><em style=\"font-weight: bold;\">al Comisiei Na\u021bionale de Integritate pentru 9 luni ale anului 2013.\u00a0<\/em><em>Vizualiza\u021bi\u00a0<a style=\"color: #0175a4;\" title=\"CNI 9 luni 2013.doc\" href=\"https:\/\/old.cni.md\/DF_DocumentViewer.aspx?id=e7167346-a350-4140-aa74-1652a48275e0\">aici<\/a><\/em><em style=\"font-weight: bold;\">.<\/em><\/div>\n<div style=\"color: #5f5959;\"><strong>\u00a0 \u00a0 \u00a0 \u00a0 \u00a0 \u00a0 \u00a0 \u00a0 \u00a0 \u00a0 \u00a0<\/strong><\/div>\n<div style=\"color: #5f5959;\">\n<div><strong>RAPORT<\/strong><\/div>\n<div><strong><em>despre realizarea Planului de ac\u0163iuni pentru anii 2012-2013 de implementare a Strategiei na\u0163ionale anticorup\u0163ie pe anii 2011-2015 de c\u0103tre Comisia Na\u0163ional\u0103 de Integritate Simestrul I 2013<\/em><\/strong>\u00a0g\u0103si\u021bi\u00a0<a style=\"color: #0175a4;\" title=\"Raport sim.I Plan CNA (1).doc\" href=\"https:\/\/old.cni.md\/DF_DocumentViewer.aspx?id=32d1b4ca-c2cf-4833-801e-e6ab6d4a033a\">aici<\/a><\/div>\n<div>\n<div><\/div>\n<div><strong>RAPORT<\/strong><\/div>\n<div><strong><em>despre realizarea Planului de ac\u0163iuni pentru anii 2012-2013 de implementare a Strategiei na\u0163ionale anticorup\u0163ie pe anii 2011-2015 de c\u0103tre Comisia Na\u0163ional\u0103 de Integritate Trimestrul I 2013<\/em><\/strong>\u00a0g\u0103si\u021bi\u00a0<a style=\"color: #0175a4;\" title=\"Raport trim I Plan CNA.pdf\" href=\"https:\/\/old.cni.md\/DF_DocumentViewer.aspx?id=2072eaba-da4f-4888-80ec-a899e8962b43\">aici<\/a><\/div>\n<\/div>\n<\/div>\n<p><\/p>","protected":false},"excerpt":{"rendered":"<p>RAPORT DE PROGRES\u00a0 edi\u021bie de retrospectiv\u0103 a CNI 2016.\u00a0Vizualiza\u021bi\u00a0aici. RAPORTUL\u00a0STATISTIC\u00a0 al Comisiei Na\u021bionale de Integritate pentru anul\u00a02015.\u00a0Vizualiza\u021bi\u00a0aici. RAPORTUL DE ACTIVITATE al Comisiei Na\u021bionale de Integritate pentru anul\u00a02014.\u00a0Vizualiza\u021bi\u00a0aici. RAPORTUL DE ACTIVITATE [&hellip;]<\/p>\n","protected":false},"author":1,"featured_media":0,"parent":202,"menu_order":0,"comment_status":"open","ping_status":"open","template":"","meta":{"footnotes":"","_links_to":"","_links_to_target":""},"class_list":["post-205","page","type-page","status-publish","hentry"],"_links":{"self":[{"href":"https:\/\/old.cni.md\/index.php?rest_route=\/wp\/v2\/pages\/205","targetHints":{"allow":["GET"]}}],"collection":[{"href":"https:\/\/old.cni.md\/index.php?rest_route=\/wp\/v2\/pages"}],"about":[{"href":"https:\/\/old.cni.md\/index.php?rest_route=\/wp\/v2\/types\/page"}],"author":[{"embeddable":true,"href":"https:\/\/old.cni.md\/index.php?rest_route=\/wp\/v2\/users\/1"}],"replies":[{"embeddable":true,"href":"https:\/\/old.cni.md\/index.php?rest_route=%2Fwp%2Fv2%2Fcomments&post=205"}],"version-history":[{"count":32,"href":"https:\/\/old.cni.md\/index.php?rest_route=\/wp\/v2\/pages\/205\/revisions"}],"predecessor-version":[{"id":4526,"href":"https:\/\/old.cni.md\/index.php?rest_route=\/wp\/v2\/pages\/205\/revisions\/4526"}],"up":[{"embeddable":true,"href":"https:\/\/old.cni.md\/index.php?rest_route=\/wp\/v2\/pages\/202"}],"wp:attachment":[{"href":"https:\/\/old.cni.md\/index.php?rest_route=%2Fwp%2Fv2%2Fmedia&parent=205"}],"curies":[{"name":"wp","href":"https:\/\/api.w.org\/{rel}","templated":true}]}}