  {"id":22,"date":"2014-04-01T06:13:45","date_gmt":"2014-04-01T06:13:45","guid":{"rendered":"http:\/\/old.cni.md\/?page_id=22"},"modified":"2015-09-07T07:49:18","modified_gmt":"2015-09-07T07:49:18","slug":"cadrul-normativ-national","status":"publish","type":"page","link":"https:\/\/old.cni.md\/?page_id=22","title":{"rendered":"Cadrul normativ na\u0163ional"},"content":{"rendered":"<p><strong>LEGE<\/strong>\u00a0Nr. 180 din 19.12.2011<br \/>\n<strong><em>Cu privire la Comisia Na\u0163ional\u0103 de Integritate<\/em><\/strong><br \/>\nPublicat : 06.01.2012 \u00een Monitorul Oficial Nr. 1-6 art Nr : 2<br \/>\n<a href=\"https:\/\/old.cni.md\/wp-content\/uploads\/2015\/09\/CNI.pdf\">Vizualizeaz\u0103<\/a><\/p>\n<p><strong>LEGE<\/strong>\u00a0Nr. 1264 din 19.07.2002<br \/>\n<strong><em>Privind declararea \u015fi controlul veniturilor \u015fi al propriet\u0103\u0163ii persoanelor cu func\u0163ii de demnitate public\u0103, judec\u0103torilor, procurorilor, func\u0163ionarilor publici \u015fi a unor persoane cu func\u0163ie de conducere<\/em><\/strong><br \/>\nPublicat : 05.09.2002 \u00een Monitorul Oficial Nr. 124-125 art Nr : 991<br \/>\n<a href=\"https:\/\/old.cni.md\/wp-content\/uploads\/2015\/09\/venituri-si-propritate.pdf\">Vizualizeaz\u0103<\/a><\/p>\n<p><strong>LEGE<\/strong>\u00a0Nr. 16 din 15.02.2008<br \/>\n<strong><em>Cu privire la conflictul de interese<\/em><\/strong><br \/>\nPublicat : 30.05.2008 \u00een Monitorul Oficial Nr. 94-96 art Nr : 351<br \/>\n<a href=\"https:\/\/old.cni.md\/wp-content\/uploads\/2015\/09\/Conflict-de-interese.pdf\">Vizualizeaz\u0103<\/a><\/p>\n<p><strong>LEGE<\/strong>\u00a0Nr. 158 din 04.07.2008<br \/>\n<strong><em>Cu privire la func\u0163ia public\u0103 \u015fi statutul func\u0163ionarului public<\/em><\/strong><br \/>\nPublicat : 23.12.2008 \u00een Monitorul Oficial Nr. 230-232 art Nr : 840<br \/>\nData intrarii in vigoare : 01.01.2009<br \/>\n<a href=\"https:\/\/old.cni.md\/wp-content\/uploads\/2015\/09\/Functia-publica.pdf\">Vizualizeaz\u0103<\/a><\/p>\n<p><strong>LEGE<\/strong>\u00a0Nr. 199 din 16.07.2010<br \/>\n<strong><em>Cu privire la statutul persoanelor cu func\u0163ii de demnitate public\u0103<\/em><\/strong><br \/>\nPublicat : 05.10.2010 \u00een Monitorul Oficial Nr. 194-196 art Nr : 637<br \/>\n<a href=\"https:\/\/old.cni.md\/wp-content\/uploads\/2015\/09\/Demnitate-publica.pdf\">Vizualizeaz\u0103<\/a><\/p>\n<p><strong>LEGE<\/strong>\u00a0Nr. 25 din 22.02.2008<br \/>\n<strong><em>Privind Codul de conduit\u0103 a func\u0163ionarului public<\/em><\/strong><br \/>\nPublicat : 11.04.2008 \u00een Monitorul Oficial Nr. 74-75 art Nr : 243<br \/>\nData intrarii in vigoare : 01.01.2009<br \/>\n<a href=\"https:\/\/old.cni.md\/wp-content\/uploads\/2015\/09\/Cod-conduita.pdf\">Vizualizeaz\u0103<\/a><\/p>\n<p><strong>LEGE<\/strong>\u00a0Nr. 90 din 25.04.2008<br \/>\n<strong><em>Cu privire la prevenirea \u015fi combaterea corup\u0163iei<\/em><\/strong><br \/>\n13.06.2008 \u00een Monitorul Oficial Nr. 103-105 art Nr : 391<br \/>\n<a href=\"https:\/\/old.cni.md\/wp-content\/uploads\/2015\/09\/Coruptie.pdf\">Vizualizeaz\u0103<\/a><\/p>\n<p><strong><strong>INSTRUC\u021aIUNE <em>p<\/em><\/strong><\/strong><em><strong><strong>rivind modul de completare<\/strong>a declara\u021biilor cu privire la venituri \u0219i propritetate\u00a0<\/strong><\/em><br \/>\n08.03.2013 \u00een Monitorul Oficial\u00a0Nr. 49-55 \u00a0art Nr : 257<br \/>\n<a href=\"https:\/\/old.cni.md\/wp-content\/uploads\/2014\/07\/Instructiune-DCV_FINAL.doc\">Descarc\u0103<\/a><\/p>\n<p><strong>INSTRUC\u021aIUNE <em>p<\/em><\/strong><em><strong>rivind modul de completare a declara\u021biilor de interese personale<\/strong><\/em><br \/>\n08.03.2013 \u00een Monitorul Oficial\u00a0Nr. 49-55 \u00a0art Nr : 257<br \/>\n<a href=\"https:\/\/old.cni.md\/wp-content\/uploads\/2014\/07\/Instructiune-DIP-_FINAL.doc\">Descarc\u0103<\/a><\/p>","protected":false},"excerpt":{"rendered":"<p>LEGE\u00a0Nr. 180 din 19.12.2011 Cu privire la Comisia Na\u0163ional\u0103 de Integritate Publicat : 06.01.2012 \u00een Monitorul Oficial Nr. 1-6 art Nr : 2 Vizualizeaz\u0103 LEGE\u00a0Nr. 1264 din 19.07.2002 Privind declararea [&hellip;]<\/p>\n","protected":false},"author":1,"featured_media":0,"parent":20,"menu_order":0,"comment_status":"open","ping_status":"open","template":"","meta":{"footnotes":"","_links_to":"","_links_to_target":""},"class_list":["post-22","page","type-page","status-publish","hentry"],"_links":{"self":[{"href":"https:\/\/old.cni.md\/index.php?rest_route=\/wp\/v2\/pages\/22","targetHints":{"allow":["GET"]}}],"collection":[{"href":"https:\/\/old.cni.md\/index.php?rest_route=\/wp\/v2\/pages"}],"about":[{"href":"https:\/\/old.cni.md\/index.php?rest_route=\/wp\/v2\/types\/page"}],"author":[{"embeddable":true,"href":"https:\/\/old.cni.md\/index.php?rest_route=\/wp\/v2\/users\/1"}],"replies":[{"embeddable":true,"href":"https:\/\/old.cni.md\/index.php?rest_route=%2Fwp%2Fv2%2Fcomments&post=22"}],"version-history":[{"count":12,"href":"https:\/\/old.cni.md\/index.php?rest_route=\/wp\/v2\/pages\/22\/revisions"}],"predecessor-version":[{"id":2585,"href":"https:\/\/old.cni.md\/index.php?rest_route=\/wp\/v2\/pages\/22\/revisions\/2585"}],"up":[{"embeddable":true,"href":"https:\/\/old.cni.md\/index.php?rest_route=\/wp\/v2\/pages\/20"}],"wp:attachment":[{"href":"https:\/\/old.cni.md\/index.php?rest_route=%2Fwp%2Fv2%2Fmedia&parent=22"}],"curies":[{"name":"wp","href":"https:\/\/api.w.org\/{rel}","templated":true}]}}