  {"id":26,"date":"2014-04-01T06:14:18","date_gmt":"2014-04-01T06:14:18","guid":{"rendered":"http:\/\/old.cni.md\/?page_id=26"},"modified":"2014-04-02T16:43:42","modified_gmt":"2014-04-02T16:43:42","slug":"cadrul-normativ-international","status":"publish","type":"page","link":"https:\/\/old.cni.md\/?page_id=26","title":{"rendered":"Cadrul normativ interna\u0163ional"},"content":{"rendered":"<ul>\n<li><strong>Conven\u021bia Na\u021biunilor Unite \u00eempotriva corup\u021biei<\/strong>\u00a0 \u00a0<em>adoptat\u0103 la New York la 31 octombrie 2003; semnat\u0103 la Merida, Mexic, la 9 decembrie 2003\u00a0<\/em><a href=\"https:\/\/old.cni.md\/International_Law.aspx#\">descarc\u0103<\/a><\/li>\n<\/ul>\n<ul>\n<li><strong>Ghidul OECD pentru rezolvarea conflictului de interese \u00een administra\u021bia public\u0103\u00a0<\/strong><a href=\"https:\/\/old.cni.md\/International_Law.aspx#\">descarc\u0103<\/a><\/li>\n<\/ul>\n<ul>\n<li><strong>Consiliul Europei Conven\u021bia penal\u0103 cu privire la corup\u021bie<\/strong>\u00a0\u00a0<em>Strasbourg, 27.01.1999; Seria Tratatelor Europene STE N 173<\/em>\u00a0<a href=\"https:\/\/old.cni.md\/International_Law.aspx#\">descarc\u0103<\/a><\/li>\n<\/ul>\n<ul>\n<li><strong>Consiliul Europei Comitetul Mini\u0219trilor Rezolu\u021bia (97) 24 av\u00eend ca obiectiv cele dou\u0103zeci de principii directorii pentru lupta \u00eempotriva corup\u021biei\u00a0<\/strong>\u00a0<em>adoptat\u0103 de c\u0103tre Comitetul Mini\u0219trilor la 6 noiembrie 1997, cu ocazia celei de-a 101 sale sesiuni<\/em>\u00a0\u00a0<a href=\"https:\/\/old.cni.md\/International_Law.aspx#\">descarc\u0103<\/a><\/li>\n<\/ul>\n<div>\n<ul>\n<li><strong>Consiliul Europei Comitetul de Mini\u0219tri Rezolu\u021bia (99) 5, fondarea &#8222;Grupului de State Contra Corup\u021biei-GRECO&#8221; <\/strong><em>adoptat\u0103 la 1 mai 1999 <\/em><a href=\"https:\/\/old.cni.md\/International_Law.aspx#\">descarc\u0103<\/a><\/li>\n<\/ul>\n<\/div>\n<div>\n<ul>\n<li><strong>Consiliul Europei Comitetul Mini\u0219trilor Recomandarea REC (2000) 10 privind codurile de conduit\u0103 pentru agen\u021bii publici\u00a0<\/strong><a href=\"https:\/\/old.cni.md\/International_Law.aspx#\">descarc\u0103<\/a><\/li>\n<\/ul>\n<\/div>\n<div>\n<ul>\n<li><strong>Directiva 2005\/60\/CE a Parlamentului European \u0219i a Consiliului privind prevenirea utiliz\u0103rii sistemului financiar \u00een scopul sp\u0103l\u0103rii banilor \u0219i finan\u021b\u0103rii terorismului<\/strong>\u00a0<em>din 26 octombrie 2005<\/em>\u00a0\u00a0<a href=\"https:\/\/old.cni.md\/International_Law.aspx#\">descarc\u0103<\/a><\/li>\n<\/ul>\n<\/div>\n","protected":false},"excerpt":{"rendered":"<p>Conven\u021bia Na\u021biunilor Unite \u00eempotriva corup\u021biei\u00a0 \u00a0adoptat\u0103 la New York la 31 octombrie 2003; semnat\u0103 la Merida, Mexic, la 9 decembrie 2003\u00a0descarc\u0103 Ghidul OECD pentru rezolvarea conflictului de interese \u00een administra\u021bia [&hellip;]<\/p>\n","protected":false},"author":1,"featured_media":0,"parent":20,"menu_order":0,"comment_status":"open","ping_status":"open","template":"","meta":{"footnotes":"","_links_to":"","_links_to_target":""},"class_list":["post-26","page","type-page","status-publish","hentry"],"_links":{"self":[{"href":"https:\/\/old.cni.md\/index.php?rest_route=\/wp\/v2\/pages\/26","targetHints":{"allow":["GET"]}}],"collection":[{"href":"https:\/\/old.cni.md\/index.php?rest_route=\/wp\/v2\/pages"}],"about":[{"href":"https:\/\/old.cni.md\/index.php?rest_route=\/wp\/v2\/types\/page"}],"author":[{"embeddable":true,"href":"https:\/\/old.cni.md\/index.php?rest_route=\/wp\/v2\/users\/1"}],"replies":[{"embeddable":true,"href":"https:\/\/old.cni.md\/index.php?rest_route=%2Fwp%2Fv2%2Fcomments&post=26"}],"version-history":[{"count":3,"href":"https:\/\/old.cni.md\/index.php?rest_route=\/wp\/v2\/pages\/26\/revisions"}],"predecessor-version":[{"id":106,"href":"https:\/\/old.cni.md\/index.php?rest_route=\/wp\/v2\/pages\/26\/revisions\/106"}],"up":[{"embeddable":true,"href":"https:\/\/old.cni.md\/index.php?rest_route=\/wp\/v2\/pages\/20"}],"wp:attachment":[{"href":"https:\/\/old.cni.md\/index.php?rest_route=%2Fwp%2Fv2%2Fmedia&parent=26"}],"curies":[{"name":"wp","href":"https:\/\/api.w.org\/{rel}","templated":true}]}}