  {"id":30,"date":"2014-04-01T06:15:00","date_gmt":"2014-04-01T06:15:00","guid":{"rendered":"http:\/\/old.cni.md\/?page_id=30"},"modified":"2014-04-02T16:44:37","modified_gmt":"2014-04-02T16:44:37","slug":"activitatea-cni","status":"publish","type":"page","link":"https:\/\/old.cni.md\/?page_id=30","title":{"rendered":"Activitatea CNI"},"content":{"rendered":"<p><strong>La 13 martie 2013, \u00een incinta sediului Comisiei Na\u021bionale de Integritate, a avut loc sesiunea de lucru a Misiunii de Evaluare a UE \u00een Republica Moldova.<\/strong><\/p>\n<div>Vizita oficial\u0103 a fost organizat\u0103 \u00een cadrul Dialogului de Vize UE-RM \u00een\u00a0domeniul\u00a0Prevenirii\u00a0\u0219i Combaterii Corup\u021biei. La eveniment a participat expertul UE Laura \u0218TEFAN \u0219i Oficialul Comisiei Europene Adrian GEORGIEV.<\/div>\n<div><\/div>\n<div>La \u00eentrunire au fost abordate urm\u0103toarele subiecte:<\/div>\n<div>\n<ul>\n<li>Actualizarea privind capacitatea \u0219i performan\u021ba actual\u0103 a Comisiei Na\u021bionale de Integritate;<\/li>\n<li>Prezentarea \u0219i verificarea activelor oficialilor publici, evolu\u021bie \u0219i punere \u00een aplicare;<\/li>\n<li>Prevenirea \u0219i combaterea conflictului de interese, evolu\u021bie \u0219i punere \u00een aplicare.<\/li>\n<\/ul>\n<\/div>\n<div><\/div>\n<div>\n<div><strong>Ast\u0103zi 22.05.2013 \u00een incinta sediului Comisiei Na\u021bionale de Integritate (CNI) str. Alecu Russo 1, a avut loc \u0219edin\u021ba cu reprezentan\u021bii din &#8222;Romanian Center for European Policies&#8221; \u0219i reprezentan\u021bii C.N.I.<\/strong><\/div>\n<div><strong>\u00a0<\/strong><\/div>\n<div>La \u00eentrunire s-a discutat despre identificarea deficien\u021belor care le \u00eent\u00eempin\u0103 C.N.I. \u0219i c\u0103utarea eventualelor solu\u021bii de dep\u0103\u0219ire a acestora cu suportul donatorilor externi, cu participarea reprezentan\u021bilor din &#8222;Romanian Center for European Policies&#8221;<\/div>\n<\/div>\n","protected":false},"excerpt":{"rendered":"<p>La 13 martie 2013, \u00een incinta sediului Comisiei Na\u021bionale de Integritate, a avut loc sesiunea de lucru a Misiunii de Evaluare a UE \u00een Republica Moldova. Vizita oficial\u0103 a fost [&hellip;]<\/p>\n","protected":false},"author":1,"featured_media":0,"parent":28,"menu_order":0,"comment_status":"open","ping_status":"open","template":"","meta":{"footnotes":"","_links_to":"","_links_to_target":""},"class_list":["post-30","page","type-page","status-publish","hentry"],"_links":{"self":[{"href":"https:\/\/old.cni.md\/index.php?rest_route=\/wp\/v2\/pages\/30","targetHints":{"allow":["GET"]}}],"collection":[{"href":"https:\/\/old.cni.md\/index.php?rest_route=\/wp\/v2\/pages"}],"about":[{"href":"https:\/\/old.cni.md\/index.php?rest_route=\/wp\/v2\/types\/page"}],"author":[{"embeddable":true,"href":"https:\/\/old.cni.md\/index.php?rest_route=\/wp\/v2\/users\/1"}],"replies":[{"embeddable":true,"href":"https:\/\/old.cni.md\/index.php?rest_route=%2Fwp%2Fv2%2Fcomments&post=30"}],"version-history":[{"count":2,"href":"https:\/\/old.cni.md\/index.php?rest_route=\/wp\/v2\/pages\/30\/revisions"}],"predecessor-version":[{"id":109,"href":"https:\/\/old.cni.md\/index.php?rest_route=\/wp\/v2\/pages\/30\/revisions\/109"}],"up":[{"embeddable":true,"href":"https:\/\/old.cni.md\/index.php?rest_route=\/wp\/v2\/pages\/28"}],"wp:attachment":[{"href":"https:\/\/old.cni.md\/index.php?rest_route=%2Fwp%2Fv2%2Fmedia&parent=30"}],"curies":[{"name":"wp","href":"https:\/\/api.w.org\/{rel}","templated":true}]}}