  {"id":3130,"date":"2016-05-27T11:36:32","date_gmt":"2016-05-27T11:36:32","guid":{"rendered":"http:\/\/old.cni.md\/?page_id=3130"},"modified":"2016-10-12T06:37:17","modified_gmt":"2016-10-12T06:37:17","slug":"acte-de-constatare-adoptate-in-2016-2","status":"publish","type":"page","link":"https:\/\/old.cni.md\/?page_id=3130","title":{"rendered":"Constat\u0103rile Comisiei Na\u021bionale de Integritate \u2013 2016"},"content":{"rendered":"<p><\/p>\n<h2 style=\"font-weight: 500;\"><a style=\"color: #428bca;\" href=\"https:\/\/old.cni.md\/wp-content\/uploads\/2014\/08\/document-icon.png\"><img loading=\"lazy\" decoding=\"async\" class=\"alignleft wp-image-1358\" src=\"https:\/\/old.cni.md\/wp-content\/uploads\/2014\/08\/document-icon-300x300.png\" alt=\"document icon\" width=\"50\" height=\"50\" srcset=\"https:\/\/old.cni.md\/wp-content\/uploads\/2014\/08\/document-icon-300x300.png 300w, https:\/\/old.cni.md\/wp-content\/uploads\/2014\/08\/document-icon-150x150.png 150w, https:\/\/old.cni.md\/wp-content\/uploads\/2014\/08\/document-icon.png 420w\" sizes=\"auto, (max-width: 50px) 100vw, 50px\" \/><\/a><\/h2>\n<p><span style=\"font-weight: bold;\">Aceast\u0103 sec\u021biune face obiect al public\u0103rii constat\u0103rile Comisiei Na\u021bionale de Integritate privind \u00eenc\u0103lcarea regimului juridic al conflictului de interese \u00een anul 2016<\/span><\/p>\n<p>&nbsp;<\/p>\n<p><strong>Erhan Petru, <\/strong>administrator adjunct al \u00ceS,, MoldATSA\u201d<strong><br \/>\n<\/strong><a href=\"https:\/\/old.cni.md\/wp-content\/uploads\/2016\/05\/3.ACT-conflict-Erhan-final.doc\">Act de constatare (21 ianuarie 2016)<\/a><strong><br \/>\n<\/strong><\/p>\n<p><strong>Casian\u00a0Galina,<\/strong> directorului gimnaziului Albine\u021bul Vechi, r-nul F\u0103le\u0219ti<br \/>\n<a href=\"https:\/\/old.cni.md\/wp-content\/uploads\/2016\/05\/4.Act-conflict-final-Casian-aprobat-final.doc\">Act de constatare (11 februarie 2016)<\/a><\/p>\n<p><strong>Cigulea Vera,<\/strong> directorului gimnaziului din s. R\u0103deni, r-nul C\u0103l\u0103ra\u0219i<br \/>\n<a href=\"https:\/\/old.cni.md\/wp-content\/uploads\/2016\/05\/5.Act-conflict-final-Cigulea-adoptat.doc\">Act de constatare (04 februarie 2016)<\/a><\/p>\n<p><strong>Caduc Svetlana,<\/strong> directorul \u0218colii Sportive Specializate de box din s. Grim\u0103nc\u0103u\u021bi<br \/>\n<a href=\"https:\/\/old.cni.md\/wp-content\/uploads\/2016\/05\/1.Act-conflict-de-interese-Caduc.doc\">Act de constatare (14 aprilie 2016)<\/a><\/p>\n<p><strong>Izvoreanu Larisa,<\/strong> director al Liceului Teoretic \u201eLiviu Rebreanu\u201d<br \/>\n<a href=\"https:\/\/old.cni.md\/wp-content\/uploads\/2016\/05\/2.Act-conflict-de-interese-Izvoreanu.doc\">Act de constatare (28 aprilie 2016)<\/a><\/p>\n<p><strong>\u021aurcan Ion,<\/strong> primar al s. Cuiz\u0103uca, r-nul Rezina<br \/>\n<a href=\"https:\/\/old.cni.md\/wp-content\/uploads\/2016\/05\/11.Act-constatare-Turcan1.docx\">Act de constatare (01 aprilie 2016)<\/a><\/p>\n<p><strong>Gr\u0103dinari Ghenadie,<\/strong> primar al com. Pietrosu, r-nul F\u0103le\u0219ti<br \/>\n<a href=\"https:\/\/old.cni.md\/wp-content\/uploads\/2016\/05\/10.Act-constatare-Gradinari.docx\">Act de constatare (01 aprilie 2016)<\/a><\/p>\n<p><strong>Dumenco Evghenii,<\/strong> primar al or. Lipcani, r-nul Briceni<br \/>\n<a href=\"https:\/\/old.cni.md\/wp-content\/uploads\/2016\/05\/9.Act-constatare-Dumenco.docx\">Act de constatare (02 aprilie 2016)<\/a><\/p>\n<p><strong>Oprea Mihail,<\/strong> directorul IMSP ,,Dispensarul Republican de Narcologie\u201d<br \/>\n<a href=\"https:\/\/old.cni.md\/wp-content\/uploads\/2016\/05\/7.Act-conflict-Oprea-adoptat.doc\">Act de constatare (14 aprilie 2016)<\/a><\/p>\n<p><strong>Ga\u021bcan \u0218tefan , <\/strong>director al IMSP ,,Institutul Mamei \u0219i Copilului\u201d<br \/>\n<a href=\"https:\/\/old.cni.md\/wp-content\/uploads\/2016\/05\/6.Act-conflict-Gatcan-adoptat.doc\">Act de constatare (21 aprilie 2016)<\/a><\/p>\n<p><strong>\u021a\u00ee\u0219evschi Anatolie,<\/strong> directorului \u00centreprinderii de Transport ,, Autocomtrans\u201d SA<br \/>\n<a href=\"https:\/\/old.cni.md\/wp-content\/uploads\/2016\/05\/8.Act-conflict-Tisevschi-adoptat.doc\">Act de constatare (05 mai 2016)<\/a><\/p>\n<p><strong>Goreacii Ruslan, <\/strong>primar al s. Clocu\u0219na r. Ocni\u021ba<br \/>\n<a href=\"https:\/\/old.cni.md\/wp-content\/uploads\/2016\/06\/AC-_Goreacii_-CI-adoptat.docx\">Act de constatare (26 mai 2016)<\/a><\/p>\n<p><strong>Filipov Serghei, <\/strong>primar al or. Taraclia,<br \/>\n<a href=\"https:\/\/old.cni.md\/wp-content\/uploads\/2016\/06\/AC-Filipov-IP-adoptat.docx\">Act de constatare (02 iunie 2016)<\/a><\/p>\n<p><strong>Belitei Liviu, <\/strong>primar al comunei Ble\u0219teni, raionul Edine\u021b<br \/>\n<a href=\"https:\/\/old.cni.md\/?attachment_id=4287\">Act de constatare (28 ianuarie 2016)<\/a><\/p>\n<p><strong>Ro\u0219ca Ion<\/strong>,<strong>\u00a0<\/strong>procuror \u00een Procuratura sectorului Buiucani a mun. Chi\u0219in\u0103u<br \/>\n<a href=\"https:\/\/old.cni.md\/?attachment_id=4289\">Act de constatare (28 aprilie 2016)<\/a><\/p>\n<p><strong>Carpov Ivan<\/strong>, arhitect-\u0219ef interimar al mun. Chi\u0219in\u0103u, \u0219ef interimar al Direc\u021biei generale arhitectur\u0103, urbanism \u0219i rela\u021bii funciare din cadrul Prim\u0103riei mun. Chi\u0219in\u0103u<br \/>\n<a href=\"https:\/\/old.cni.md\/?attachment_id=4291\">Act de constatare (21 aprilie 2016)<\/a><\/p>\n<p><strong>Colun Vitalie<\/strong>, ex-primar al or. Orhei<br \/>\n<a href=\"https:\/\/old.cni.md\/?attachment_id=4293\">Act de constatare (11 martie 2016)<\/a><\/p>\n<p><strong>Stoica Iurie<\/strong>, primar al sat. Chirileni, raionul Ungheni<br \/>\n<a href=\"https:\/\/old.cni.md\/?attachment_id=4295\">Act de constatare (18 februarie 2016)<\/a><\/p>\n<p><strong>Botnaru Mircea, <\/strong>specialist pentru reglementarea regimului funciar \u00een cadrul Prim\u0103riei com. Z\u0103briceni, r-l Edine\u021b<br \/>\n<a href=\"https:\/\/old.cni.md\/wp-content\/uploads\/2016\/07\/AC-BOTNARU-M-IRCEA-VP-HASURAT.docx\">Act de constatare (26 mai 2016)<\/a><\/p>\n<p><strong>Caracuian Gheorghe, <\/strong>ex-primar al or. Ialoveni<br \/>\n<a href=\"https:\/\/old.cni.md\/wp-content\/uploads\/2016\/07\/A-C-CARACUIAN-CONFLICT-INTERESE-HASURAT.docx\">Act de constatare (31 martie 2016)<\/a><\/p>\n<p><strong>Colbas Andrei, <\/strong>\u0219eful Inspectoratului de Poli\u021bie Vulc\u0103ne\u0219ti<br \/>\n<a href=\"https:\/\/old.cni.md\/wp-content\/uploads\/2016\/07\/A-C-COLBAS-CONFLICT-INTERESE-HASURAT.docx\">Act de constatare (21 ianuarie 2016)<\/a><\/p>\n<p><strong>Gaivas Inna, <\/strong>director al institu\u021biei pre\u0219colare nr.23 din mun.B\u0103l\u021bi<br \/>\n<a href=\"https:\/\/old.cni.md\/?attachment_id=4307\">Act de constatare (16 iunie 2016)<\/a><\/p>\n<p><strong>Andronic Petru, <\/strong>\u0219ef al Direc\u021biei Raionale pentru Siguran\u021ba Alimentelor Anenii Noi<br \/>\n<a href=\"https:\/\/old.cni.md\/wp-content\/uploads\/2016\/07\/AC-ANDRONIC-PETRU-CONFLICT-INTERESE-HASURAT.docx\">Act de constatare (05 mai 2016)<\/a><\/p>\n<p><strong>Bra\u0219oveanu Vladimir,<\/strong> judec\u0103tor \u00een cadrul judec\u0103toriei sec. Centru<br \/>\n<a href=\"https:\/\/old.cni.md\/wp-content\/uploads\/2016\/07\/AC-BRASOVEANU-INTERESE-PERSONALE-HASURAT.docx\">Act de constatare (28 aprilie 2016)<\/a><\/p>\n<p><strong>Budurin Mihail, <\/strong>primarul sat. Trife\u0219ti, r-l Rezina<br \/>\n<a href=\"https:\/\/old.cni.md\/wp-content\/uploads\/2016\/07\/AC-BUDURIN-CONFLICT-INTERESE-HASURAT.docx\">Act de constatare (14 aprilie 2016)<\/a><\/p>\n<p><strong>Artene Sergiu, <\/strong>pre\u0219edintele raionului C\u0103l\u0103ra\u0219i<br \/>\n<a href=\"https:\/\/old.cni.md\/?attachment_id=4315\">Act de constatare (07 aprilie 2016)<\/a><\/p>\n<p><strong>Buga Iurie, <\/strong>primarul comunei Micle\u0219ti, r-nul Criuleni<br \/>\n<a href=\"https:\/\/old.cni.md\/?attachment_id=4317\">Act de constatare (19 mai 2016)<\/a><\/p>\n<p><strong>Bunescu Feodosia,<\/strong> primarul satului B\u0103hrine\u0219ti, r-nul Flore\u0219ti<br \/>\n<a href=\"https:\/\/old.cni.md\/?attachment_id=4319\">Act de constatare (07 aprilie 2016)<\/a><\/p>\n<p><strong>Car\u021b\u00een Valeriu, <\/strong>primar al satului Ma\u0219c\u0103u\u021bi, r-nul Criuleni<br \/>\n<a href=\"https:\/\/old.cni.md\/wp-content\/uploads\/2016\/07\/Act-constatare-conflict-Cartin-Valeriu.docx\">Act de constatare (16 iunie 2016)<\/a><\/p>\n<p><strong>Darii Victor,<\/strong> viceprimarul ora\u0219ului Drochia<br \/>\n<a href=\"https:\/\/old.cni.md\/?attachment_id=4323\">Act de constatare (16 iunie 2016)<\/a><\/p>\n<p><strong>Gladun Sergiu, <\/strong>directorul Institutului Mamei \u0219i Copilului al Ministerului S\u0103n\u0103t\u0103\u021bii<br \/>\n<a href=\"https:\/\/old.cni.md\/?attachment_id=4325\">Act de constatare (02 iunie 2016)<\/a><\/p>\n<p><strong>Jereghi Sergiu, <\/strong>primarul satului Coju\u0219na, r-nul Str\u0103\u0219eni<br \/>\n<a href=\"https:\/\/old.cni.md\/?attachment_id=4327\">Act de constatare (19 mai 2016)<\/a><\/p>\n<p><strong>Panainte Zinaida, <\/strong>primarul satului Negre\u0219ti, r-nul Str\u0103\u0219eni<br \/>\n<a href=\"https:\/\/old.cni.md\/?attachment_id=4329\">Act de constatare (19 mai 2016)<\/a><\/p>\n<p><strong>Policinschi Grigore, <\/strong>Pre\u0219edintele raionului Dub\u0103sari<br \/>\n<a href=\"https:\/\/old.cni.md\/?attachment_id=4331\">Act de constatare (28 ianuarie 2016)<\/a><\/p>\n<p><strong>Popa Mihail, pre\u0219edintele raionului Str\u0103\u0219eni<\/strong><br \/>\n<a href=\"https:\/\/old.cni.md\/?attachment_id=4333\">Act de constatare (31 martie 2016)<\/a><\/p>\n<p><strong>Porcescu Iurie, <\/strong>primar al com. Dumbr\u0103vi\u021ba, r-nul S\u00eengerei<br \/>\n<a href=\"https:\/\/old.cni.md\/?attachment_id=4335\">Act de constatare (28 aprilie 2016)<\/a><\/p>\n<p><strong>Catan Valeriu<\/strong>, inspector-judec\u0103tor \u00een Inspec\u021bia judiciar\u0103 pe l\u00eeng\u0103 Consiliul Superior al Magistraturii<br \/>\n<a href=\"https:\/\/old.cni.md\/?attachment_id=4401\">Act de constatare (07 iulie 2016)<\/a><\/p>\n<p><strong>Nicolae Chendighilean<\/strong>, ex-pre\u0219edinte al raionului Basarabeasca<br \/>\n<a href=\"https:\/\/old.cni.md\/?attachment_id=4440\">Act de constatare (07 aprilie\u00a02016)<\/a><\/p>\n<p><strong>Victor Caraman<\/strong>, ex-\u0219ef al Biroului Vamal Bender<br \/>\n<a href=\"https:\/\/old.cni.md\/?attachment_id=4442\">Act de constatare (07 iulie 2016)<\/a><\/p>\n<p><strong>Macovei Anatolie, <\/strong>\u0219ef al Direc\u021biei nr. 6 din cadrul Inspectoratului Na\u021bional de Investiga\u021bii al Inspectoratului General al Poli\u021biei<br \/>\n<a href=\"https:\/\/old.cni.md\/?attachment_id=4504\">Act de constatare (21 iulie 2016)<\/a><\/p>\n<p><strong>Sturza Ion,<\/strong> ex vicepre\u0219edintele raionului Nisporeni<br \/>\n<a href=\"https:\/\/old.cni.md\/?attachment_id=4506\">Act de constatare (23 iunie 2016)<\/a><\/p>\n<p><strong>Tarlev Petru, <\/strong>primar al satului Ba\u0219calia, r-nul Basarabeasca<br \/>\n<a href=\"https:\/\/old.cni.md\/?attachment_id=4508\">Act de constatare (28 iulie 2016)<\/a><\/p>\n<p><strong>Ciobanu Ludmila,<\/strong> directorului IMSP,, Centrul de S\u0103n\u0103tate Soroca\u201d<br \/>\n<a href=\"https:\/\/old.cni.md\/?attachment_id=4549\">Act de constatare (28 iulie 2016)<\/a><\/p>\n<p><strong>Cuibari Constantin,<\/strong> primar al s. Mustea\u021ba r-nul F\u0103le\u0219ti<br \/>\n<a href=\"https:\/\/old.cni.md\/?attachment_id=4552\">Act de constatare (14 iulie 2016)<\/a><\/p>\n<p><strong>Priseajniuc Vladimir <\/strong>, primar al s. \u0218ofr\u00eencani, r-nul Edine\u021b<br \/>\n<a href=\"https:\/\/old.cni.md\/?attachment_id=4554\">Act de constatare (14 iulie 2016)<\/a><\/p>\n<p><strong>Ozun Vasile,\u00a0<\/strong>primar al s. Bogze\u0219ti, r-nul Telene\u0219ti<br \/>\n<a href=\"https:\/\/old.cni.md\/?attachment_id=4557\">Act de constatare (07 iulie 2016)<\/a><\/p>\n<p><strong>V\u00eerlan Radu ,<\/strong><strong>\u00a0<\/strong>primar al s. Mile\u0219ti, r-nul Nisporeni<br \/>\n<a href=\"https:\/\/old.cni.md\/?attachment_id=4559\">Act de constatare (02 iunie 2016)<\/a><\/p>\n<p><strong>\u00a0Iurcu Vitalie<\/strong>, ex-director SA \u201dMoldtelecom\u201d<br \/>\n<a href=\"https:\/\/old.cni.md\/?attachment_id=4592\">Act de constatare (29 octombrie 2015)<\/a><\/p>\n<p><strong>S\u00eerbu Ala<\/strong>, \u00a0ex-director SA \u201dTutun CTC<br \/>\n<a href=\"https:\/\/old.cni.md\/?attachment_id=4594\">Act de constatare (29 octombrie 2015)<\/a><\/p>\n<p><strong>Ciobanu Elena<\/strong>, director SA \u201dAeroport Catering\u201d<br \/>\n<a href=\"https:\/\/old.cni.md\/?attachment_id=4597\">Act de constatare (10 decembrie 2015)<\/a><\/p>\n<p><strong>Deviza Victor, <\/strong>\u0219eful Penitenciarului nr. 7 ,,Rusca\u201d<br \/>\n<a href=\"https:\/\/old.cni.md\/wp-content\/uploads\/2016\/10\/A-C-DEVIZA-CONFLICT-INTERESE-HASURAT.docx\">Act de constatare (16 iulie 2016)<\/a><\/p>\n<p><strong>Ciobanu Ludmila<\/strong>, directorului IMSP,, Centrul de S\u0103n\u0103tate Soroca\u201d<br \/>\n<a href=\"https:\/\/old.cni.md\/?attachment_id=4729\">Act de constatare (28 iulie 2016)<\/a><\/p>\n<p><strong>Cuibari Constantin, <\/strong>primarul s. Mustea\u021ba r-nul F\u0103le\u0219ti<br \/>\n<a href=\"https:\/\/old.cni.md\/?attachment_id=4731\">Act de constatare (14 iulie 2016)<\/a><\/p>\n<p><strong>Priseajniuc Vladimir,<\/strong> primar al s. \u0218ofr\u00eencani, r-nul Edine\u021b<br \/>\n<a href=\"https:\/\/old.cni.md\/?attachment_id=4733\">Act de constatare (14 iulie 2016)<\/a><\/p>\n<p><strong>Ozun Vasile, <\/strong>primarului s. Bogze\u0219ti, r-nul Telene\u0219ti<br \/>\n<a href=\"https:\/\/old.cni.md\/?attachment_id=4735\">Act de constatare (07 iulie 2016)<\/a><\/p>\n<p><strong>V\u00eerlan Radu,<\/strong><strong>\u00a0<\/strong>primar al s. Mile\u0219ti, r-nul Nisporeni<br \/>\n<a href=\"https:\/\/old.cni.md\/?attachment_id=4737\">Act de constatare (02 iulie 2016)<\/a><\/p>\n<p><strong>Ra\u0163a Vasile<\/strong>,\u00a0primar al comunei Sipoteni, raionul C\u0103l\u0103ra\u015fi<br \/>\n<a href=\"https:\/\/old.cni.md\/?attachment_id=4769\">Act de constatare (02 iunie 2016)<\/a><\/p>\n<p><strong>Lisnic Svetlana, <\/strong>directoarea Gr\u0103dini\u0163ei de copii din sat. R\u0103deni, raionul Str\u0103\u015feni<br \/>\n<a href=\"https:\/\/old.cni.md\/?attachment_id=4772\">Act de constatare (25 februarie 2016)<\/a><\/p>\n<p><strong>Ma\u0163co Serghei,<\/strong> ex-adjunct director general (ex-Administrator adjunct) al \u00ce.S. \u201eAeroportul Interna\u0163ional M\u0103rcule\u015fti\u201d<br \/>\n<a href=\"https:\/\/old.cni.md\/?attachment_id=4774\">Act de constatare (11 martie 2016)<\/a><\/p>\n<p><strong>M\u00een\u0103scurt\u0103 Ghenadie,<\/strong> adjunct director general (Administrator adjunct) al \u00ce.S. \u201eAeroportul Interna\u0163ional M\u0103rcule\u015fti\u201d<br \/>\n<a href=\"https:\/\/old.cni.md\/?attachment_id=4776\">Act de constatare (11 martie 2016)<\/a><\/p>\n<p><strong>Nistreanu Ion<\/strong>, primarul comunei B\u0103l\u0103b\u0103ne\u015fti, raionul Criuleni<br \/>\n<a href=\"https:\/\/old.cni.md\/?attachment_id=4778\">Act de constatare (18 februarie 2016)<\/a><\/p>\n<p><strong>Raducan-Rusu Viorica, <\/strong>directorul IMSP \u201eCentrul de S\u0103n\u0103tate Chetrosu\u201d, raionul Drochia<br \/>\n<a href=\"https:\/\/old.cni.md\/?attachment_id=4780\">Act de constatare (03 martie 2016)<\/a><\/p>\n<p><strong>Ciobanu Sergiu, <\/strong>ex-director general al \u00ce.S. \u201eAeroportul Interna\u0163ional M\u0103rcule\u015fti\u201d<br \/>\n<a href=\"https:\/\/old.cni.md\/?attachment_id=4782\">Act de constatare (11 martie 2016)<\/a><\/p>\n<p>&nbsp;<\/p>\n<p>&nbsp;<\/p>\n<p>&nbsp;<\/p>\n<p><script>\/\/ <![CDATA[  \/\/ ]]><\/script><\/p>\n<p><script>\/\/ <![CDATA[  \/\/ ]]><\/script><\/p>\n<p><script>\/\/ <![CDATA[  \/\/ ]]><\/script><\/p>\n<p><script>\/\/ <![CDATA[  \/\/ ]]><\/script><\/p>\n<p><script>\/\/ <![CDATA[  \/\/ ]]><\/script><\/p>\n<p><script>\/\/ <![CDATA[  \/\/ ]]><\/script><\/p>\n<p><script>\/\/ <![CDATA[  \/\/ ]]><\/script><\/p>\n<p><script>\/\/ <![CDATA[  \/\/ ]]><\/script><\/p>\n<p><script>\/\/ <![CDATA[  \/\/ ]]><\/script><\/p>\n<p><script>\/\/ <![CDATA[  \/\/ ]]><\/script><\/p>\n<p><script>\/\/ <![CDATA[  \/\/ ]]><\/script><\/p>\n<p><script>\/\/ <![CDATA[  \/\/ ]]><\/script><\/p>\n<p><script>\/\/ <![CDATA[  \/\/ ]]><\/script><\/p>\n<p><script>\/\/ <![CDATA[  \/\/ ]]><\/script><\/p>\n<p><script>\/\/ <![CDATA[  \/\/ ]]><\/script><\/p>\n<p><script>\/\/ <![CDATA[  \/\/ ]]><\/script><\/p>\n<p><script>\/\/ <![CDATA[  \/\/ ]]><\/script><\/p>\n<p><script>\/\/ <![CDATA[  \/\/ ]]><\/script><\/p>\n<p><script>\/\/ <![CDATA[  \/\/ ]]><\/script><\/p>\n<p><script>\/\/ <![CDATA[  \/\/ ]]><\/script><\/p>\n<p><script>\/\/ <![CDATA[  \/\/ ]]><\/script><\/p>\n<p><script>\/\/ <![CDATA[  \/\/ ]]><\/script><\/p>","protected":false},"excerpt":{"rendered":"<p>Aceast\u0103 sec\u021biune face obiect al public\u0103rii constat\u0103rile Comisiei Na\u021bionale de Integritate privind \u00eenc\u0103lcarea regimului juridic al conflictului de interese \u00een anul 2016 &nbsp; Erhan Petru, administrator adjunct al \u00ceS,, MoldATSA\u201d [&hellip;]<\/p>\n","protected":false},"author":1,"featured_media":0,"parent":0,"menu_order":0,"comment_status":"closed","ping_status":"closed","template":"","meta":{"footnotes":"","_links_to":"","_links_to_target":""},"class_list":["post-3130","page","type-page","status-publish","hentry"],"_links":{"self":[{"href":"https:\/\/old.cni.md\/index.php?rest_route=\/wp\/v2\/pages\/3130","targetHints":{"allow":["GET"]}}],"collection":[{"href":"https:\/\/old.cni.md\/index.php?rest_route=\/wp\/v2\/pages"}],"about":[{"href":"https:\/\/old.cni.md\/index.php?rest_route=\/wp\/v2\/types\/page"}],"author":[{"embeddable":true,"href":"https:\/\/old.cni.md\/index.php?rest_route=\/wp\/v2\/users\/1"}],"replies":[{"embeddable":true,"href":"https:\/\/old.cni.md\/index.php?rest_route=%2Fwp%2Fv2%2Fcomments&post=3130"}],"version-history":[{"count":86,"href":"https:\/\/old.cni.md\/index.php?rest_route=\/wp\/v2\/pages\/3130\/revisions"}],"predecessor-version":[{"id":4783,"href":"https:\/\/old.cni.md\/index.php?rest_route=\/wp\/v2\/pages\/3130\/revisions\/4783"}],"wp:attachment":[{"href":"https:\/\/old.cni.md\/index.php?rest_route=%2Fwp%2Fv2%2Fmedia&parent=3130"}],"curies":[{"name":"wp","href":"https:\/\/api.w.org\/{rel}","templated":true}]}}