  {"id":3134,"date":"2016-05-27T11:37:58","date_gmt":"2016-05-27T11:37:58","guid":{"rendered":"http:\/\/old.cni.md\/?page_id=3134"},"modified":"2016-10-12T06:24:38","modified_gmt":"2016-10-12T06:24:38","slug":"constatarile-comisiei-nationale-de-integritate-2016","status":"publish","type":"page","link":"https:\/\/old.cni.md\/?page_id=3134","title":{"rendered":"Constat\u0103rile Comisiei Na\u021bionale de Integritate \u2013 2016"},"content":{"rendered":"<p><\/p>\n<h2 style=\"font-weight: 500;\"><a style=\"color: #428bca;\" href=\"https:\/\/old.cni.md\/wp-content\/uploads\/2014\/08\/document-icon.png\"><img loading=\"lazy\" decoding=\"async\" class=\"alignleft wp-image-1358\" src=\"https:\/\/old.cni.md\/wp-content\/uploads\/2014\/08\/document-icon-300x300.png\" alt=\"document icon\" width=\"50\" height=\"50\" srcset=\"https:\/\/old.cni.md\/wp-content\/uploads\/2014\/08\/document-icon-300x300.png 300w, https:\/\/old.cni.md\/wp-content\/uploads\/2014\/08\/document-icon-150x150.png 150w, https:\/\/old.cni.md\/wp-content\/uploads\/2014\/08\/document-icon.png 420w\" sizes=\"auto, (max-width: 50px) 100vw, 50px\" \/><\/a><\/h2>\n<p><span style=\"font-weight: bold;\">Aceast\u0103 sec\u021biune face obiect al public\u0103rii constat\u0103rile Comisiei Na\u021bionale de Integritate privind \u00eenc\u0103lcarea regimului juridic al incompatibilit\u0103\u021bilor \u00een 2016<\/span><\/p>\n<p><script>\/\/ <![CDATA[  \/\/ ]]><\/script><\/p>\n<p>&nbsp;<\/p>\n<p><strong>Smirnov Eduard,<\/strong><strong>\u00a0<\/strong>deputat \u00een Parlamentul Republicii Moldova<br \/>\n<a href=\"https:\/\/old.cni.md\/wp-content\/uploads\/2016\/05\/8.Act-de-constatare-SMIRNOV-I.doc\">Act de constatare (11 februarie 2016)<\/a><\/p>\n<p><strong>Stratan Valentina,<\/strong><strong>\u00a0<\/strong>deputat \u00een Parlamentul Republicii Moldova<br \/>\n<a href=\"https:\/\/old.cni.md\/wp-content\/uploads\/2016\/05\/9.Act-de-constatare-V.STRATAN-I.doc\">Act de constatare (03 martie 2016)<\/a><\/p>\n<p><strong>B\u0103ie\u0219u Aurel,<\/strong> judec\u0103tor \u00een cadrul Cur\u021bii Constitu\u021bionale a Republicii Moldova<br \/>\n<a href=\"https:\/\/old.cni.md\/wp-content\/uploads\/2016\/05\/1.Act-incompatibilitate-Baiesu.doc\">Act de constatare (24 martie 2016)<\/a><\/p>\n<p><strong>Zagorodniuc Vera,<\/strong> inspector fiscal \u00een cadrul Inspectoratului Fiscal de Stat pe raionul Orhei<br \/>\n<a href=\"https:\/\/old.cni.md\/wp-content\/uploads\/2016\/05\/10.Act-incompatibilitate-Zagorodniuc-Vera.doc\">Act de constatare (07 aprilie 2016)<\/a><\/p>\n<p><strong>Zagorodniuc Virginia,<\/strong>\u00a0inspector fiscal \u00een cadrul Inspectoratului Fiscal de Stat pe raionul Orhei<br \/>\n<a href=\"https:\/\/old.cni.md\/wp-content\/uploads\/2016\/05\/11.Act-incompatibilitate-Zagorodniuc-Virginia.doc\">Act de constatare (07 aprilie 2016)<\/a><\/p>\n<p><strong>Golovin Boris,<\/strong> director al Centrului Na\u021bional de Asisten\u021b\u0103 Medical\u0103 Urgent\u0103 Prespitaliceasc\u0103<br \/>\n<a href=\"https:\/\/old.cni.md\/wp-content\/uploads\/2016\/05\/7.Act-de-constatare-Golovin.doc\">Act de constatare (28\u00a0aprile 2016)<\/a><\/p>\n<p><strong>Cojocaru Grigore<\/strong>, ex-primar al or. Flore\u0219ti<br \/>\n<a href=\"https:\/\/old.cni.md\/wp-content\/uploads\/2016\/05\/6.Act-de-constatare-Cojocaru.doc\">Act de constatare (05 mai 2016)<\/a><\/p>\n<p><strong>Doina Aurica, <\/strong>membru al Comisiei Na\u021bionale a Pie\u021bei Financiare<br \/>\n<a href=\"https:\/\/old.cni.md\/wp-content\/uploads\/2016\/05\/3.Act-incompatibilitate-Doina-adoptat.doc\">Act de constatare (28 aprilie 2016)<\/a><\/p>\n<p><strong>Filip Iurie, <\/strong>vicepre\u0219edinte\u00a0al Comisiei Na\u021bionale a Pie\u021bei Financiare<br \/>\n<a href=\"https:\/\/old.cni.md\/wp-content\/uploads\/2016\/05\/4.Act-incompatibilitate-Filip-adoptat.doc\">Act de constatare (05 mai 2016)<\/a><\/p>\n<p><strong>Cebanu Ion,<\/strong>\u00a0director general al Agen\u021biei \u201d<em>Moldsilva<\/em>\u201d<br \/>\n<a href=\"https:\/\/old.cni.md\/wp-content\/uploads\/2016\/05\/5.Act-de-constatare-CEBANU-I.doc\">Act de constatare (05 mai 2016)<\/a><\/p>\n<p><strong>Captari Victor, <\/strong>membru al Comisiei Na\u021bionale a Pie\u021bei Financiare<strong><br \/>\n<\/strong><a href=\"https:\/\/old.cni.md\/wp-content\/uploads\/2016\/05\/2.Act-incompatibilitate-Captari.doc\">Act de constatare (28 aprilie 2016)<\/a><\/p>\n<p><strong>Gorila Anatolii, \u00a0<\/strong>deputat \u00een Parlamentul Republicii Moldova<strong><br \/>\n<\/strong><a href=\"https:\/\/old.cni.md\/wp-content\/uploads\/2016\/07\/AC-_Gorila-_INC-adoptat.docx\">Act de constatare (02 iunie 2016)<\/a><\/p>\n<p><strong>Nicolae Molozea,<\/strong><strong>\u00a0<\/strong>pre\u0219edinte al raionului \u0218tefan Vod\u0103<strong><br \/>\n<\/strong><a href=\"https:\/\/old.cni.md\/?attachment_id=4264\">Act de constatare (19 mai 2016)<\/a><\/p>\n<p><strong>Mudreac Radu, \u00a0<\/strong>deputat \u00een Parlamentul Republicii Moldova<strong><br \/>\n<\/strong><a href=\"https:\/\/old.cni.md\/?attachment_id=4266\">Act de constatare (11 februarie 2016)<\/a><\/p>\n<p><strong>Negu\u021ba Andrei, \u00a0<\/strong>deputat \u00een Parlamentul Republicii Moldova<strong><br \/>\n<\/strong><a href=\"https:\/\/old.cni.md\/?attachment_id=4268\">Act de constatare (11 februarie 2016)<\/a><\/p>\n<p><strong>Negru Alexei<\/strong>, \u0219ef adjunct al Inspectoratului Fiscal de Stat \u0218tefan Vod\u0103<br \/>\n<a href=\"https:\/\/old.cni.md\/?attachment_id=4270\">Act de constatare (26 mai 2016)<\/a><\/p>\n<p><strong>Diacioc Valeriu<\/strong>, \u0219ef al Inspectoratului Fiscal de Stat Edine\u021b<br \/>\n<a href=\"https:\/\/old.cni.md\/?attachment_id=4272\">Act de constatare (26 mai 2016)<\/a><\/p>\n<p><strong>Verde\u0219 Tatiana<\/strong>, \u0219ef-adjunct al Inspectoratului Fiscal de Stat Cantemir (IFS)<br \/>\n<a href=\"https:\/\/old.cni.md\/?attachment_id=4274\">Act de constatare (23 iunie 2016)<\/a><\/p>\n<p><strong>Altunin Pavel,<\/strong> inspector superior \u00een cadrul Direc\u021biei Raionale pentru siguran\u021ba Alimentelor Anenii Noi<br \/>\n<a href=\"https:\/\/old.cni.md\/wp-content\/uploads\/2016\/07\/A-C-ALTUNIN-INCOMPATIBILITATE-HASURAT.docx\">Act de constatare (28 aprilie 2016)<\/a><\/p>\n<p><strong>Andronic Nadejda, <\/strong>inspector principal \u00een cadrul Direc\u021biei Raionale pentru siguran\u021ba Alimentelor Anenii Noi<strong><br \/>\n<\/strong><a href=\"https:\/\/old.cni.md\/wp-content\/uploads\/2016\/07\/A-C-ANDRONIC-INCOMPATIBILITATE-HASURAT.docx\">Act de constatare (28 aprilie 2016)<\/a><strong><br \/>\n<\/strong><\/p>\n<p><strong>Braga Alexandra, <\/strong>\u0219ef serviciu siguran\u021ba alimentelor al Direc\u021biei Raionale pentru siguran\u021ba Alimentelor Ialoveni<br \/>\n<a href=\"https:\/\/old.cni.md\/wp-content\/uploads\/2016\/07\/A-C-BRAGA-INCOMPATIBILITATE-HASURAT.docx\">Act de constatare (28 aprilie 2016)<\/a><\/p>\n<p><strong>Goril\u0103 Anatolie, \u00a0<\/strong>deputat \u00een Parlamentul Republicii Moldova<strong><br \/>\n<\/strong><a href=\"https:\/\/old.cni.md\/?attachment_id=4283\">Act de constatare (02 iunie 2016)<\/a><\/p>\n<p><strong>\u021augulea Ion,<\/strong> vicepre\u0219edintele raionului Nisporeni<br \/>\n<a href=\"https:\/\/old.cni.md\/wp-content\/uploads\/2016\/07\/Act-constatare-incompatibilitate-Tugulea-Ion.docx\">Act de constatare (16 iunie 2016)<\/a><\/p>\n<p><strong>Caraman Victor <\/strong>, ex-\u0219ef al Biroului Vamal Bender<br \/>\n<a href=\"https:\/\/old.cni.md\/?attachment_id=4444\">Act de constatare (07 iulie 2016)<\/a><\/p>\n<p><strong>Hulub Tatiana,<\/strong> inspector al \u00a0Serviciului managementul riscurilor, Sec\u021bia Contractarea Fraudelor Vamale, Biroul Vamal Cahul<br \/>\n<a href=\"https:\/\/old.cni.md\/?attachment_id=4563\">Act de constatare (30 iunie 2016)<\/a><\/p>\n<p><strong>\u015earamet Iurie<\/strong>, \u0219ef al Inspectoratului Fiscal de Stat Flore\u0219ti<br \/>\n<a href=\"https:\/\/old.cni.md\/wp-content\/uploads\/2016\/10\/2.Act-incompatibilitate-Saramet-proiect.doc\">Act de constatare (09 iunie 2016)<\/a><\/p>\n<p><strong>Colun Vitalie<\/strong><strong>,<\/strong> \u0219ef al Inspectoratului Fiscal de Stat Orhei<br \/>\n<a href=\"https:\/\/old.cni.md\/?attachment_id=4569\">Act de constatare (21 iulie 2016)<\/a><\/p>\n<p><strong>Gu\u021bu Vasile,<\/strong> vicepre\u0219edintele r-lui R\u00ee\u0219cani<br \/>\n<a href=\"https:\/\/old.cni.md\/?attachment_id=4571\">Act de constatare (07 iulie 2016)<\/a><\/p>\n<p><strong>Rusu Larisa,\u00a0<\/strong>\u0219ef al Inspectoratului Fiscal de Stat pe raionul Briceni<br \/>\n<a href=\"https:\/\/old.cni.md\/?attachment_id=4573\">Act de constatare (28 iulie 2016)<\/a><\/p>\n<p><strong>Jereghi\u00a0Victor,<\/strong> primar al s. Bulboaca, r-nul Anenii Noi<br \/>\n<a href=\"https:\/\/old.cni.md\/?attachment_id=4575\">Act de constatare (09 iunie 2016)<\/a><\/p>\n<p><strong>Lanovenco Victor<\/strong><strong>,<\/strong> judec\u0103tor \u00een cadrul Judec\u0103toriei Vulc\u0103ne\u0219ti<br \/>\n<a href=\"https:\/\/old.cni.md\/?attachment_id=4577\">Act de constatare (30 iunie 2016)<\/a><\/p>\n<p><strong>L\u00ees\u00eei Svetlana<\/strong><strong>,<\/strong> contabil-\u0219ef \u00een cadrul Prim\u0103riei s. R\u00ee\u0219cova, r-nul Criuleni<br \/>\n<a href=\"https:\/\/old.cni.md\/wp-content\/uploads\/2016\/10\/8.Act-de-constatare-LISII-I-1.doc\">Act de constatare (07 iulie 2016)<\/a><\/p>\n<p><strong>Manole Nina<\/strong><strong>,<\/strong> \u0219ef al Inspectoratului Fiscal de Stat S\u00eengerei<br \/>\n<a href=\"https:\/\/old.cni.md\/?attachment_id=4581\">Act de constatare (19 mai 2016)<\/a><\/p>\n<p><strong>Moraru Igor<\/strong><strong>,<\/strong> vice-pretor al sectorului Ciocana, mun. Chi\u0219in\u0103u<br \/>\n<a href=\"https:\/\/old.cni.md\/?attachment_id=4583\">Act de constatare (09 iunie 2016)<\/a><\/p>\n<p><strong>Pantea Natalia<\/strong><strong>,<\/strong> specialist pentru reglementarea regimului funciar \u00een cadrul Prim\u0103riei s. R\u00ee\u0219cova, r-nul Criuleni<br \/>\n<a href=\"https:\/\/old.cni.md\/?attachment_id=4585\">Act de constatare (07 iulie 2016)<\/a><\/p>\n<p><strong>Mititiuc Petru<\/strong>, ex-\u0219ef adjunct al Direc\u021biei transport rutier a Ministerului Transporturilor \u0219i Infrastructurii Drumurilor (MTID)<br \/>\n<a href=\"https:\/\/old.cni.md\/?attachment_id=4599\">Act de constatare (21 aprilie 2016)<\/a><\/p>\n<p><strong>Ioxa Ghenadie,<\/strong><strong>\u00a0<\/strong>primar al comunei Drepc\u0103u\u021bi, r-nul Briceni<br \/>\n<a href=\"https:\/\/old.cni.md\/?attachment_id=4688\">Act de constatare (07 aprilie 2016)<\/a><\/p>\n<p><strong>Lungu Octavian,<\/strong><strong>\u00a0<\/strong>director al Agen\u021biei Na\u021bionale pentru Reglementare \u00een Energetic\u0103<br \/>\n<a href=\"https:\/\/old.cni.md\/?attachment_id=4690\">Act de constatare (02 iunie 2016)<\/a><\/p>\n<p><strong>Ceapa Valeriu<\/strong>, primar al or. Flore\u0219ti, r-nul Flore\u0219ti<br \/>\n<a href=\"https:\/\/old.cni.md\/?attachment_id=4692\">Act de constatare (26 mai 2016)<\/a><\/p>\n<p><strong>Hulub Tatiana<\/strong>, inspector al \u00a0Serviciului managementul riscurilor, Sec\u021bia Contractarea Fraudelor Vamale, Biroul Vamal Cahul<br \/>\n<a href=\"https:\/\/old.cni.md\/?attachment_id=4739\">Act de constatare (30 iunie 2016)<\/a><\/p>\n<p><strong>\u015earamet Iurie<\/strong>, \u0219ef al Inspectoratului Fiscal de Stat Flore\u0219ti<br \/>\n<a href=\"https:\/\/old.cni.md\/wp-content\/uploads\/2016\/10\/2.Act-incompatibilitate-Saramet-proiect-1.doc\">Act de constatare (09 iunie 2016)<\/a><\/p>\n<p><strong>Colun Vitalie<\/strong><strong>,<\/strong> \u0219ef al Inspectoratului Fiscal de Stat Orhei (IFS)<br \/>\n<a href=\"https:\/\/old.cni.md\/?attachment_id=4744\">Act de constatare (21 iulie 2016)<\/a><\/p>\n<p><strong>Gu\u021bu Vasile,<\/strong> vicepre\u0219edintele r-lui R\u00ee\u0219cani<br \/>\n<a href=\"https:\/\/old.cni.md\/?attachment_id=4746\">Act de constatare (07 iulie 2016)<\/a><\/p>\n<p><strong>Rusu Larisa<\/strong>, \u0219ef al Inspectoratului Fiscal de Stat pe raionul Briceni<br \/>\n<a href=\"https:\/\/old.cni.md\/?attachment_id=4748\">Act de constatare (28 iulie 2016)<\/a><\/p>\n<p><strong>Jereghi Victor,<\/strong> primar al s. Bulboaca, r-nul Anenii Noi<br \/>\n<a href=\"https:\/\/old.cni.md\/?attachment_id=4750\">Act de constatare (09 iunie 2016)<\/a><\/p>\n<p><strong>Lanovenco Victor<\/strong><strong>,<\/strong> judec\u0103tor \u00een cadrul Judec\u0103toriei Vulc\u0103ne\u0219ti<br \/>\n<a href=\"https:\/\/old.cni.md\/?attachment_id=4752\">Act de constatare (30 iunie 2016)<\/a><\/p>\n<p><strong>L\u00ees\u00eei Svetlana<\/strong><strong>,<\/strong> contabil-\u0219ef \u00een cadrul Prim\u0103riei s. R\u00ee\u0219cova, r-nul Criuleni<br \/>\n<a href=\"https:\/\/old.cni.md\/wp-content\/uploads\/2016\/10\/8.Act-de-constatare-LISII-I-1.doc\">Act de constatare (07 iulie 2016)<\/a><\/p>\n<p><strong>Manole Nina<\/strong><strong>,<\/strong> \u0219ef al Inspectoratului Fiscal de Stat S\u00eengerei (IFS)<br \/>\n<a href=\"https:\/\/old.cni.md\/?attachment_id=4756\">Act de constatare (19 mai 2016)<\/a><\/p>\n<p><strong>Moraru Igor<\/strong><strong>,<\/strong> vice-pretor al sectorului Ciocana, mun. Chi\u0219in\u0103u<br \/>\n<a href=\"https:\/\/old.cni.md\/?attachment_id=4758\">Act de constatare (09 iunie 2016)<\/a><\/p>\n<p><strong>Pantea Natalia<\/strong><strong>,<\/strong> specialist pentru reglementarea regimului funciar \u00een cadrul Prim\u0103riei s. R\u00ee\u0219cova, r-nul Criuleni<br \/>\n<a href=\"https:\/\/old.cni.md\/wp-content\/uploads\/2016\/10\/11.Act-de-constatare-PANTEA-I.doc\">Act de constatare (07 iulie 2016)<\/a><\/p>\n<p><strong>Caraseni Demian, <\/strong>deputat \u00een Parlamentul Republicii Moldova<br \/>\n<a href=\"https:\/\/old.cni.md\/?attachment_id=4761\">Act de constatare (19 mai 2016)<\/a><\/p>\n<p><strong>Carp Lilian,\u00a0<\/strong>deputat \u00een Parlamentul Republicii Moldova<br \/>\n<a href=\"https:\/\/old.cni.md\/?attachment_id=4763\">Act de constatare (05 mai 2016)<\/a><\/p>\n<p><strong>Valentin Guznac, <\/strong>secretar general adjunct al Guvernului<strong><br \/>\n    <a href=\"https:\/\/old.cni.md\/?attachment_id=4765\">Act de constatare (28 iulie 2016)<\/a><br \/>\n<\/strong><\/p>\n<p><strong>Vasile Ra\u0163a, <\/strong>primar al comunei Sipoteni, raionul C\u0103l\u0103ra\u015fi<strong><br \/>\n    <a href=\"https:\/\/old.cni.md\/?attachment_id=4767\">Act de constatare (02 iunie 2016)<\/a><\/strong><\/p>\n<p>&nbsp;<\/p>\n<p>&nbsp;<\/p>\n<p>&nbsp;<\/p>\n<p>&nbsp;<\/p>\n<p>&nbsp;<\/p>\n<p>&nbsp;<\/p>\n<p>&nbsp;<\/p>\n<p>&nbsp;<\/p>\n<p>&nbsp;<\/p>\n<p><script>\/\/ <![CDATA[  \/\/ ]]><\/script><\/p>\n<p><script>\/\/ <![CDATA[  \/\/ ]]><\/script><\/p>\n<p><script>\/\/ <![CDATA[  \/\/ ]]><\/script><\/p>\n<p><script>\/\/ <![CDATA[  \/\/ ]]><\/script><\/p>\n<p><script>\/\/ <![CDATA[  \/\/ ]]><\/script><\/p>\n<p><script>\/\/ <![CDATA[  \/\/ ]]><\/script><\/p>\n<p><script>\/\/ <![CDATA[  \/\/ ]]><\/script><\/p>\n<p><script>\/\/ <![CDATA[  \/\/ ]]><\/script><\/p>\n<p><script>\/\/ <![CDATA[  \/\/ ]]><\/script><\/p>\n<p><script>\/\/ <![CDATA[  \/\/ ]]><\/script><\/p>\n<p><script>\/\/ <![CDATA[  \/\/ ]]><\/script><\/p>\n<p><script>\/\/ <![CDATA[  \/\/ ]]><\/script><\/p>\n<p><script>\/\/ <![CDATA[  \/\/ ]]><\/script><\/p>\n<p><script>\/\/ <![CDATA[  \/\/ ]]><\/script><\/p>\n<p><script>\/\/ <![CDATA[  \/\/ ]]><\/script><\/p>\n<p><script>\/\/ <![CDATA[  \/\/ ]]><\/script><\/p>\n<p><script>\/\/ <![CDATA[  \/\/ ]]><\/script><\/p>\n<p><script>\/\/ <![CDATA[  \/\/ ]]><\/script><\/p>","protected":false},"excerpt":{"rendered":"<p>Aceast\u0103 sec\u021biune face obiect al public\u0103rii constat\u0103rile Comisiei Na\u021bionale de Integritate privind \u00eenc\u0103lcarea regimului juridic al incompatibilit\u0103\u021bilor \u00een 2016 &nbsp; Smirnov Eduard,\u00a0deputat \u00een Parlamentul Republicii Moldova Act de constatare (11 [&hellip;]<\/p>\n","protected":false},"author":1,"featured_media":0,"parent":0,"menu_order":0,"comment_status":"closed","ping_status":"closed","template":"","meta":{"footnotes":"","_links_to":"","_links_to_target":""},"class_list":["post-3134","page","type-page","status-publish","hentry"],"_links":{"self":[{"href":"https:\/\/old.cni.md\/index.php?rest_route=\/wp\/v2\/pages\/3134","targetHints":{"allow":["GET"]}}],"collection":[{"href":"https:\/\/old.cni.md\/index.php?rest_route=\/wp\/v2\/pages"}],"about":[{"href":"https:\/\/old.cni.md\/index.php?rest_route=\/wp\/v2\/types\/page"}],"author":[{"embeddable":true,"href":"https:\/\/old.cni.md\/index.php?rest_route=\/wp\/v2\/users\/1"}],"replies":[{"embeddable":true,"href":"https:\/\/old.cni.md\/index.php?rest_route=%2Fwp%2Fv2%2Fcomments&post=3134"}],"version-history":[{"count":67,"href":"https:\/\/old.cni.md\/index.php?rest_route=\/wp\/v2\/pages\/3134\/revisions"}],"predecessor-version":[{"id":4768,"href":"https:\/\/old.cni.md\/index.php?rest_route=\/wp\/v2\/pages\/3134\/revisions\/4768"}],"wp:attachment":[{"href":"https:\/\/old.cni.md\/index.php?rest_route=%2Fwp%2Fv2%2Fmedia&parent=3134"}],"curies":[{"name":"wp","href":"https:\/\/api.w.org\/{rel}","templated":true}]}}