  {"id":32,"date":"2014-04-01T06:15:07","date_gmt":"2014-04-01T06:15:07","guid":{"rendered":"http:\/\/old.cni.md\/?page_id=32"},"modified":"2014-04-02T16:44:58","modified_gmt":"2014-04-02T16:44:58","slug":"rapoarte-si-informatii","status":"publish","type":"page","link":"https:\/\/old.cni.md\/?page_id=32","title":{"rendered":"Rapoarte \u015fi informa\u021bii"},"content":{"rendered":"<div><strong>RAPORTUL DE ACTIVITATE<\/strong><\/div>\n<div><em>al Comisiei Na\u021bionale de Integritate pentru anul 2013.\u00a0<\/em><em>Vizualiza\u021bi\u00a0<a title=\"Raport_final_2013_ro.pdf\" href=\"http:\/\/www.cni.md\/Upload\/Raport_final_2013_ro.pdf\">aici<\/a><\/em><em>.<\/em>\u00a0<strong>\u00a0 \u00a0 \u00a0\u00a0<\/strong><\/div>\n<div><strong>\u00a0<\/strong><\/div>\n<div><strong>RAPORTUL DE ACTIVITATE<\/strong><\/div>\n<div><em>al Comisiei Na\u021bionale de Integritate pentru 9 luni ale anului 2013.\u00a0<\/em><em>Vizualiza\u021bi\u00a0<a title=\"CNI 9 luni 2013.doc\" href=\"https:\/\/old.cni.md\/DF_DocumentViewer.aspx?id=e7167346-a350-4140-aa74-1652a48275e0\">aici<\/a><\/em><em>.<\/em><\/div>\n<div><\/div>\n<div>\n<div><strong>RAPORTUL DE ACTIVITATE<\/strong><\/div>\n<div><em>al Comisiei Na\u021bionale de Integritate \u00een perioada semestrului I al anului 2013\u00a0<\/em>\u00a0<a title=\"NOTA 013.pdf\" href=\"http:\/\/www.cni.md\/DF_DocumentViewer.aspx?id=0efbe644-6971-4d91-a6d0-2b3986eab42c\"><img decoding=\"async\" alt=\"\" src=\"https:\/\/old.cni.md\/Images\/pdfIcon.gif\" \/><\/a><\/div>\n<\/div>\n<div><strong>\u00a0 \u00a0 \u00a0 \u00a0 \u00a0 \u00a0 \u00a0 \u00a0 \u00a0 \u00a0 \u00a0<\/strong><\/div>\n<div>\n<div><strong>RAPORT<\/strong><\/div>\n<div><strong><em>despre realizarea Planului de ac\u0163iuni pentru anii 2012-2013 de implementare a Strategiei na\u0163ionale anticorup\u0163ie pe anii 2011-2015 de c\u0103tre Comisia Na\u0163ional\u0103 de Integritate Simestrul I 2013<\/em><\/strong>\u00a0g\u0103si\u021bi\u00a0<a title=\"Raport  sim.I Plan CNA (1).doc\" href=\"https:\/\/old.cni.md\/DF_DocumentViewer.aspx?id=32d1b4ca-c2cf-4833-801e-e6ab6d4a033a\">aici<\/a><\/div>\n<div>\n<div><strong>RAPORT<\/strong><\/div>\n<div><strong><em>despre realizarea Planului de ac\u0163iuni pentru anii 2012-2013 de implementare a Strategiei na\u0163ionale anticorup\u0163ie pe anii 2011-2015 de c\u0103tre Comisia Na\u0163ional\u0103 de Integritate Trimestrul I 2013<\/em><\/strong>\u00a0g\u0103si\u021bi\u00a0<a title=\"Raport  trim I Plan CNA.pdf\" href=\"https:\/\/old.cni.md\/DF_DocumentViewer.aspx?id=2072eaba-da4f-4888-80ec-a899e8962b43\">aici<\/a><\/div>\n<\/div>\n<\/div>\n","protected":false},"excerpt":{"rendered":"<p>RAPORTUL DE ACTIVITATE al Comisiei Na\u021bionale de Integritate pentru anul 2013.\u00a0Vizualiza\u021bi\u00a0aici.\u00a0\u00a0 \u00a0 \u00a0\u00a0 \u00a0 RAPORTUL DE ACTIVITATE al Comisiei Na\u021bionale de Integritate pentru 9 luni ale anului 2013.\u00a0Vizualiza\u021bi\u00a0aici. RAPORTUL DE [&hellip;]<\/p>\n","protected":false},"author":1,"featured_media":0,"parent":28,"menu_order":0,"comment_status":"open","ping_status":"open","template":"","meta":{"footnotes":"","_links_to":"","_links_to_target":""},"class_list":["post-32","page","type-page","status-publish","hentry"],"_links":{"self":[{"href":"https:\/\/old.cni.md\/index.php?rest_route=\/wp\/v2\/pages\/32","targetHints":{"allow":["GET"]}}],"collection":[{"href":"https:\/\/old.cni.md\/index.php?rest_route=\/wp\/v2\/pages"}],"about":[{"href":"https:\/\/old.cni.md\/index.php?rest_route=\/wp\/v2\/types\/page"}],"author":[{"embeddable":true,"href":"https:\/\/old.cni.md\/index.php?rest_route=\/wp\/v2\/users\/1"}],"replies":[{"embeddable":true,"href":"https:\/\/old.cni.md\/index.php?rest_route=%2Fwp%2Fv2%2Fcomments&post=32"}],"version-history":[{"count":2,"href":"https:\/\/old.cni.md\/index.php?rest_route=\/wp\/v2\/pages\/32\/revisions"}],"predecessor-version":[{"id":110,"href":"https:\/\/old.cni.md\/index.php?rest_route=\/wp\/v2\/pages\/32\/revisions\/110"}],"up":[{"embeddable":true,"href":"https:\/\/old.cni.md\/index.php?rest_route=\/wp\/v2\/pages\/28"}],"wp:attachment":[{"href":"https:\/\/old.cni.md\/index.php?rest_route=%2Fwp%2Fv2%2Fmedia&parent=32"}],"curies":[{"name":"wp","href":"https:\/\/api.w.org\/{rel}","templated":true}]}}