  {"id":3255,"date":"2016-06-14T11:09:07","date_gmt":"2016-06-14T11:09:07","guid":{"rendered":"http:\/\/old.cni.md\/?page_id=3255"},"modified":"2016-06-17T12:39:03","modified_gmt":"2016-06-17T12:39:03","slug":"achizitii-publice","status":"publish","type":"page","link":"https:\/\/old.cni.md\/?page_id=3255","title":{"rendered":"Achizi\u021bii publice"},"content":{"rendered":"<p><em><strong>Achizi\u0163ionarea Serviciilor de digitizare \u015fi procesare a<\/strong><\/em><em><strong>declara\u0163iilor cu privire la venituri \u015fi proprietate \u015fi a declara\u0163iilor de interese personale, depuse pentru anul 2015<\/strong><\/em><\/p>\n<p>&nbsp;<\/p>\n<p><a href=\"https:\/\/old.cni.md\/wp-content\/uploads\/2016\/06\/Documente-de-licitatie-scanare-procesare-2016-new-5.docx\">Obiectivul achizi\u021biei\u00a0(13 iunie 2016)<\/a><\/p>\n<p><script>\/\/ <![CDATA[\n\n\/\/ ]]><\/script><\/p>\n<p><script>\/\/ <![CDATA[\n\n\/\/ ]]><\/script><\/p>","protected":false},"excerpt":{"rendered":"<p>Achizi\u0163ionarea Serviciilor de digitizare \u015fi procesare adeclara\u0163iilor cu privire la venituri \u015fi proprietate \u015fi a declara\u0163iilor de interese personale, depuse pentru anul 2015 &nbsp; Obiectivul achizi\u021biei\u00a0(13 iunie 2016)<\/p>\n","protected":false},"author":1,"featured_media":0,"parent":119,"menu_order":2,"comment_status":"closed","ping_status":"closed","template":"","meta":{"footnotes":"","_links_to":"","_links_to_target":""},"class_list":["post-3255","page","type-page","status-publish","hentry"],"_links":{"self":[{"href":"https:\/\/old.cni.md\/index.php?rest_route=\/wp\/v2\/pages\/3255","targetHints":{"allow":["GET"]}}],"collection":[{"href":"https:\/\/old.cni.md\/index.php?rest_route=\/wp\/v2\/pages"}],"about":[{"href":"https:\/\/old.cni.md\/index.php?rest_route=\/wp\/v2\/types\/page"}],"author":[{"embeddable":true,"href":"https:\/\/old.cni.md\/index.php?rest_route=\/wp\/v2\/users\/1"}],"replies":[{"embeddable":true,"href":"https:\/\/old.cni.md\/index.php?rest_route=%2Fwp%2Fv2%2Fcomments&post=3255"}],"version-history":[{"count":5,"href":"https:\/\/old.cni.md\/index.php?rest_route=\/wp\/v2\/pages\/3255\/revisions"}],"predecessor-version":[{"id":3311,"href":"https:\/\/old.cni.md\/index.php?rest_route=\/wp\/v2\/pages\/3255\/revisions\/3311"}],"up":[{"embeddable":true,"href":"https:\/\/old.cni.md\/index.php?rest_route=\/wp\/v2\/pages\/119"}],"wp:attachment":[{"href":"https:\/\/old.cni.md\/index.php?rest_route=%2Fwp%2Fv2%2Fmedia&parent=3255"}],"curies":[{"name":"wp","href":"https:\/\/api.w.org\/{rel}","templated":true}]}}