  {"id":40,"date":"2014-04-01T06:16:00","date_gmt":"2014-04-01T06:16:00","guid":{"rendered":"http:\/\/old.cni.md\/?page_id=40"},"modified":"2016-04-21T13:04:42","modified_gmt":"2016-04-21T13:04:42","slug":"contacte","status":"publish","type":"page","link":"https:\/\/old.cni.md\/?page_id=40","title":{"rendered":"Contacte"},"content":{"rendered":"<p><strong>Adres\u0103: MD-2068, Republica Moldova, or.Chi\u015fin\u0103u, str. Alecu Russo 1, et.4.<\/strong><\/p>\n<p><strong>E-mail: info@cni.md<\/strong><\/p>\n<p><strong>Fax: 022 820 602<\/strong><\/p>\n<p><strong>Telefon Anticamer\u0103: 022 820 601<\/strong><\/p>\n<p><strong><iframe loading=\"lazy\" src=\"https:\/\/mapsengine.google.com\/map\/u\/0\/embed?mid=zpFf3RMIxitg.kqcCrMHYnGd4\" width=\"531\" height=\"399\" frameborder=\"0\"><\/iframe><\/strong><\/p>\n<p style=\"color: #000000;\"><strong>Pre\u0219edinte &#8211; Anatolie Donciu<\/strong><br \/>\nTelefon: 022 820 601<br \/>\nE-mail: anatolie.donciu@cni.md<br \/>\nAudien\u021ba cet\u0103\u021benilor: prima \u0219i a treia zi de luni, de la 14.00 p\u00e2n\u0103 la 17.00 (birou 46)<\/p>\n<p style=\"color: #000000;\"><strong>Vicepre\u0219edinte &#8211; Victor Str\u0103til\u0103<\/strong><br \/>\nTelefon: 022 820 603<br \/>\nE-mail: victor.stratila@cni.md<br \/>\nAudien\u021ba cet\u0103\u021benilor: a doua \u0219i a patra zi de luni, de la 14.00 p\u00e2n\u0103 la 17.00 (birou 76)<\/p>\n<p style=\"color: #000000;\"><strong>Membru al Comisiei \u2013 Leonid Morari<\/strong><\/p>\n<p style=\"color: #000000;\">Telefon: 022 820 611<br \/>\nE-mail: leonid.morari@cni.md<br \/>\nAudien\u021ba cet\u0103\u021benilor: \u00een fiecare zi de mar\u021bi de la 09.00 p\u00e2n\u0103 la 12.00 \u00een fiecare zi de miercuri de la 14.00 p\u00e2n\u0103 la 17.00 (birou 74)<\/p>\n<p style=\"color: #000000;\"><strong>Membru al Comisiei \u2013 Vera Lupu<\/strong><\/p>\n<p style=\"color: #000000;\">Telefon: 022 820 605<br \/>\nE-mail: vera.lupu@cni.md<br \/>\nAudien\u021ba cet\u0103\u021benilor: \u00een fiecare zi de miercuri de la 09.00 p\u00e2n\u0103 la 12.00 \u00een fiecare zi de joi de la 14.00 p\u00e2n\u0103 la 17.00 (birou 76a)<\/p>\n<p style=\"color: #000000;\"><strong>Membru al Comisiei \u2013 Dumitru Prijmireanu<\/strong><\/p>\n<p style=\"color: #000000;\">Telefon: 022 820 604<br \/>\nE-mail: dumitru.prijmireanu@cni.md<br \/>\nAudien\u021ba cet\u0103\u021benilor: \u00een fiecare zi de luni de la 09.00 p\u00e2n\u0103 la 12.00 \u00een fiecare zi de mar\u021bi de la 14.00 p\u00e2n\u0103 la 17.00 (birou 75)<\/p>\n<p style=\"color: #000000;\"><em><strong>Aparatul Comisiei<\/strong><\/em><\/p>\n<p><strong>\u0218ef al Direc\u021biei control venituri \u0219i propriet\u0103\u021bi &#8211; Lilian Chi\u0219ca<\/strong><\/p>\n<p>Telefon: 022 820 608<br \/>\nE-mail: chisca.lilian@cni.md<\/p>\n<p><strong>\u0218ef al Direc\u021biei control interese personale\u00a0&#8211;\u00a0Adela Griciuc<\/strong><\/p>\n<p>Telefon: 022 820 606<br \/>\nE-mail: adela.griciuc@cni.md<\/p>\n<p><strong>\u0218ef al Direc\u021biei control incompatibilit\u0103\u021bi &#8211;\u00a0Sergiu Popov<\/strong><\/p>\n<p>Telefon: 022 820 614<br \/>\nE-mail: sergiu.popov@cni.md<\/p>\n<p><strong>Serviciul resurse umane \u0219i documentare &#8211; Stepanida Dragu\u021ban<\/strong><\/p>\n<p>Telefon: 022 820 612<br \/>\nE-mail: stepanida.dragutan@cni.md<\/p>\n<p><strong>Serviciul analiz\u0103, monitorizare \u0219i evaluare a politilor publice \u2013 Natalia Ghri\u021bco<\/strong><\/p>\n<p>Telefon: 022 820 623<\/p>\n<p>E-mail: <span id=\"OBJ_PREFIX_DWT670_ZmEmailObjectHandler\" class=\"Object\">natalia.gritco@cni.md<\/span><\/p>\n<p style=\"color: #000000;\"><strong>Serviciul informare \u0219i rela\u021bii cu publicul &#8211;\u00a0<\/strong><strong>Eugeniu Vi\u021bu<br \/>\n<\/strong><\/p>\n<p style=\"color: #000000;\">Telefon: 022 820 615<\/p>\n<p style=\"color: #000000;\">E-mail: eugeniu.vitu@cni.md<\/p>\n<p><strong>Serviciul juridic\u00a0&#8211;\u00a0Svetlana Cotorobai<\/strong><\/p>\n<p>Telefon: 022 820 622<\/p>\n<p>E-mail: svetlana.cotorobai@cni.md<\/p>\n<p><strong>Serviciul economie \u0219i finan\u021be\u00a0\u2013\u00a0Ludmila Guzun<\/strong><\/p>\n<p>Telefon: 022 820 610<\/p>\n<p>E-mail: <span id=\"OBJ_PREFIX_DWT671_ZmEmailObjectHandler\" class=\"Object\">ludmila.guzun@cni.md<\/span><\/p>","protected":false},"excerpt":{"rendered":"<p>Adres\u0103: MD-2068, Republica Moldova, or.Chi\u015fin\u0103u, str. Alecu Russo 1, et.4. E-mail: info@cni.md Fax: 022 820 602 Telefon Anticamer\u0103: 022 820 601 Pre\u0219edinte &#8211; Anatolie Donciu Telefon: 022 820 601 E-mail: [&hellip;]<\/p>\n","protected":false},"author":1,"featured_media":0,"parent":0,"menu_order":0,"comment_status":"open","ping_status":"open","template":"","meta":{"footnotes":"","_links_to":"","_links_to_target":""},"class_list":["post-40","page","type-page","status-publish","hentry"],"_links":{"self":[{"href":"https:\/\/old.cni.md\/index.php?rest_route=\/wp\/v2\/pages\/40","targetHints":{"allow":["GET"]}}],"collection":[{"href":"https:\/\/old.cni.md\/index.php?rest_route=\/wp\/v2\/pages"}],"about":[{"href":"https:\/\/old.cni.md\/index.php?rest_route=\/wp\/v2\/types\/page"}],"author":[{"embeddable":true,"href":"https:\/\/old.cni.md\/index.php?rest_route=\/wp\/v2\/users\/1"}],"replies":[{"embeddable":true,"href":"https:\/\/old.cni.md\/index.php?rest_route=%2Fwp%2Fv2%2Fcomments&post=40"}],"version-history":[{"count":27,"href":"https:\/\/old.cni.md\/index.php?rest_route=\/wp\/v2\/pages\/40\/revisions"}],"predecessor-version":[{"id":2957,"href":"https:\/\/old.cni.md\/index.php?rest_route=\/wp\/v2\/pages\/40\/revisions\/2957"}],"wp:attachment":[{"href":"https:\/\/old.cni.md\/index.php?rest_route=%2Fwp%2Fv2%2Fmedia&parent=40"}],"curies":[{"name":"wp","href":"https:\/\/api.w.org\/{rel}","templated":true}]}}