  {"id":522,"date":"2014-05-25T07:49:31","date_gmt":"2014-05-25T07:49:31","guid":{"rendered":"http:\/\/old.cni.md\/?page_id=522"},"modified":"2014-07-04T06:17:00","modified_gmt":"2014-07-04T06:17:00","slug":"dosare-in-instanta-controlul-conflictelor-de-interese","status":"publish","type":"page","link":"https:\/\/old.cni.md\/?page_id=522","title":{"rendered":"Dosare \u00een instan\u021b\u0103 &#8211; Controlul conflictelor de interese"},"content":{"rendered":"<p><\/p>\n<h2>Constat\u0103rile CNI<\/h2>\n<p><strong>Aceast\u0103 sec\u021biune face obiect al public\u0103rii constat\u0103rile Comisiei Na\u021bionale de Integritate privind \u00eenc\u0103lcarea regimului juridic al conflictului de interese.<\/strong><\/p>\n<p>\u00cen conformitate cu prevederile pct.55\u00a0 al Regulamentului Comisiei Na\u021bionale de Integritate, aprobat prin Legea nr. 180 din 19.12.2011, Actul de constatare a conflictului de interese sau a incompatibilit\u0103\u0163ii r\u0103m\u00eene definitiv dup\u0103 expirarea termenului specificat la pct. 54 (<em>15 zile lucr\u0103toare de la data c\u00eend i s-a adus la cuno\u015ftin\u0163\u0103<\/em> ), \u00een cazul \u00een care nu a fost contestat, sau la data r\u0103m\u00eenerii irevocabile a hot\u0103r\u00eerii judec\u0103tore\u015fti emise ca urmare a examin\u0103rii contesta\u0163iei.<\/p>\n<table border=\"1\">\n<tbody>\n<tr>\n<td width=\"576\">nume<\/td>\n<td width=\"94\">Descarc\u0103<\/td>\n<\/tr>\n<tr>\n<td width=\"576\"><\/td>\n<td width=\"94\"><\/td>\n<\/tr>\n<tr>\n<td width=\"576\"><\/td>\n<td width=\"94\"><\/td>\n<\/tr>\n<\/tbody>\n<\/table>\n<h2>Dosare \u00een instan\u021be \u0219i alte organe<\/h2>\n<p><strong>Aceast\u0103 sec\u021biune face obiect al public\u0103rii deciziile adoptate de organele interesate \u0219i instan\u021bele judec\u0103tore\u0219ti pe marginea Actelor de constatare ale Comisiei Na\u021bionale de Integritate.<\/strong><\/p>\n<p>\u00cen conformitate cu prevederile pct.55\u00a0 al Regulamentului Comisiei Na\u021bionale de Integritate, aprobat prin Legea nr. 180 din 19.12.2011, \u00een termen de 15 zile lucr\u0103toare de la data c\u00eend i s-a adus la cuno\u015ftin\u0163\u0103 actul de constatare a conflictului de interese sau a incompatibilit\u0103\u0163ii, persoana supus\u0103 controlului \u00eel poate contesta \u00een instan\u0163a de contencios administrativ competent\u0103.<\/p>\n<table border=\"1\">\n<tbody>\n<tr>\n<td width=\"595\"><strong>Actul de constatare al CNI nr. 03\/15 din 30.05.2013 \u00een privin\u021ba Primarului satului Ign\u0103\u021bei, raionul Rezina, Balan Ion<\/strong><\/td>\n<td width=\"75\"><a href=\"https:\/\/old.cni.md\/?p=541\">Vezi aici<\/a><\/td>\n<\/tr>\n<tr>\n<td width=\"595\">\u00a0<strong>Actul de constatare al CNI nr. 04\/57 din 24.10.2013 \u00een privin\u021ba<\/strong> <strong>viceministrului S\u0103n\u0103t\u0103\u021bii, Octavian Grama<\/strong><\/td>\n<td width=\"75\"><a href=\"https:\/\/old.cni.md\/?p=659\">Vezi aici<\/a><\/td>\n<\/tr>\n<tr>\n<td width=\"595\"><\/td>\n<td width=\"75\"><\/td>\n<\/tr>\n<\/tbody>\n<\/table>\n<h2>Hot\u0103r\u00e2ri definitive \u0219i irevocabile<\/h2>\n<p><strong>Aceast\u0103 sec\u021biune face obiect al public\u0103rii <\/strong><strong>hot\u0103r\u00e2rile judec\u0103tore\u015fti r\u0103mase definitive \u015fi irevocabile <\/strong><strong>pe marginea Actelor de constatare ale Comisiei Na\u021bionale de Integritate.<\/strong><\/p>\n<p>\u00cen conformitate cu prevederile art. 254 al Codului de procedur\u0103 civil\u0103 al Republicii Moldova \u201e <em>R\u0103m\u00een definitive hot\u0103r\u00eerile judec\u0103tore\u015fti emise \u00een prim\u0103 instan\u0163\u0103, supuse apelului, dup\u0103 examinarea pricinii \u00een apel. R\u0103m\u00een irevocabile hot\u0103r\u00eerile judec\u0103tore\u015fti: a) emise \u00een prim\u0103 instan\u0163\u0103, dup\u0103 expirarea termenului de apel, dac\u0103 participan\u0163ii interesa\u0163i nu au exercitat calea de atac corespunz\u0103toare; b) emise de instan\u0163a de apel, dup\u0103 expirarea termenului de recurs, dac\u0103 participan\u0163ii interesa\u0163i nu au exercitat calea de atac corespunz\u0103toare; c) emise de instan\u0163a de recurs, dup\u0103 examinarea recursului<\/em>.\u201d<\/p>\n<p><strong>\u00a0<\/strong><\/p>\n<table border=\"1\">\n<tbody>\n<tr>\n<td width=\"335\">nume<\/td>\n<td width=\"335\">Descarc\u0103 documentul<\/td>\n<\/tr>\n<tr>\n<td width=\"335\"><\/td>\n<td width=\"335\"><\/td>\n<\/tr>\n<tr>\n<td width=\"335\"><\/td>\n<td width=\"335\"><\/td>\n<\/tr>\n<\/tbody>\n<\/table>\n<p><\/p>","protected":false},"excerpt":{"rendered":"<p>Constat\u0103rile CNI Aceast\u0103 sec\u021biune face obiect al public\u0103rii constat\u0103rile Comisiei Na\u021bionale de Integritate privind \u00eenc\u0103lcarea regimului juridic al conflictului de interese. \u00cen conformitate cu prevederile pct.55\u00a0 al Regulamentului Comisiei Na\u021bionale [&hellip;]<\/p>\n","protected":false},"author":1,"featured_media":0,"parent":0,"menu_order":0,"comment_status":"open","ping_status":"open","template":"","meta":{"footnotes":"","_links_to":"","_links_to_target":""},"class_list":["post-522","page","type-page","status-publish","hentry"],"_links":{"self":[{"href":"https:\/\/old.cni.md\/index.php?rest_route=\/wp\/v2\/pages\/522","targetHints":{"allow":["GET"]}}],"collection":[{"href":"https:\/\/old.cni.md\/index.php?rest_route=\/wp\/v2\/pages"}],"about":[{"href":"https:\/\/old.cni.md\/index.php?rest_route=\/wp\/v2\/types\/page"}],"author":[{"embeddable":true,"href":"https:\/\/old.cni.md\/index.php?rest_route=\/wp\/v2\/users\/1"}],"replies":[{"embeddable":true,"href":"https:\/\/old.cni.md\/index.php?rest_route=%2Fwp%2Fv2%2Fcomments&post=522"}],"version-history":[{"count":8,"href":"https:\/\/old.cni.md\/index.php?rest_route=\/wp\/v2\/pages\/522\/revisions"}],"predecessor-version":[{"id":661,"href":"https:\/\/old.cni.md\/index.php?rest_route=\/wp\/v2\/pages\/522\/revisions\/661"}],"wp:attachment":[{"href":"https:\/\/old.cni.md\/index.php?rest_route=%2Fwp%2Fv2%2Fmedia&parent=522"}],"curies":[{"name":"wp","href":"https:\/\/api.w.org\/{rel}","templated":true}]}}