  {"id":525,"date":"2014-05-25T07:50:34","date_gmt":"2014-05-25T07:50:34","guid":{"rendered":"http:\/\/old.cni.md\/?page_id=525"},"modified":"2014-06-02T11:35:17","modified_gmt":"2014-06-02T11:35:17","slug":"dosare-in-instanta-controlul-restrictiilor-si-compatibilitatilor","status":"publish","type":"page","link":"https:\/\/old.cni.md\/?page_id=525","title":{"rendered":"Dosare \u00een instan\u021b\u0103 &#8211; Controlul restric\u021biilor \u0219i incompatibilit\u0103\u021bilor"},"content":{"rendered":"<p><\/p>\n<h2>Dosare \u00een instan\u021be \u0219i alte organe<\/h2>\n<p><strong>Aceast\u0103 sec\u021biune face obiect al public\u0103rii deciziile adoptate de organele interesate \u0219i instan\u021bele judec\u0103tore\u0219ti pe marginea Actelor de constatare ale Comisiei Na\u021bionale de Integritate.<\/strong><\/p>\n<p>\u00cen conformitate cu prevederile pct.55\u00a0 al Regulamentului Comisiei Na\u021bionale de Integritate, aprobat prin Legea nr. 180 din 19.12.2011, \u00een termen de 15 zile lucr\u0103toare de la data c\u00eend i s-a adus la cuno\u015ftin\u0163\u0103 actul de constatare a conflictului de interese sau a incompatibilit\u0103\u0163ii, persoana supus\u0103 controlului \u00eel poate contesta \u00een instan\u0163a de contencios administrativ competent\u0103.<\/p>\n<table border=\"1\">\n<tbody>\n<tr>\n<td width=\"595\"><strong>Actul de constatare al CNI nr. 03\/15 din 30.05.2013 \u00een privin\u021ba Primarului satului Ign\u0103\u021bei, raionul Rezina, Balan Ion<\/strong><\/td>\n<td width=\"75\"><a href=\"https:\/\/old.cni.md\/?p=545\">Vezi aici<\/a><\/td>\n<\/tr>\n<tr>\n<td width=\"595\"><\/td>\n<td width=\"75\"><\/td>\n<\/tr>\n<tr>\n<td width=\"595\"><\/td>\n<td width=\"75\"><\/td>\n<\/tr>\n<\/tbody>\n<\/table>\n<p><strong>\u00a0<\/strong><\/p>","protected":false},"excerpt":{"rendered":"<p>Dosare \u00een instan\u021be \u0219i alte organe Aceast\u0103 sec\u021biune face obiect al public\u0103rii deciziile adoptate de organele interesate \u0219i instan\u021bele judec\u0103tore\u0219ti pe marginea Actelor de constatare ale Comisiei Na\u021bionale de Integritate. [&hellip;]<\/p>\n","protected":false},"author":1,"featured_media":0,"parent":0,"menu_order":0,"comment_status":"open","ping_status":"open","template":"","meta":{"footnotes":"","_links_to":"","_links_to_target":""},"class_list":["post-525","page","type-page","status-publish","hentry"],"_links":{"self":[{"href":"https:\/\/old.cni.md\/index.php?rest_route=\/wp\/v2\/pages\/525","targetHints":{"allow":["GET"]}}],"collection":[{"href":"https:\/\/old.cni.md\/index.php?rest_route=\/wp\/v2\/pages"}],"about":[{"href":"https:\/\/old.cni.md\/index.php?rest_route=\/wp\/v2\/types\/page"}],"author":[{"embeddable":true,"href":"https:\/\/old.cni.md\/index.php?rest_route=\/wp\/v2\/users\/1"}],"replies":[{"embeddable":true,"href":"https:\/\/old.cni.md\/index.php?rest_route=%2Fwp%2Fv2%2Fcomments&post=525"}],"version-history":[{"count":6,"href":"https:\/\/old.cni.md\/index.php?rest_route=\/wp\/v2\/pages\/525\/revisions"}],"predecessor-version":[{"id":548,"href":"https:\/\/old.cni.md\/index.php?rest_route=\/wp\/v2\/pages\/525\/revisions\/548"}],"wp:attachment":[{"href":"https:\/\/old.cni.md\/index.php?rest_route=%2Fwp%2Fv2%2Fmedia&parent=525"}],"curies":[{"name":"wp","href":"https:\/\/api.w.org\/{rel}","templated":true}]}}