  {"id":583,"date":"2014-06-02T11:30:24","date_gmt":"2014-06-02T11:30:24","guid":{"rendered":"http:\/\/old.cni.md\/?page_id=583"},"modified":"2014-07-04T08:43:34","modified_gmt":"2014-07-04T08:43:34","slug":"dosare-in-instante-si-alte-organ","status":"publish","type":"page","link":"https:\/\/old.cni.md\/?page_id=583","title":{"rendered":"Dosare \u00een instan\u021be \u0219i alte organe"},"content":{"rendered":"<p><\/p>\n<h2>Dosare \u00een instan\u021be \u0219i alte organe<\/h2>\n<p><strong>Aceast\u0103 sec\u021biune face obiect al public\u0103rii deciziile adoptate de organele interesate \u0219i instan\u021bele judec\u0103tore\u0219ti pe marginea Actelor de constatare ale Comisiei Na\u021bionale de Integritate.<\/strong><\/p>\n<p>\u00cen conformitate cu prevederile pct.55\u00a0 al Regulamentului Comisiei Na\u021bionale de Integritate, aprobat prin Legea nr. 180 din 19.12.2011, \u00een termen de 15 zile lucr\u0103toare de la data c\u00eend i s-a adus la cuno\u015ftin\u0163\u0103 actul de constatare a conflictului de interese sau a incompatibilit\u0103\u0163ii, persoana supus\u0103 controlului \u00eel poate contesta \u00een instan\u0163a de contencios administrativ competent\u0103.<\/p>\n<table style=\"height: 144px;\" border=\"1\" width=\"676\">\n<tbody>\n<tr>\n<td width=\"595\"><strong>Actul de constatare al CNI nr. 03\/15 din 30.05.2013 \u00een privin\u021ba Primarului satului Ign\u0103\u021bei, raionul Rezina, Balan Ion<\/strong><\/td>\n<td width=\"75\"><a href=\"https:\/\/old.cni.md\/?p=541\">Vezi aici<\/a><\/td>\n<\/tr>\n<tr>\n<td width=\"595\"><strong>Actul de constatare al CNI nr. 04\/57 din 24.10.2013 \u00een privin\u021ba<\/strong>\u00a0<strong>viceministrului S\u0103n\u0103t\u0103\u021bii, Octavian Grama<\/strong><\/td>\n<td width=\"75\">\u00a0<a href=\"https:\/\/old.cni.md\/?p=659\">Vezi aici<\/a><\/td>\n<\/tr>\n<tr>\n<td width=\"595\"><strong>Actul de constatare al CNI nr. 03\/2 din 16.01.2014 \u00een privin\u021ba<\/strong> <strong>Primarului comunei Regina Maria raionul Soroca, Nastas Oleg<\/strong><\/td>\n<td width=\"75\">\u00a0<a href=\"https:\/\/old.cni.md\/?p=666\">Vezi aic<\/a>i<\/td>\n<\/tr>\n<\/tbody>\n<\/table>\n<table style=\"height: 163px;\" border=\"1\" width=\"675\">\n<tbody>\n<tr>\n<td width=\"595\"><strong>Actul de constatare al CNI nr. 03\/4 din 23.01.2014 \u00een privin\u021ba<\/strong> <strong>Pre\u0219edintelui raionului Ungheni, Iurie Toma<\/strong><\/td>\n<td width=\"75\">\u00a0<a href=\"https:\/\/old.cni.md\/?p=664\">Vezi aici<\/a><\/td>\n<\/tr>\n<tr>\n<td width=\"595\"><strong>Actul de constatare al CNI nr. 03\/3 din 23.01.2014 \u00een privin\u021ba<\/strong>\u00a0 <strong>consilierului Pre\u0219edintelui Republicii Moldova, Mihail \u0218leahti\u021bchi<\/strong><\/td>\n<td width=\"75\">\u00a0<a href=\"https:\/\/old.cni.md\/?p=674\">Vezi aici<\/a><\/td>\n<\/tr>\n<tr>\n<td width=\"595\"><\/td>\n<td width=\"75\"><\/td>\n<\/tr>\n<\/tbody>\n<\/table>\n<p><\/p>","protected":false},"excerpt":{"rendered":"<p>Dosare \u00een instan\u021be \u0219i alte organe Aceast\u0103 sec\u021biune face obiect al public\u0103rii deciziile adoptate de organele interesate \u0219i instan\u021bele judec\u0103tore\u0219ti pe marginea Actelor de constatare ale Comisiei Na\u021bionale de Integritate. [&hellip;]<\/p>\n","protected":false},"author":1,"featured_media":0,"parent":233,"menu_order":0,"comment_status":"open","ping_status":"open","template":"","meta":{"footnotes":"","_links_to":"","_links_to_target":""},"class_list":["post-583","page","type-page","status-publish","hentry"],"_links":{"self":[{"href":"https:\/\/old.cni.md\/index.php?rest_route=\/wp\/v2\/pages\/583","targetHints":{"allow":["GET"]}}],"collection":[{"href":"https:\/\/old.cni.md\/index.php?rest_route=\/wp\/v2\/pages"}],"about":[{"href":"https:\/\/old.cni.md\/index.php?rest_route=\/wp\/v2\/types\/page"}],"author":[{"embeddable":true,"href":"https:\/\/old.cni.md\/index.php?rest_route=\/wp\/v2\/users\/1"}],"replies":[{"embeddable":true,"href":"https:\/\/old.cni.md\/index.php?rest_route=%2Fwp%2Fv2%2Fcomments&post=583"}],"version-history":[{"count":10,"href":"https:\/\/old.cni.md\/index.php?rest_route=\/wp\/v2\/pages\/583\/revisions"}],"predecessor-version":[{"id":679,"href":"https:\/\/old.cni.md\/index.php?rest_route=\/wp\/v2\/pages\/583\/revisions\/679"}],"up":[{"embeddable":true,"href":"https:\/\/old.cni.md\/index.php?rest_route=\/wp\/v2\/pages\/233"}],"wp:attachment":[{"href":"https:\/\/old.cni.md\/index.php?rest_route=%2Fwp%2Fv2%2Fmedia&parent=583"}],"curies":[{"name":"wp","href":"https:\/\/api.w.org\/{rel}","templated":true}]}}