  {"id":590,"date":"2014-06-02T11:33:00","date_gmt":"2014-06-02T11:33:00","guid":{"rendered":"http:\/\/old.cni.md\/?page_id=590"},"modified":"2014-07-04T09:08:02","modified_gmt":"2014-07-04T09:08:02","slug":"dosare-in-instante-si-alte-organe","status":"publish","type":"page","link":"https:\/\/old.cni.md\/?page_id=590","title":{"rendered":"Dosare \u00een instan\u021be \u0219i alte organe"},"content":{"rendered":"<p><\/p>\n<h2>Dosare \u00een instan\u021be \u0219i alte organe<\/h2>\n<p><strong>Aceast\u0103 sec\u021biune face obiect al public\u0103rii deciziile adoptate de organele interesate \u0219i instan\u021bele judec\u0103tore\u0219ti pe marginea Actelor de constatare ale Comisiei Na\u021bionale de Integritate.<\/strong><\/p>\n<p>\u00cen conformitate cu prevederile pct.55\u00a0 al Regulamentului Comisiei Na\u021bionale de Integritate, aprobat prin Legea nr. 180 din 19.12.2011, \u00een termen de 15 zile lucr\u0103toare de la data c\u00eend i s-a adus la cuno\u015ftin\u0163\u0103 actul de constatare a conflictului de interese sau a incompatibilit\u0103\u0163ii, persoana supus\u0103 controlului \u00eel poate contesta \u00een instan\u0163a de contencios administrativ competent\u0103.<\/p>\n<table border=\"1\">\n<tbody>\n<tr>\n<td width=\"595\"><strong>Actul de constatare al CNI nr. 03\/15 din 30.05.2013 \u00een privin\u021ba Primarului satului Ign\u0103\u021bei, raionul Rezina, Balan Ion<\/strong><\/td>\n<td width=\"75\">\u00a0<a href=\"https:\/\/old.cni.md\/?p=545\">Vezi aici<\/a><\/td>\n<\/tr>\n<tr>\n<td width=\"595\"><strong>Actul de constatare al CNI nr. 04\/22 din 25.07.2013 \u00een privin\u021ba lui \u021aurcan Vladimir, \u0219ef al Direc\u021biei generale analiz\u0103, monitorizare \u0219i evaluare a politicilor din cadrul MAI<\/strong><\/td>\n<td width=\"75\">\u00a0<a href=\"https:\/\/old.cni.md\/?p=681\">Vezi aici<\/a><\/td>\n<\/tr>\n<tr>\n<td width=\"595\"><strong>Actul de constatare al CNI nr. 03\/3 din 23.01.2014 \u00een privin\u021ba\u00a0 consilierului Pre\u0219edintelui Republicii Moldova, Mihail \u0218leahti\u021bchi<\/strong><\/td>\n<td width=\"75\">\u00a0<a href=\"https:\/\/old.cni.md\/?p=674\">Vezi aici<\/a><\/td>\n<\/tr>\n<\/tbody>\n<\/table>\n<p><strong>\u00a0<\/strong><\/p>","protected":false},"excerpt":{"rendered":"<p>Dosare \u00een instan\u021be \u0219i alte organe Aceast\u0103 sec\u021biune face obiect al public\u0103rii deciziile adoptate de organele interesate \u0219i instan\u021bele judec\u0103tore\u0219ti pe marginea Actelor de constatare ale Comisiei Na\u021bionale de Integritate. [&hellip;]<\/p>\n","protected":false},"author":1,"featured_media":0,"parent":243,"menu_order":0,"comment_status":"open","ping_status":"open","template":"","meta":{"footnotes":"","_links_to":"","_links_to_target":""},"class_list":["post-590","page","type-page","status-publish","hentry"],"_links":{"self":[{"href":"https:\/\/old.cni.md\/index.php?rest_route=\/wp\/v2\/pages\/590","targetHints":{"allow":["GET"]}}],"collection":[{"href":"https:\/\/old.cni.md\/index.php?rest_route=\/wp\/v2\/pages"}],"about":[{"href":"https:\/\/old.cni.md\/index.php?rest_route=\/wp\/v2\/types\/page"}],"author":[{"embeddable":true,"href":"https:\/\/old.cni.md\/index.php?rest_route=\/wp\/v2\/users\/1"}],"replies":[{"embeddable":true,"href":"https:\/\/old.cni.md\/index.php?rest_route=%2Fwp%2Fv2%2Fcomments&post=590"}],"version-history":[{"count":5,"href":"https:\/\/old.cni.md\/index.php?rest_route=\/wp\/v2\/pages\/590\/revisions"}],"predecessor-version":[{"id":685,"href":"https:\/\/old.cni.md\/index.php?rest_route=\/wp\/v2\/pages\/590\/revisions\/685"}],"up":[{"embeddable":true,"href":"https:\/\/old.cni.md\/index.php?rest_route=\/wp\/v2\/pages\/243"}],"wp:attachment":[{"href":"https:\/\/old.cni.md\/index.php?rest_route=%2Fwp%2Fv2%2Fmedia&parent=590"}],"curies":[{"name":"wp","href":"https:\/\/api.w.org\/{rel}","templated":true}]}}