  {"id":768,"date":"2014-08-13T06:29:24","date_gmt":"2014-08-13T06:29:24","guid":{"rendered":"http:\/\/old.cni.md\/?page_id=768"},"modified":"2017-01-24T12:06:23","modified_gmt":"2017-01-24T12:06:23","slug":"anatolie-donciu-presedinte-al-comisiei-nationale-de-integritate","status":"publish","type":"page","link":"https:\/\/old.cni.md\/?page_id=768","title":{"rendered":""},"content":{"rendered":"<p><\/p>\n<table style=\"height: 218px;\" width=\"515\">\n<tbody>\n<tr>\n<td>\n<p style=\"text-align: left;\"><strong><a href=\"https:\/\/old.cni.md\/wp-content\/uploads\/2014\/08\/donciu.jpg\"><img loading=\"lazy\" decoding=\"async\" class=\"alignleft size-medium wp-image-1078\" src=\"https:\/\/old.cni.md\/wp-content\/uploads\/2014\/08\/donciu-230x300.jpg\" alt=\"donciu\" width=\"230\" height=\"300\" srcset=\"https:\/\/old.cni.md\/wp-content\/uploads\/2014\/08\/donciu-230x300.jpg 230w, https:\/\/old.cni.md\/wp-content\/uploads\/2014\/08\/donciu.jpg 250w\" sizes=\"auto, (max-width: 230px) 100vw, 230px\" \/><\/a>Anatolie Donciu<\/strong><\/p>\n<p style=\"text-align: left;\"><strong>Pre\u0219edinte al Comisiei Na\u021bionale de Integritate<\/strong><\/p>\n<p style=\"text-align: left;\">(numit prin Hot\u0103r\u00eerea Parlamentului Republicii Moldova nr. 226 din 25 octombrie 2012)<\/p>\n<p style=\"text-align: left;\"><strong>Data na\u015fterii<strong>:<\/strong><\/strong>05 iulie 1957<\/p>\n<p style=\"text-align: left;\"><strong>Locul na\u015fterii<strong>:\u00a0<\/strong><\/strong>comuna B\u0103cioi, municipiul Chi\u015fin\u0103u<br \/>\n<strong>Starea familial\u0103<strong>:<\/strong><\/strong>c\u0103s\u0103torit, 2 copii<\/p>\n<\/td>\n<\/tr>\n<\/tbody>\n<\/table>\n<p><strong>Experien\u0163a profesional\u0103<\/strong><\/p>\n<p><em>2012-prezent\u00a0<\/em><br \/>\nPre\u0219edinte al Comisiei Na\u021bionale de Integritate<\/p>\n<p><em>2010 &#8211; 2012 <\/em><\/p>\n<p>Prorector a Universit\u0103\u0163ii de Studii Europene din Moldova<\/p>\n<p><em>2008 &#8211; 2010 <\/em><\/p>\n<p>Decan al Facult\u0103\u0163ii de drept a Universit\u0103\u0163ii de Studii Europene din Moldova<\/p>\n<p><em>2007 &#8211; 2008 <\/em><\/p>\n<p>Lector al Universit\u0103\u0163ii de Studii Europene din Moldova<\/p>\n<p><em>2002 \u2013 2007 <\/em><\/p>\n<p>Colaborator al Centrului pentru Combaterea Crimelor Economice \u015fi Corup\u0163iei<\/p>\n<p><em>1999 &#8211; 2002 <\/em><\/p>\n<p>Procuror prim-adjunct al municipiului Chi\u015fin\u0103u<\/p>\n<p><em>1996 &#8211; 1999 <\/em><\/p>\n<p>Procuror-adjunct al Procuraturii de circumscrip\u0163ie Chi\u015fin\u0103u<\/p>\n<p><em>1993 &#8211; 1996 <\/em><\/p>\n<p>Adjunct al Procurorului sectorului Botanica, municipiul Chi\u015fin\u0103u<\/p>\n<p><em>1990 &#8211; 1993 <\/em><\/p>\n<p>Ajutor superior al procurorului raionului Sovietic, ora\u0219ul Chi\u015fin\u0103u<\/p>\n<p><em>1986 &#8211; 1990 <\/em><\/p>\n<p>Anchetator \u00een Procuratura raionului Sovietic, or. Chi\u015fin\u0103u<\/p>\n<p><em>1983 \u2013 1986 <\/em><\/p>\n<p>Anchetator \u00een Procuratutra raionului C\u0103l\u0103ra\u015fi<\/p>\n<p><em>1977 &#8211; 1979 <\/em><\/p>\n<p>Pictor al Filarmonicii de Stat \u015fi Palatului Na\u0163ional \u201cOctombrie\u201d<\/p>\n<p><em>1975 \u2013 1977 <\/em><\/p>\n<p>Serviciul militar \u00een Armata Sovietic\u0103<\/p>\n<p><em>1974 \u2013 1975 <\/em><\/p>\n<p>Laborant al Institutului de Cercet\u0103ri \u015etiin\u0163ifice \u00een Domeniul Pomiculturii, Viticulturii \u015fi Vinifica\u0163iei<\/p>\n<p><strong>Studii<\/strong><\/p>\n<p><span lang=\"IT\">Academina na\u0163ional\u0103 de drept din or. Harcov, Ucraina, specialitatea drept;<\/span><\/p>\n<p><span lang=\"IT\">Universitatea de Studii Europene din Moldova, licen\u0163iat \u00een \u015ftiin\u0163e economice, specialitatea finan\u0163e \u015fi b\u0103nci;<\/span><\/p>\n<p><span lang=\"IT\">Universitatea Tehnic\u0103 din Moldova, doctor \u00een \u015ftiin\u0163e economice;<\/span><\/p>\n<p><span lang=\"IT\">Universitatea de Studii Europene din Moldova, masterat \u00een \u015ftiin\u0163e politice, specializarea studii diplomatice.<\/span><\/p>\n<p><strong>Limbi vorbite<\/strong><\/p>\n<p>Rom\u00e2n\u0103<\/p>\n<p>Rus\u0103<\/p>\n<p>Englez\u0103<\/p>\n<p>Francez\u0103<\/p>\n<p><strong>Publica\u0163ii \u015ftiin\u0163ifice<\/strong><\/p>\n<p>Autor \u015fi cooautor a circa 30 articole \u015ftiin\u0163ifice \u015fi monografii.<\/p>\n<p>Crima predicat \u00een infrac\u0163iunile de sp\u0103lare a banilor;<\/p>\n<p>Fraudele economice \u015fi unele aspecte ale procesului de combnatere a lor;<\/p>\n<p>Progerese \u015fi perspective \u00een rprimarea corup\u0163iei;<\/p>\n<p>Prevenirea, investigarea \u015fi sanc\u0163ionarea actelor de corup\u0163ie, sp\u0103lare a banilor \u015fi finan\u0163are a terorismului;<\/p>\n<p>Prevenirea \u015fi combaterea sp\u0103l\u0103rii banilor \u015fi a finan\u0163\u0103rii terorismului, &#8211; problem\u0103 important\u0103 \u00een procesul integra\u0163ionist.<\/p>\n<p><strong>Decorat cu: <\/strong>Ordinul \u201cCredin\u0163\u0103 patriei\u201d clasa III<\/p>\n<p>(Decrectul Pre\u015fedintelui RM din 04.06.2007, nr.1152-IV)<\/p>","protected":false},"excerpt":{"rendered":"<p>Anatolie Donciu Pre\u0219edinte al Comisiei Na\u021bionale de Integritate (numit prin Hot\u0103r\u00eerea Parlamentului Republicii Moldova nr. 226 din 25 octombrie 2012) Data na\u015fterii:05 iulie 1957 Locul na\u015fterii:\u00a0comuna B\u0103cioi, municipiul Chi\u015fin\u0103u Starea [&hellip;]<\/p>\n","protected":false},"author":1,"featured_media":0,"parent":0,"menu_order":0,"comment_status":"open","ping_status":"open","template":"","meta":{"footnotes":"","_links_to":"","_links_to_target":""},"class_list":["post-768","page","type-page","status-publish","hentry"],"_links":{"self":[{"href":"https:\/\/old.cni.md\/index.php?rest_route=\/wp\/v2\/pages\/768","targetHints":{"allow":["GET"]}}],"collection":[{"href":"https:\/\/old.cni.md\/index.php?rest_route=\/wp\/v2\/pages"}],"about":[{"href":"https:\/\/old.cni.md\/index.php?rest_route=\/wp\/v2\/types\/page"}],"author":[{"embeddable":true,"href":"https:\/\/old.cni.md\/index.php?rest_route=\/wp\/v2\/users\/1"}],"replies":[{"embeddable":true,"href":"https:\/\/old.cni.md\/index.php?rest_route=%2Fwp%2Fv2%2Fcomments&post=768"}],"version-history":[{"count":9,"href":"https:\/\/old.cni.md\/index.php?rest_route=\/wp\/v2\/pages\/768\/revisions"}],"predecessor-version":[{"id":4848,"href":"https:\/\/old.cni.md\/index.php?rest_route=\/wp\/v2\/pages\/768\/revisions\/4848"}],"wp:attachment":[{"href":"https:\/\/old.cni.md\/index.php?rest_route=%2Fwp%2Fv2%2Fmedia&parent=768"}],"curies":[{"name":"wp","href":"https:\/\/api.w.org\/{rel}","templated":true}]}}