  {"id":776,"date":"2014-08-13T06:37:57","date_gmt":"2014-08-13T06:37:57","guid":{"rendered":"http:\/\/old.cni.md\/?page_id=776"},"modified":"2017-01-24T12:06:49","modified_gmt":"2017-01-24T12:06:49","slug":"victor-stratila-vicepresedinte-al-comisiei-nationale-de-integritate","status":"publish","type":"page","link":"https:\/\/old.cni.md\/?page_id=776","title":{"rendered":""},"content":{"rendered":"<p><\/p>\n<table width=\"627\">\n<tbody>\n<tr>\n<td>\n<p style=\"text-align: left;\"><strong><a href=\"https:\/\/old.cni.md\/wp-content\/uploads\/2014\/08\/DSC_0070.jpg\"><img loading=\"lazy\" decoding=\"async\" class=\"alignleft size-medium wp-image-778\" src=\"https:\/\/old.cni.md\/wp-content\/uploads\/2014\/08\/DSC_0070-224x300.jpg\" alt=\"DSC_0070\" width=\"224\" height=\"300\" srcset=\"https:\/\/old.cni.md\/wp-content\/uploads\/2014\/08\/DSC_0070-224x300.jpg 224w, https:\/\/old.cni.md\/wp-content\/uploads\/2014\/08\/DSC_0070.jpg 640w\" sizes=\"auto, (max-width: 224px) 100vw, 224px\" \/><\/a>Victor Str\u0103til\u0103<\/strong><\/p>\n<p style=\"text-align: left;\"><strong>Vicepre\u0219edinte al Comisiei Na\u021bionale de Integritate<\/strong><\/p>\n<p style=\"text-align: left;\">(numit prin Hot\u0103r\u00eerea Parlamentului Republicii Moldova nr. 65 din 04 aprilie 2013)<\/p>\n<p style=\"text-align: left;\"><strong>Data na\u015fterii:<\/strong>\u00a025 iunie 1967<\/p>\n<p style=\"text-align: left;\"><strong>Locul na\u015fterii:\u00a0<\/strong>satul Abaclia, raionul Basarabeasca<br \/>\n<strong>Starea familial\u0103:<\/strong>\u00a0divor\u021bat, 2 copii<\/p>\n<\/td>\n<\/tr>\n<\/tbody>\n<\/table>\n<p><strong>Experien\u0163a profesional\u0103<\/strong><\/p>\n<p><em>2013-prezent\u00a0<\/em><br \/>\nVicepre\u0219edinte\u00a0al Comisiei Na\u021bionale de Integritate<\/p>\n<p><em>1999-2013<\/em><\/p>\n<p>Avocat al Uniunii Avoca\u021bilor din Republica Moldova, Cabinetul Avocatului \u201eVictor Str\u0103til\u0103\u201d<\/p>\n<p><em>2008-2010<\/em><\/p>\n<p>Produc\u0103tor \u0219i prezentator al emisiunii \u201eP\u0103\u0219i\u021bi cu dreptul\u201d la postul de radio \u201eNoroc\u201d<\/p>\n<p><em>2003-2005<\/em><\/p>\n<p>Expert \u00a0\u00een cadrul proiectelor GEF, UNDP<\/p>\n<p><em>2003<\/em><\/p>\n<p><em>Avocat- instructor \u00een cadrul proiectelor \u00a0USAID, ABA\/CEELI<\/em><\/p>\n<p><em>2003-2004<\/em><\/p>\n<p><em>Consultant \u00een cadrul proiectelor Uniunii Europene<\/em><\/p>\n<p><em>2002-2003<\/em><\/p>\n<p><em>Coautor al capitolului: Contraven\u021biile ecologice din Manualul pentru inspectorii de stat de mediu finan\u021bat\u00a0de Banca Mondial\u0103<\/em><\/p>\n<p><em>2001-2005<\/em><\/p>\n<p>Lector Universitatea Real Umanistic\u0103<\/p>\n<p><em>2000-2004<\/em><\/p>\n<p>Produc\u0103tor \u0219i prezentator al emisiunii \u201eAvocatul meu\u201d la postul de radio <em>Radio Moldova<\/em><\/p>\n<p><em>2000 <\/em><\/p>\n<p>Avocat- expert al USAID, Ambasada SUA \u00een Rom\u00e2nia<\/p>\n<p><em>1999-2004<\/em><\/p>\n<p>Avocat al Centrul Public de Avocatur\u0103 Ecologic\u0103 \u201cEco-Lex\u201d, ABA\/CEELI Moldova<\/p>\n<p><em>1998-1999<\/em><\/p>\n<p>Procuror al sec\u021biei anchet\u0103 penal\u0103 a Procuraturii municipiului Chi\u0219in\u0103u<\/p>\n<p><em>1994-1998<\/em><\/p>\n<p>Anchetator superior al Procuraturii municipiului Chi\u0219in\u0103u<\/p>\n<p><strong>Studii<\/strong><\/p>\n<p>1985-1987 \u0218coala Militar\u0103 Superioar\u0103 de Pilotaj din Saratov (Federa\u021bia Rus\u0103), Specialitatea Comand\u0103-Tactic\u0103<\/p>\n<p>1990-1994 Universitatea de Stat din Craiova (Rom\u00e2nia) , Facultatea\u00a0de Drept \u201eNicolae Titulescu\u201d<\/p>\n<p>2006-2009 Institutul de Stat de Instruire Continu\u0103 ( Republica Moldova), Specialitatea Psihologie<\/p>\n<p>2012 Universitatea Pedagogic\u0103 de Stat \u201eIon Creang\u0103\u201d( Republica Moldova), Specialitatea Medierea conflictelor<\/p>\n<p>2014 Academia Interna\u021bional\u0103 de Aplicare a Legii din Roswell (SUA), Specialitatea Combaterea Corup\u021biei<\/p>\n<p><strong>Limbi vorbite<\/strong><\/p>\n<p>Rom\u00e2n\u0103<\/p>\n<p>Rus\u0103<\/p>\n<p>Englez\u0103<\/p>","protected":false},"excerpt":{"rendered":"<p>Victor Str\u0103til\u0103 Vicepre\u0219edinte al Comisiei Na\u021bionale de Integritate (numit prin Hot\u0103r\u00eerea Parlamentului Republicii Moldova nr. 65 din 04 aprilie 2013) Data na\u015fterii:\u00a025 iunie 1967 Locul na\u015fterii:\u00a0satul Abaclia, raionul Basarabeasca Starea [&hellip;]<\/p>\n","protected":false},"author":1,"featured_media":0,"parent":0,"menu_order":0,"comment_status":"open","ping_status":"open","template":"","meta":{"footnotes":"","_links_to":"","_links_to_target":""},"class_list":["post-776","page","type-page","status-publish","hentry"],"_links":{"self":[{"href":"https:\/\/old.cni.md\/index.php?rest_route=\/wp\/v2\/pages\/776","targetHints":{"allow":["GET"]}}],"collection":[{"href":"https:\/\/old.cni.md\/index.php?rest_route=\/wp\/v2\/pages"}],"about":[{"href":"https:\/\/old.cni.md\/index.php?rest_route=\/wp\/v2\/types\/page"}],"author":[{"embeddable":true,"href":"https:\/\/old.cni.md\/index.php?rest_route=\/wp\/v2\/users\/1"}],"replies":[{"embeddable":true,"href":"https:\/\/old.cni.md\/index.php?rest_route=%2Fwp%2Fv2%2Fcomments&post=776"}],"version-history":[{"count":10,"href":"https:\/\/old.cni.md\/index.php?rest_route=\/wp\/v2\/pages\/776\/revisions"}],"predecessor-version":[{"id":4849,"href":"https:\/\/old.cni.md\/index.php?rest_route=\/wp\/v2\/pages\/776\/revisions\/4849"}],"wp:attachment":[{"href":"https:\/\/old.cni.md\/index.php?rest_route=%2Fwp%2Fv2%2Fmedia&parent=776"}],"curies":[{"name":"wp","href":"https:\/\/api.w.org\/{rel}","templated":true}]}}