  {"id":783,"date":"2014-08-13T06:44:56","date_gmt":"2014-08-13T06:44:56","guid":{"rendered":"http:\/\/old.cni.md\/?page_id=783"},"modified":"2017-01-24T12:07:13","modified_gmt":"2017-01-24T12:07:13","slug":"leonid-morari-membru-al-comisiei-nationale-de-integritate","status":"publish","type":"page","link":"https:\/\/old.cni.md\/?page_id=783","title":{"rendered":""},"content":{"rendered":"<p><\/p>\n<table width=\"627\">\n<tbody>\n<tr>\n<td>\n<p style=\"text-align: left;\"><strong><a href=\"https:\/\/old.cni.md\/wp-content\/uploads\/2014\/08\/Morari.jpg\"><img loading=\"lazy\" decoding=\"async\" class=\"alignleft size-medium wp-image-784\" src=\"https:\/\/old.cni.md\/wp-content\/uploads\/2014\/08\/Morari-207x300.jpg\" alt=\"Morari\" width=\"207\" height=\"300\" srcset=\"https:\/\/old.cni.md\/wp-content\/uploads\/2014\/08\/Morari-207x300.jpg 207w, https:\/\/old.cni.md\/wp-content\/uploads\/2014\/08\/Morari.jpg 355w\" sizes=\"auto, (max-width: 207px) 100vw, 207px\" \/><\/a>Leonid Morari<\/strong><\/p>\n<p style=\"text-align: left;\"><strong>Membru al Comisiei Na\u021bionale de Integritate<\/strong><\/p>\n<p style=\"text-align: left;\">(numit prin Hot\u0103r\u00e2rea Parlamentului nr. 145 din 22.06.2012)<\/p>\n<p style=\"text-align: left;\"><strong>Data na\u015fterii:<\/strong>\u00a016 august 1954<br \/>\n<strong>Locul na\u015fterii:\u00a0<\/strong>satul Dumbr\u0103veni, raionul Soroca<br \/>\n<strong>Starea familial\u0103:<\/strong>\u00a0C\u0103s\u0103torit, 3 copii<\/p>\n<\/td>\n<\/tr>\n<\/tbody>\n<\/table>\n<p><strong>Experien\u0163a profesional\u0103<\/strong><\/p>\n<p><em>2012-prezent\u00a0<\/em><br \/>\nMembru al Comisiei Na\u021bionale de Integritate<\/p>\n<p><em>2010- 2012<\/em><\/p>\n<p>\u0218ef al Direc\u021biei organizarea controlului fiscal a Inspectoratului Fiscal Principal de Stat<\/p>\n<p><em>2010<\/em><\/p>\n<p>\u0218ef al Direc\u021biei management strategic a Inspectoratului Fiscal Principal de Stat<\/p>\n<p><em>2001- 2010<\/em><\/p>\n<p>\u0218ef al Direc\u021biei administrarea contribuabililor mari aInspectoratului Fiscal Principal de Stat<\/p>\n<p><em>1998-2001<\/em><\/p>\n<p>\u0218ef adjunct al G\u0103rzii Financiare a Republicii Moldova<\/p>\n<p><em>1992- 1998<\/em><\/p>\n<p>\u0218ef al G\u0103rzii Financiare din municipiul Chi\u0219in\u0103u<\/p>\n<p><em>1981- 1992<\/em><\/p>\n<p>\u0218ef al Direc\u021biei revizie \u0219i control a Ministerului Gospod\u0103riei Comunale \u0219i de Locuin\u021be<\/p>\n<p><em>1977-\u00a0 1981<\/em><\/p>\n<p>\u0218ef-adjunct al Direc\u021biei revizie \u0219i control a Ministerului Gospod\u0103riei Comunale \u0219i de Locuin\u021be<\/p>\n<p><em>1976- 1977<\/em><\/p>\n<p>Contabil-revizor superior al Direc\u021biei revizie \u0219i control a Ministerului Gospod\u0103riei Comunale \u0219i de Locuin\u021be<\/p>\n<p><em>1975- 1976<\/em><\/p>\n<p>Contabil-revizor al Direc\u021biei revizie \u0219i control a Ministerului Gospod\u0103riei Comunale \u0219i de Locuin\u021be<\/p>\n<p><em>\u00a01975- 1975<\/em><\/p>\n<p>Contabil-revizor al Spitalului raional Soroca<\/p>\n<p><em>1972- 1973<\/em><\/p>\n<p>Inspector pe veniturile de stat al sec\u021biei financiare raionale Cotovsc<\/p>\n<p><em>1972- 1972 <\/em><\/p>\n<p>Inspector pe veniturile de stat al sec\u021biei financiare Soroca<\/p>\n<p><strong>Studii<\/strong><\/p>\n<p>1969-1972 Colegiul economico-financiar din Chi\u0219in\u0103u<\/p>\n<p>1975-1980 Universitatea de Stat din Chi\u0219in\u0103u, facultatea Economie<\/p>\n<p>1988 Institutul \u201eG.V.Pleheanov\u201d din Moscova, specialitatea Managementul finan\u021belor publice<\/p>\n<p><strong>Limbi vorbite<\/strong><\/p>\n<p>Rom\u00e2n\u0103<\/p>\n<p>Rus\u0103<\/p>\n<p>Ucrainean\u0103<\/p>\n<p>Francez\u0103<\/p>","protected":false},"excerpt":{"rendered":"<p>Leonid Morari Membru al Comisiei Na\u021bionale de Integritate (numit prin Hot\u0103r\u00e2rea Parlamentului nr. 145 din 22.06.2012) Data na\u015fterii:\u00a016 august 1954 Locul na\u015fterii:\u00a0satul Dumbr\u0103veni, raionul Soroca Starea familial\u0103:\u00a0C\u0103s\u0103torit, 3 copii Experien\u0163a [&hellip;]<\/p>\n","protected":false},"author":1,"featured_media":0,"parent":0,"menu_order":0,"comment_status":"open","ping_status":"open","template":"","meta":{"footnotes":"","_links_to":"","_links_to_target":""},"class_list":["post-783","page","type-page","status-publish","hentry"],"_links":{"self":[{"href":"https:\/\/old.cni.md\/index.php?rest_route=\/wp\/v2\/pages\/783","targetHints":{"allow":["GET"]}}],"collection":[{"href":"https:\/\/old.cni.md\/index.php?rest_route=\/wp\/v2\/pages"}],"about":[{"href":"https:\/\/old.cni.md\/index.php?rest_route=\/wp\/v2\/types\/page"}],"author":[{"embeddable":true,"href":"https:\/\/old.cni.md\/index.php?rest_route=\/wp\/v2\/users\/1"}],"replies":[{"embeddable":true,"href":"https:\/\/old.cni.md\/index.php?rest_route=%2Fwp%2Fv2%2Fcomments&post=783"}],"version-history":[{"count":4,"href":"https:\/\/old.cni.md\/index.php?rest_route=\/wp\/v2\/pages\/783\/revisions"}],"predecessor-version":[{"id":4850,"href":"https:\/\/old.cni.md\/index.php?rest_route=\/wp\/v2\/pages\/783\/revisions\/4850"}],"wp:attachment":[{"href":"https:\/\/old.cni.md\/index.php?rest_route=%2Fwp%2Fv2%2Fmedia&parent=783"}],"curies":[{"name":"wp","href":"https:\/\/api.w.org\/{rel}","templated":true}]}}