  {"id":789,"date":"2014-08-13T06:50:41","date_gmt":"2014-08-13T06:50:41","guid":{"rendered":"http:\/\/old.cni.md\/?page_id=789"},"modified":"2017-01-24T12:07:36","modified_gmt":"2017-01-24T12:07:36","slug":"789-2","status":"publish","type":"page","link":"https:\/\/old.cni.md\/?page_id=789","title":{"rendered":""},"content":{"rendered":"<p><\/p>\n<table style=\"height: 319px;\" width=\"570\">\n<tbody>\n<tr>\n<td>\n<p style=\"text-align: left;\"><strong><a href=\"https:\/\/old.cni.md\/wp-content\/uploads\/2014\/08\/DSC_0004.jpg\"><img loading=\"lazy\" decoding=\"async\" class=\"alignleft size-medium wp-image-790\" src=\"https:\/\/old.cni.md\/wp-content\/uploads\/2014\/08\/DSC_0004-217x300.jpg\" alt=\"DSC_0004\" width=\"217\" height=\"300\" srcset=\"https:\/\/old.cni.md\/wp-content\/uploads\/2014\/08\/DSC_0004-217x300.jpg 217w, https:\/\/old.cni.md\/wp-content\/uploads\/2014\/08\/DSC_0004-742x1024.jpg 742w, https:\/\/old.cni.md\/wp-content\/uploads\/2014\/08\/DSC_0004.jpg 1346w\" sizes=\"auto, (max-width: 217px) 100vw, 217px\" \/><\/a>Dumitru Prijmireanu<\/strong><\/p>\n<p style=\"text-align: left;\"><strong>Membru al Comisiei Na\u021bionale de Integritate<\/strong><\/p>\n<p style=\"text-align: left;\">(numit prin Hot\u0103r\u00e2rea Parlamentului nr. 145 din 22.06.2012)<\/p>\n<p style=\"text-align: left;\"><strong>Data na\u015fterii:<\/strong>\u00a016 iulie 1951<br \/>\n<strong>Locul na\u015fterii:\u00a0<\/strong>satul Constantine\u0219ti, raionul Cantemir<br \/>\n<strong>Starea familial\u0103:<\/strong>\u00a0C\u0103s\u0103torit, 1 copil<\/p>\n<\/td>\n<\/tr>\n<\/tbody>\n<\/table>\n<p><strong>Experien\u0163a profesional\u0103<\/strong><\/p>\n<p><em>2012-prezent\u00a0<\/em><br \/>\nMembru al Comisiei Na\u021bionale de Integritate<\/p>\n<p><em>2009-2011<\/em><\/p>\n<p>Director adjunct al Departamentului cooperare economic\u0103 al Comitetului Executiv al Comunit\u0103\u021bii Statelor Independente (CSI) din Moscova<\/p>\n<p><em>1994-2009<\/em><\/p>\n<p>Deputat \u00een Parlamentul Republicii Moldova<\/p>\n<p><em>1992-1994<\/em><\/p>\n<p>Directorul filialei Companiei de asigur\u0103ri \u201eASITO\u201d din \u00a0Cahul<\/p>\n<p><em>1991-1992<\/em><\/p>\n<p>Specialist principal pe probleme sociale la fabrica de conserve din Cahul<\/p>\n<p><em>1990-1991<\/em><\/p>\n<p>Secretarul doi al Comitetului raional de partid din Cahul<\/p>\n<p><em>1990<\/em><\/p>\n<p>Secretar al Comitetului raional de partid din Cahul<\/p>\n<p><em>1986-1990<\/em><\/p>\n<p>\u0218ef al sec\u021biei organizatorice al Comitetului raional de partid din Cahul<\/p>\n<p><em>1980-1986<\/em><\/p>\n<p>Instructor al sec\u021biei organizatorice al Comitetului raional de partid din Cahul<\/p>\n<p><em>1975-1980<\/em><\/p>\n<p>Secretar al organiza\u021biei de partid din sovhozul-fabric\u0103 \u201eChircanschii\u201d din satul Cucoara, raionul Cahul<\/p>\n<p><em>1972-1975<\/em><\/p>\n<p>Pre\u0219edinte al Comitetului sindical sovhozul-fabric\u0103 \u201eChircanschii\u201d din satul Cucoara, raionul Cahul<\/p>\n<p><em>1972-1973<\/em><\/p>\n<p>Instructor \u00een sport la sovhozul-fabric\u0103 \u201eChircanschii\u201d din satul Cucoara, raionul Cahul<\/p>\n<p><em>1972-1973<\/em><\/p>\n<p>L\u0103c\u0103tu\u0219 la sovhozul-fabric\u0103 \u201eChircanschii\u201d din satul Cucoara, raionul Cahul<\/p>\n<p><em>1972<\/em><\/p>\n<p>L\u0103c\u0103tu\u0219 la sovhozul \u201ePatria\u201d din satul Ruman\u021bev, raionul Cantemir<\/p>\n<p><em>1969-1971<\/em><\/p>\n<p>Serviciul militar \u00een armata sovietic\u0103<\/p>\n<p><em>1967-1969<\/em><\/p>\n<p>T\u00e2mplar la coloana mecanizat\u0103 Nr.1 din satul Gote\u0219ti, raionul Cantemir<\/p>\n<p><strong>Studii<\/strong><\/p>\n<p>1987-1993<\/p>\n<p>Universitatea Agrar\u0103 de Stat din Moldova, specialitatea Economia \u0219i gestiunea \u00een ramurile CAI<\/p>\n<p>1976-1980<\/p>\n<p>\u0218coala Superioar\u0103 de partid din ora\u0219ul Odessa, Ucraina<\/p>\n<p><strong>Limbi vorbite<br \/>\n<\/strong>Rom\u00e2n\u0103<br \/>\nRusa<\/p>","protected":false},"excerpt":{"rendered":"<p>Dumitru Prijmireanu Membru al Comisiei Na\u021bionale de Integritate (numit prin Hot\u0103r\u00e2rea Parlamentului nr. 145 din 22.06.2012) Data na\u015fterii:\u00a016 iulie 1951 Locul na\u015fterii:\u00a0satul Constantine\u0219ti, raionul Cantemir Starea familial\u0103:\u00a0C\u0103s\u0103torit, 1 copil Experien\u0163a [&hellip;]<\/p>\n","protected":false},"author":1,"featured_media":0,"parent":0,"menu_order":0,"comment_status":"open","ping_status":"open","template":"","meta":{"footnotes":"","_links_to":"","_links_to_target":""},"class_list":["post-789","page","type-page","status-publish","hentry"],"_links":{"self":[{"href":"https:\/\/old.cni.md\/index.php?rest_route=\/wp\/v2\/pages\/789","targetHints":{"allow":["GET"]}}],"collection":[{"href":"https:\/\/old.cni.md\/index.php?rest_route=\/wp\/v2\/pages"}],"about":[{"href":"https:\/\/old.cni.md\/index.php?rest_route=\/wp\/v2\/types\/page"}],"author":[{"embeddable":true,"href":"https:\/\/old.cni.md\/index.php?rest_route=\/wp\/v2\/users\/1"}],"replies":[{"embeddable":true,"href":"https:\/\/old.cni.md\/index.php?rest_route=%2Fwp%2Fv2%2Fcomments&post=789"}],"version-history":[{"count":3,"href":"https:\/\/old.cni.md\/index.php?rest_route=\/wp\/v2\/pages\/789\/revisions"}],"predecessor-version":[{"id":4851,"href":"https:\/\/old.cni.md\/index.php?rest_route=\/wp\/v2\/pages\/789\/revisions\/4851"}],"wp:attachment":[{"href":"https:\/\/old.cni.md\/index.php?rest_route=%2Fwp%2Fv2%2Fmedia&parent=789"}],"curies":[{"name":"wp","href":"https:\/\/api.w.org\/{rel}","templated":true}]}}