  {"id":898,"date":"2014-08-15T10:52:15","date_gmt":"2014-08-15T10:52:15","guid":{"rendered":"http:\/\/old.cni.md\/?page_id=898"},"modified":"2015-09-23T10:37:30","modified_gmt":"2015-09-23T10:37:30","slug":"constatarile-cni","status":"publish","type":"page","link":"https:\/\/old.cni.md\/?page_id=898","title":{"rendered":"Constat\u0103rile Comisiei Na\u021bionale de Integritate &#8211; 2014"},"content":{"rendered":"<p><\/p>\n<h2 style=\"font-weight: 500;\"><a href=\"https:\/\/old.cni.md\/wp-content\/uploads\/2014\/08\/document-icon.png\"><img loading=\"lazy\" decoding=\"async\" class=\"alignleft wp-image-1358\" src=\"https:\/\/old.cni.md\/wp-content\/uploads\/2014\/08\/document-icon-300x300.png\" alt=\"document icon\" width=\"50\" height=\"50\" srcset=\"https:\/\/old.cni.md\/wp-content\/uploads\/2014\/08\/document-icon-300x300.png 300w, https:\/\/old.cni.md\/wp-content\/uploads\/2014\/08\/document-icon-150x150.png 150w, https:\/\/old.cni.md\/wp-content\/uploads\/2014\/08\/document-icon.png 420w\" sizes=\"auto, (max-width: 50px) 100vw, 50px\" \/><\/a><\/h2>\n<p><strong>Aceast\u0103 sec\u021biune face obiect al public\u0103rii constat\u0103rile Comisiei Na\u021bionale de Integritate privind \u00eenc\u0103lcarea regimului juridic al\u00a0incompatibilit\u0103\u021bilor.<\/strong><\/p>\n<p>\u00cen conformitate cu prevederile pct.55\u00a0 al Regulamentului Comisiei Na\u021bionale de Integritate, aprobat prin Legea nr. 180 din 19.12.2011, Actul de constatare a conflictului de interese sau a incompatibilit\u0103\u0163ii r\u0103m\u00eene definitiv dup\u0103 expirarea termenului specificat la pct. 54 (<em>15 zile lucr\u0103toare de la data c\u00eend i s-a adus la cuno\u015ftin\u0163\u0103<\/em>\u00a0), \u00een cazul \u00een care nu a fost contestat, sau la data r\u0103m\u00eenerii irevocabile a hot\u0103r\u00eerii judec\u0103tore\u015fti emise ca urmare a examin\u0103rii contesta\u0163iei.<\/p>\n<p><strong>Valeriu Chendighilean, secretarul consiliului local din satul Vi\u0219niovca, raionul Cantemir <\/strong>&#8211; <a href=\"https:\/\/old.cni.md\/wp-content\/uploads\/2015\/07\/Act-de-constatareincompatibilitate-Chendighilean.pdf\">Act de constatare (24 decembrie 2014)<\/a><\/p>\n<p><strong>Mihail Furtun\u0103, consilier al pre\u0219edintelui Republicii Moldova<\/strong> &#8211; <a href=\"https:\/\/old.cni.md\/wp-content\/uploads\/2015\/01\/Act-de-constatare-incompatib-Furtuna-Hasurat.pdf\">Act de constatare (18 decembrie 2014)<\/a><\/p>\n<p><strong>Vasile Bumacov, ministru al Agriculturii \u0219i Industriei alimentare<\/strong> &#8211; <a href=\"https:\/\/old.cni.md\/wp-content\/uploads\/2015\/01\/Act-de-constatare-incompatib-Bumacov-Hasurat.pdf\">Act de constatare ( 11 decembrie 2014)<\/a><\/p>\n<p><strong>Olga C\u00eerma, \u0219ef al Oficiului Teritorial Comrat al Cancelariei de Stat<\/strong> &#8211; <a href=\"https:\/\/old.cni.md\/wp-content\/uploads\/2015\/01\/Act-de-constatare-incompatib-Cirma-Hasurat.pdf\">Act de constatare (11 decembrie 2014)<\/a><\/p>\n<p><strong>Serghei Gorea, primarul comunei Petre\u0219ti, raionul Ungheni<\/strong> &#8211; <a href=\"https:\/\/old.cni.md\/wp-content\/uploads\/2015\/08\/A-C-GOREA-proiect-INCOMPATIBILITATE-haSurat.pdf\">Act de constatare (11 decemrbie 2014)<\/a><\/p>\n<p><strong>Vasile Marian, directorul \u00centreprinderii de Stat pentru silvicultur\u0103 ,,Nisporeni Silva\u201d<\/strong>&#8211; <a href=\"https:\/\/old.cni.md\/wp-content\/uploads\/2015\/08\/A-C-MARIAN-INCOMPATIBILITATE.pdf\">Act de constatare (11 decembrie 2014)<\/a><\/p>\n<p><strong>Dumitru Marchitan, primar al satului Pereni, raionul Rezina<\/strong> &#8211; <a href=\"https:\/\/old.cni.md\/wp-content\/uploads\/2015\/01\/Act-de-constatare-MARKITAN-incompatibili.pdf\">Act de constatare ( 4 decemrbie 2014)<\/a><\/p>\n<p><strong>Igor Caramilea, ex-director al SA \u201dDrumuri Vulc\u0103ne\u0219ti\u201d<\/strong> &#8211; <a href=\"https:\/\/old.cni.md\/wp-content\/uploads\/2015\/01\/Act-de-constatare-incompat-Caramilea-Hasurat.pdf\">Act de constatare ( 21 noiembrie 2014)<\/a><\/p>\n<p><strong>Eduard Hadei, directorul adjunct al Camerei de Licen\u021biere<\/strong>\u00a0&#8211;<a href=\"https:\/\/old.cni.md\/wp-content\/uploads\/2015\/07\/AC_HADEI_I.pdf\">Act de constatare (21 noiembrie 2014)<\/a><\/p>\n<p><strong>Valentina \u021aapi\u0219, ministru al Mediului<\/strong> &#8211; <a href=\"https:\/\/old.cni.md\/wp-content\/uploads\/2015\/01\/Act-de-constatare-incompatibilitateTapis.pdf\">Act de constatare ( 13 noiembrie 2014)<\/a><\/p>\n<p><strong>Ivan Vrabie, viceprimar al satului H\u00e2rbov\u0103\u021b, raionul Anenii Noi<\/strong> &#8211;<a href=\"https:\/\/old.cni.md\/wp-content\/uploads\/2014\/09\/Act-constatare-VRABIE-incompatibilitati.pdf\"> Act de constatare ( 14 august 2014)<\/a><\/p>\n<p><strong>Gheorghe Netedu, vicepre\u0219edinte al raionului Cimi\u0219lia<\/strong> &#8211; <a href=\"https:\/\/old.cni.md\/wp-content\/uploads\/2015\/09\/Act-de-constatare-Netedu-Gh-Hasurat.pdf\">Act de constatare (14 august 2014)<\/a><\/p>\n<p><strong>Gheorghe Duca, pre\u0219edinte al Academiei de \u0218tiin\u021be a Moldovei<\/strong> &#8211; <a href=\"https:\/\/old.cni.md\/wp-content\/uploads\/2014\/08\/Act-de-constatare-Duca-INC.pdf\">Act de constatare ( 7 august 2014)<\/a><\/p>\n<p><strong>Fiodor Tipa, primar al satului Co\u0219erni\u021ba, raionul Criuleni<\/strong> &#8211; <a href=\"https:\/\/old.cni.md\/wp-content\/uploads\/2014\/09\/Act-de-constatare-TIPA-incompatibil.pdf\">Act de constatare (7 august 2014)<\/a><\/p>\n<p><strong>Petru Perju, angajat al Inspectoratului de Poli\u021bie R\u00e2\u0219cani<\/strong> &#8211; <a href=\"https:\/\/old.cni.md\/wp-content\/uploads\/2014\/09\/Act-de-constatare-PERJU-incomp1.pdf\">Act de constatare (7 august 2014)<\/a><\/p>\n<p><strong>Gheorghe \u0218alaru, ex-ministru al Mediului<\/strong> &#8211; <a href=\"https:\/\/old.cni.md\/wp-content\/uploads\/2014\/09\/Act-de-constatatre-Salaru.pdf\">Act de constatare (24 iulie 2014)<\/a><\/p>\n<p><strong>Vladimir Hristescu, ex-vicepre\u0219edinte al raionului Edine\u021b<\/strong> &#8211; <a href=\"https:\/\/old.cni.md\/wp-content\/uploads\/2014\/09\/Act-de-constatare-HRISTESCU-INCOMPAT.pdf\">Act de constatare (24 iulie 2014)<\/a><\/p>\n<p><strong>Leonid Paierele, viceprimar al ora\u0219ului \u0218old\u0103ne\u0219ti<\/strong> &#8211; <a href=\"https:\/\/old.cni.md\/wp-content\/uploads\/2014\/09\/Act-de-constatare-PAIERELE-incompatibil.pdf\">Act de constatare (24 iulie 2014)<\/a><\/p>\n<p><strong>Vasile Catan, \u0219ef adjunct de Direc\u021bie \u00een cadrul Agen\u021biei Ecologice Cahul<\/strong> &#8211; <a href=\"https:\/\/old.cni.md\/wp-content\/uploads\/2014\/09\/Act-de-constatare-CATAN-incompatibilitati.pdf\">Act de constatare (17 iulie 2014)<\/a><\/p>\n<p><strong>Ion Novac, primar al satului S\u0103lcu\u021ba, raionul C\u0103u\u0219eni<\/strong> &#8211; <a href=\"https:\/\/old.cni.md\/wp-content\/uploads\/2014\/09\/Act-de-constatare-NOVAC-incompatibilitate-FINAL.pdf\">Act de constatare ( 10 iulie 2014)<\/a><\/p>\n<p><strong>Mihaela Iacob,<\/strong>\u00a0<strong>ex-viceministru al Tehnologiei Informa\u021biei \u0219i Comunica\u021biilor\u00a0<\/strong>&#8211; <a href=\"https:\/\/old.cni.md\/wp-content\/uploads\/2014\/08\/M.Iacob_1.zip\">Act de constatare (5 iulie 2014)<\/a><\/p>\n<p><strong>Dona \u0218cola, ex-viceministru al Tehnologiei Informa\u021biei \u0219i Comunica\u021biilor<\/strong> &#8211; <a href=\"https:\/\/old.cni.md\/wp-content\/uploads\/2014\/08\/D.Scola_1.zip\">Act de constatare (27 iunie 2014)<\/a><\/p>\n<p><strong>Violeta Andrie\u0219, controlor de stat principal al Cur\u021bii de Conturi<\/strong> &#8211; <a href=\"https:\/\/old.cni.md\/wp-content\/uploads\/2014\/08\/V.Andries2.zip\">Act de constatare (27 iunie 2014)<\/a><\/p>\n<p><strong>Diana Grigoriev, controlor de stat \u00een cadrul Direc\u021biei generale nr.1 a Cur\u021bii de Conturi<\/strong> &#8211; <a href=\"https:\/\/old.cni.md\/wp-content\/uploads\/2014\/08\/D.Grigoriev4.zip\">Act de constatare (19 iunie 2014)<\/a><\/p>\n<p><strong>Sergiu Sainciuc, vicemnistru al Muncii, Protec\u021biei Sociale \u0219i Familiei<\/strong> &#8211; <a href=\"https:\/\/old.cni.md\/wp-content\/uploads\/2014\/08\/S.Sainciuc1.zip\">Act de constatare (12 iunie 2014)<\/a><\/p>\n<p><strong>Ion Balan, deputat \u00een Parlamentul Republicii Moldova<\/strong> &#8211; <a href=\"https:\/\/old.cni.md\/wp-content\/uploads\/2015\/06\/AC_Ion_Balan_I.pdf\">Act de constatare ( 12 iunie 2014)<\/a><\/p>\n<p><strong>Vladimir Joian, primar al comunei Alexandreni, raionul S\u00eengerei<\/strong> &#8211; <a href=\"https:\/\/old.cni.md\/wp-content\/uploads\/2015\/06\/AC_V_JOIAN_I_.pdf\">Act de constatare (12 iunie 2014)<\/a><\/p>\n<p><strong>Eugenia Paiu, \u0219ef al Sec\u021biei servicii generale a Cur\u021bii de Conturi<\/strong> &#8211; <a href=\"https:\/\/old.cni.md\/wp-content\/uploads\/2014\/08\/E.Paiu_1.zip\">Act de constatare (5 iunie 2014)<\/a><\/p>\n<p><strong>\u0218tefan Ur\u00eetu, vicepre\u0219edinte al Comisiei Electorale Centrale<\/strong> &#8211; <a href=\"https:\/\/old.cni.md\/wp-content\/uploads\/2014\/08\/S.Uritu_1.zip\">Act de constatare (22 mai 2014)<\/a><\/p>\n<p><strong>Boris Gherasim, viceministru al Transporturilor \u0219i Infrastructurii Drumurilor<\/strong> &#8211; <a href=\"https:\/\/old.cni.md\/wp-content\/uploads\/2014\/08\/Act-de-constatare-Gherasim_incompatibilit.pdf\">Act de constatare (15 mai 2014)<\/a><\/p>\n<p><strong>Mihail Poleanschi, deputat \u00een Parlamentul Republicii Moldova<\/strong> &#8211; <a href=\"https:\/\/old.cni.md\/wp-content\/uploads\/2014\/08\/M.Poleanschi1.zip\">Act de constatare (17 aprilie 2014)<\/a><\/p>\n<p><strong>Vladimir Saharneanu, deputat<\/strong>\u00a0<strong>\u00a0\u00een Parlamentul Republicii Moldova\u00a0<\/strong>&#8211;<a href=\"https:\/\/old.cni.md\/wp-content\/uploads\/2014\/08\/V.Saharneanu.zip\"> Act de constatare (3 aprilie 2014)<\/a><\/p>\n<p><strong>Ludmila Gluh, consultant \u00een\u00a0cadrul Aparatului Pre\u0219edintelui raionului C\u0103u\u0219eni<\/strong> &#8211; <a href=\"https:\/\/old.cni.md\/wp-content\/uploads\/2015\/06\/AC_GLUH_Ludmila_I_.pdf\">Act de constatare (3 aprilie 2014)<\/a><\/p>\n<p><strong>Nicolae Chendighelean, pre\u0219edinte al raionului Basarabeasca<\/strong> &#8211; <a href=\"https:\/\/old.cni.md\/wp-content\/uploads\/2014\/08\/Act-de-constatare-Chendighelean-Hasurat.pdf\">Act de constatare (20 martie 2014)<\/a><\/p>\n<p><strong>Natalia Rusnac, contabil-\u0219ef al Prim\u0103riei comunei Regina Maria, raionul Soroca<\/strong> &#8211; <a href=\"https:\/\/old.cni.md\/wp-content\/uploads\/2014\/08\/Act-de-constatare-connflict-RUSNAC-Hasurat.pdf\">Act de constatare (20 martie 2014)<\/a><\/p>\n<p><strong>Svetlana Ivanova, secretar al consiliului comunal Gr\u0103dini\u021ba, raionul C\u0103u\u0219eni<\/strong> &#8211; <a href=\"https:\/\/old.cni.md\/wp-content\/uploads\/2014\/09\/Act-de-constatare-IVANOVA-incomp.pdf\">Act de constatare (20 februarie 2014)<\/a><\/p>\n<p><strong>Mihail Stratan, director al Agen\u021biei pentru Eficien\u021ba Energetic\u0103<\/strong> &#8211; <a href=\"https:\/\/old.cni.md\/wp-content\/uploads\/2014\/09\/Act-de-constatare-STRATAN-I.pdf\">Act de constatare ( 20 februarie 2014)<\/a><\/p>\n<p><strong>Belinschi\u00a0Leonid, ex-directorul Agen\u021biei Na\u021bionale pentru Reglementare \u00een Energetic\u0103, vicedirector al S.A. \u201eCET-1\u201d<\/strong> &#8211; <a href=\"https:\/\/old.cni.md\/wp-content\/uploads\/2015\/06\/Act-de-constatare-clasare-Belinchi.pdf\">Act de constatare (23 ianuarie 2014)<\/a><\/p>\n<div id=\"_appInstalled\"><\/div>\n<p><\/p>","protected":false},"excerpt":{"rendered":"<p>Aceast\u0103 sec\u021biune face obiect al public\u0103rii constat\u0103rile Comisiei Na\u021bionale de Integritate privind \u00eenc\u0103lcarea regimului juridic al\u00a0incompatibilit\u0103\u021bilor. \u00cen conformitate cu prevederile pct.55\u00a0 al Regulamentului Comisiei Na\u021bionale de Integritate, aprobat prin Legea [&hellip;]<\/p>\n","protected":false},"author":1,"featured_media":0,"parent":243,"menu_order":0,"comment_status":"open","ping_status":"open","template":"","meta":{"footnotes":"","_links_to":"","_links_to_target":""},"class_list":["post-898","page","type-page","status-publish","hentry"],"_links":{"self":[{"href":"https:\/\/old.cni.md\/index.php?rest_route=\/wp\/v2\/pages\/898","targetHints":{"allow":["GET"]}}],"collection":[{"href":"https:\/\/old.cni.md\/index.php?rest_route=\/wp\/v2\/pages"}],"about":[{"href":"https:\/\/old.cni.md\/index.php?rest_route=\/wp\/v2\/types\/page"}],"author":[{"embeddable":true,"href":"https:\/\/old.cni.md\/index.php?rest_route=\/wp\/v2\/users\/1"}],"replies":[{"embeddable":true,"href":"https:\/\/old.cni.md\/index.php?rest_route=%2Fwp%2Fv2%2Fcomments&post=898"}],"version-history":[{"count":52,"href":"https:\/\/old.cni.md\/index.php?rest_route=\/wp\/v2\/pages\/898\/revisions"}],"predecessor-version":[{"id":2656,"href":"https:\/\/old.cni.md\/index.php?rest_route=\/wp\/v2\/pages\/898\/revisions\/2656"}],"up":[{"embeddable":true,"href":"https:\/\/old.cni.md\/index.php?rest_route=\/wp\/v2\/pages\/243"}],"wp:attachment":[{"href":"https:\/\/old.cni.md\/index.php?rest_route=%2Fwp%2Fv2%2Fmedia&parent=898"}],"curies":[{"name":"wp","href":"https:\/\/api.w.org\/{rel}","templated":true}]}}